{"id":766365,"date":"2025-08-28T12:11:14","date_gmt":"2025-08-28T09:11:14","guid":{"rendered":"https:\/\/roveyayinevi.com.tr\/index.php\/urun\/on-sekizinci-yuzyil-ingiliz-edebiyati-1660-1789\/"},"modified":"2026-04-15T03:32:11","modified_gmt":"2026-04-15T00:32:11","slug":"on-sekizinci-yuzyil-ingiliz-edebiyati-1660-1789","status":"publish","type":"product","link":"https:\/\/roveyayinevi.com.tr\/index.php\/urun\/on-sekizinci-yuzyil-ingiliz-edebiyati-1660-1789\/","title":{"rendered":"On Sekizinci Y\u00fczy\u0131l \u0130ngiliz Edebiyat\u0131 1660-1789"},"content":{"rendered":"<p>Tristram Shandy bir roman m\u0131d\u0131r yoksa e\u011flenceli bir performans m\u0131? Pamela bo\u015f vaktini yaz\u0131 yazmak i\u00e7in kullanabiliyorken bo\u015f vakti olmayan i\u015f\u00e7i s\u0131n\u0131f\u0131 kad\u0131n ne zaman yaz\u0131 yazabilirdi? Orronoko ile Robinson Crouse hangi a\u00e7\u0131lardan birbirine benzerler? Bu kitap, bu t\u00fcr k\u0131\u015fk\u0131rt\u0131c\u0131 sorulara cevap ararken ayn\u0131 zamanda 18. y\u00fczy\u0131l edebiyat\u0131n\u0131 yeni okurlarla bulu\u015fturmay\u0131 hedefliyor. D\u00f6nemin \u00f6nemli eserleri, yazarlar\u0131 ve tart\u0131\u015fmalar\u0131n\u0131 tan\u0131t\u0131rken kronolojik bir inceleme yerine, kentle\u015fme, s\u00f6m\u00fcrgecilik, ticaretin yayg\u0131nla\u015fmas\u0131, kamusal alan\u0131n ortaya \u00e7\u0131k\u0131\u015f\u0131 ve toplumsal cinsiyet rollerindeki de\u011fi\u015fimlerin edebiyat \u00fczerindeki etkilerini inceliyor. 18. y\u00fczy\u0131l Britanya\u2019s\u0131nda kad\u0131nlar ilk kez sahneye \u00e7\u0131karken roman edebi piyasada \u00f6n safhaya ge\u00e7iyor, insanlar e\u015fitlik fikrini tart\u0131\u015fmaya ba\u015fl\u0131yorlar. Defoe, Swift ve Pope gibi kanonik yazarlar\u0131n yan\u0131nda, Charlotte Smith ve Olaudah Equiano gibi daha az bilinen isimlere de dikkat \u00e7eken bu kitap, Vak\u0131fBank K\u00fclt\u00fcr Yay\u0131nlar\u0131 etiketiyle hem \u00f6\u011frenciler hem de ara\u015ft\u0131rmac\u0131lar i\u00e7in e\u015fsiz bir ba\u015fvuru kayna\u011f\u0131 niteli\u011finde okurlar\u0131n\u0131 bekliyor. <\/p>\n","protected":false},"excerpt":{"rendered":"<p>Tristram Shandy bir roman m\u0131d\u0131r yoksa e\u011flenceli bir performans m\u0131? Pamela bo\u015f vaktini yaz\u0131 yazmak i\u00e7in kullanabiliyorken bo\u015f vakti olmayan i\u015f\u00e7i s\u0131n\u0131f\u0131 kad\u0131n ne zaman yaz\u0131<span class=\"excerpt-hellip\"> [\u2026]<\/span><\/p>\n","protected":false},"featured_media":0,"template":"","meta":{"_monsterinsights_skip_tracking":false,"_monsterinsights_sitenote_active":false,"_monsterinsights_sitenote_note":"","_monsterinsights_sitenote_category":0},"product_brand":[],"product_cat":[12291,12866],"product_tag":[],"class_list":{"0":"post-766365","1":"product","2":"type-product","3":"status-publish","5":"product_cat-edebiyat","6":"product_cat-ingiliz-edebiyati","7":"pa_cilt-ciltsiz","8":"pa_tur-kitap","9":"pa_yayinevi-vakifbank-kultur-yayinlari","10":"pa_yazar-charlotte-sussman","12":"first","13":"instock","14":"sale","15":"shipping-taxable","16":"purchasable","17":"product-type-simple"},"_links":{"self":[{"href":"https:\/\/roveyayinevi.com.tr\/index.php\/wp-json\/wp\/v2\/product\/766365","targetHints":{"allow":["GET"]}}],"collection":[{"href":"https:\/\/roveyayinevi.com.tr\/index.php\/wp-json\/wp\/v2\/product"}],"about":[{"href":"https:\/\/roveyayinevi.com.tr\/index.php\/wp-json\/wp\/v2\/types\/product"}],"wp:attachment":[{"href":"https:\/\/roveyayinevi.com.tr\/index.php\/wp-json\/wp\/v2\/media?parent=766365"}],"wp:term":[{"taxonomy":"product_brand","embeddable":true,"href":"https:\/\/roveyayinevi.com.tr\/index.php\/wp-json\/wp\/v2\/product_brand?post=766365"},{"taxonomy":"product_cat","embeddable":true,"href":"https:\/\/roveyayinevi.com.tr\/index.php\/wp-json\/wp\/v2\/product_cat?post=766365"},{"taxonomy":"product_tag","embeddable":true,"href":"https:\/\/roveyayinevi.com.tr\/index.php\/wp-json\/wp\/v2\/product_tag?post=766365"}],"curies":[{"name":"wp","href":"https:\/\/api.w.org\/{rel}","templated":true}]}}