{"id":766361,"date":"2025-08-28T12:11:06","date_gmt":"2025-08-28T09:11:06","guid":{"rendered":"https:\/\/roveyayinevi.com.tr\/index.php\/urun\/imkansiz-olu\/"},"modified":"2026-04-15T03:32:11","modified_gmt":"2026-04-15T00:32:11","slug":"imkansiz-olu","status":"publish","type":"product","link":"https:\/\/roveyayinevi.com.tr\/index.php\/urun\/imkansiz-olu\/","title":{"rendered":"\u0130mkans\u0131z \u00d6l\u00fc"},"content":{"rendered":"<p>Di\u011fer polisleri soru\u015fturan \u015eikayetler \u015eubesinde \u00e7al\u0131\u015fan Fox ve ekibi, g\u00f6revini k\u00f6t\u00fcye kullanmaktan su\u00e7lu bulunan dedektif Paul Carter\u2019la birlikte \u00e7al\u0131\u015fan Kirkcaldy kasabas\u0131ndaki di\u011fer polislerin temiz olup olmad\u0131\u011f\u0131n\u0131 ara\u015ft\u0131rmak \u00fczere bir soru\u015fturmaya atan\u0131r. Ancak basit gibi g\u00f6r\u00fcnen bu vaka, k\u0131sa s\u00fcrede vah\u015fi bir cinayet ve hi\u00e7 var olmamas\u0131 gereken bir silahla y\u00f6n de\u011fi\u015ftirip cinayet soru\u015fturmas\u0131na d\u00f6n\u00fc\u015f\u00fcr. \u0130zini s\u00fcrd\u00fc\u011f\u00fc ipu\u00e7lar\u0131 Fox&#8217;u, h\u00fck\u00fcmet binalar\u0131na sald\u0131r\u0131lar\u0131n d\u00fczenlendi\u011fi, ka\u00e7\u0131r\u0131lma ve cinayetlerle dolu bir d\u00f6neme g\u00f6t\u00fcr\u00fcr. Malcolm Fox, cinayetleri \u00e7\u00f6zmek i\u00e7in ge\u00e7mi\u015fin izini s\u00fcrmek, karanl\u0131k s\u0131rlar\u0131 a\u00e7\u0131\u011fa \u00e7\u0131karmak zorundad\u0131r. \u201c\u0130mk\u00e2ns\u0131z \u00d6l\u00fc, gerilim dolu, s\u00fcr\u00fckleyici ve son derece tatmin edici bir roman, haf\u0131zan\u0131n s\u0131n\u0131rlar\u0131 ve tarihsel idealizmin tehlikeleri \u00fczerine s\u00f6yleyecek \u00e7ok \u015feyi var.\u201d \u2013The Guardian \u201cBu, sade ve ba\u011f\u0131ml\u0131l\u0131k yap\u0131c\u0131 bir hik\u00e2ye, Rebus hayranlar\u0131 daha fazlas\u0131n\u0131 okumak isteyecek.\u201d \u2013The Washington Post <\/p>\n","protected":false},"excerpt":{"rendered":"<p>Di\u011fer polisleri soru\u015fturan \u015eikayetler \u015eubesinde \u00e7al\u0131\u015fan Fox ve ekibi, g\u00f6revini k\u00f6t\u00fcye kullanmaktan su\u00e7lu bulunan dedektif Paul Carter\u2019la birlikte \u00e7al\u0131\u015fan Kirkcaldy kasabas\u0131ndaki di\u011fer polislerin temiz olup olmad\u0131\u011f\u0131n\u0131<span class=\"excerpt-hellip\"> [\u2026]<\/span><\/p>\n","protected":false},"featured_media":0,"template":"","meta":{"_monsterinsights_skip_tracking":false,"_monsterinsights_sitenote_active":false,"_monsterinsights_sitenote_note":"","_monsterinsights_sitenote_category":0},"product_brand":[],"product_cat":[12291,12711],"product_tag":[],"class_list":{"0":"post-766361","1":"product","2":"type-product","3":"status-publish","5":"product_cat-edebiyat","6":"product_cat-roman-oyku","7":"pa_cilt-ciltsiz","8":"pa_tur-kitap","9":"pa_yayinevi-alfa-yayinlari","10":"pa_yazar-ian-rankin","12":"first","13":"instock","14":"sale","15":"shipping-taxable","16":"purchasable","17":"product-type-simple"},"_links":{"self":[{"href":"https:\/\/roveyayinevi.com.tr\/index.php\/wp-json\/wp\/v2\/product\/766361","targetHints":{"allow":["GET"]}}],"collection":[{"href":"https:\/\/roveyayinevi.com.tr\/index.php\/wp-json\/wp\/v2\/product"}],"about":[{"href":"https:\/\/roveyayinevi.com.tr\/index.php\/wp-json\/wp\/v2\/types\/product"}],"wp:attachment":[{"href":"https:\/\/roveyayinevi.com.tr\/index.php\/wp-json\/wp\/v2\/media?parent=766361"}],"wp:term":[{"taxonomy":"product_brand","embeddable":true,"href":"https:\/\/roveyayinevi.com.tr\/index.php\/wp-json\/wp\/v2\/product_brand?post=766361"},{"taxonomy":"product_cat","embeddable":true,"href":"https:\/\/roveyayinevi.com.tr\/index.php\/wp-json\/wp\/v2\/product_cat?post=766361"},{"taxonomy":"product_tag","embeddable":true,"href":"https:\/\/roveyayinevi.com.tr\/index.php\/wp-json\/wp\/v2\/product_tag?post=766361"}],"curies":[{"name":"wp","href":"https:\/\/api.w.org\/{rel}","templated":true}]}}