{"id":766356,"date":"2025-08-28T12:10:55","date_gmt":"2025-08-28T09:10:55","guid":{"rendered":"https:\/\/roveyayinevi.com.tr\/index.php\/urun\/cadilarin-cenneti-4\/"},"modified":"2026-04-15T03:32:11","modified_gmt":"2026-04-15T00:32:11","slug":"cadilarin-cenneti-4","status":"publish","type":"product","link":"https:\/\/roveyayinevi.com.tr\/index.php\/urun\/cadilarin-cenneti-4\/","title":{"rendered":"Cad\u0131lar\u0131n Cenneti 4"},"content":{"rendered":"<p>Do\u011fan\u0131n terk etti\u011fi bir d\u00fcnyada insanl\u0131\u011f\u0131n tek umudu cad\u0131lard\u0131r! Yaralanan arkada\u015f\u0131 Karen\u2019i kurtarmak isteyen Pilly, kendisine seslenen Amur\u2019un sesini takip eder. Amur\u2019a yakla\u015ft\u0131\u011f\u0131nda ise kar\u015f\u0131s\u0131na gizemli bir Pagan \u00e7\u0131kar. Pagan, Pilly\u2019nin Amurlar ile ilgilenmesi kar\u015f\u0131l\u0131\u011f\u0131nda, Karen iyile\u015fene kadar onun yan\u0131nda kalmalar\u0131na izin verir. Kendine gelen Karen, Pagan\u2019\u0131n cad\u0131lara du\u0308\u015fman oldu\u011fu konusunda \u0131srar eder ancak Pagan\u2019\u0131n \u00e7ok daha farkl\u0131 bir hik\u00e2yesi vard\u0131r&#8230; Pilly, Oak ve Karen tekrar Cennet\u2019e do\u011fru yola \u00e7\u0131karlar fakat tehlike \u00e7ok yak\u0131nda beklemektedir&#8230; Bu kar\u015f\u0131la\u015fmadan sa\u011f \u00e7\u0131k\u0131p yolculuklar\u0131na devam etmeyi ba\u015farabilecekler midir? \u0130nce ve narin \u00e7izgisiyle Yumeji, kara fantastik du\u0308nyas\u0131na \u015fiirsel bir imza at\u0131yor! Felakete u\u011fram\u0131\u015f bir du\u0308nyada Pilly, insanlar ve bitkiler aras\u0131ndaki mu\u0308cadelenin tam ortas\u0131nda bir maceraya at\u0131l\u0131yor. <\/p>\n","protected":false},"excerpt":{"rendered":"<p>Do\u011fan\u0131n terk etti\u011fi bir d\u00fcnyada insanl\u0131\u011f\u0131n tek umudu cad\u0131lard\u0131r! Yaralanan arkada\u015f\u0131 Karen\u2019i kurtarmak isteyen Pilly, kendisine seslenen Amur\u2019un sesini takip eder. Amur\u2019a yakla\u015ft\u0131\u011f\u0131nda ise kar\u015f\u0131s\u0131na gizemli<span class=\"excerpt-hellip\"> [\u2026]<\/span><\/p>\n","protected":false},"featured_media":0,"template":"","meta":{"_monsterinsights_skip_tracking":false,"_monsterinsights_sitenote_active":false,"_monsterinsights_sitenote_note":"","_monsterinsights_sitenote_category":0},"product_brand":[],"product_cat":[12416,12291],"product_tag":[],"class_list":{"0":"post-766356","1":"product","2":"type-product","3":"status-publish","5":"product_cat-cizgi-roman","6":"product_cat-edebiyat","7":"pa_cilt-ciltsiz","8":"pa_tur-kitap","9":"pa_yayinevi-athica-yayinlari","10":"pa_yazar-yumeji","12":"first","13":"instock","14":"sale","15":"shipping-taxable","16":"purchasable","17":"product-type-simple"},"_links":{"self":[{"href":"https:\/\/roveyayinevi.com.tr\/index.php\/wp-json\/wp\/v2\/product\/766356","targetHints":{"allow":["GET"]}}],"collection":[{"href":"https:\/\/roveyayinevi.com.tr\/index.php\/wp-json\/wp\/v2\/product"}],"about":[{"href":"https:\/\/roveyayinevi.com.tr\/index.php\/wp-json\/wp\/v2\/types\/product"}],"wp:attachment":[{"href":"https:\/\/roveyayinevi.com.tr\/index.php\/wp-json\/wp\/v2\/media?parent=766356"}],"wp:term":[{"taxonomy":"product_brand","embeddable":true,"href":"https:\/\/roveyayinevi.com.tr\/index.php\/wp-json\/wp\/v2\/product_brand?post=766356"},{"taxonomy":"product_cat","embeddable":true,"href":"https:\/\/roveyayinevi.com.tr\/index.php\/wp-json\/wp\/v2\/product_cat?post=766356"},{"taxonomy":"product_tag","embeddable":true,"href":"https:\/\/roveyayinevi.com.tr\/index.php\/wp-json\/wp\/v2\/product_tag?post=766356"}],"curies":[{"name":"wp","href":"https:\/\/api.w.org\/{rel}","templated":true}]}}