{"id":766354,"date":"2025-08-28T12:10:52","date_gmt":"2025-08-28T09:10:52","guid":{"rendered":"https:\/\/roveyayinevi.com.tr\/index.php\/urun\/alevlere-fisildayan-kadinlar\/"},"modified":"2026-04-15T03:32:11","modified_gmt":"2026-04-15T00:32:11","slug":"alevlere-fisildayan-kadinlar","status":"publish","type":"product","link":"https:\/\/roveyayinevi.com.tr\/index.php\/urun\/alevlere-fisildayan-kadinlar\/","title":{"rendered":"Alevlere F\u0131s\u0131ldayan Kad\u0131nlar"},"content":{"rendered":"<p>BANA G\u00d6RE CADI,  SEZG\u0130LER\u0130N\u0130N  EYLEMLER\u0130N\u0130  KONTROL ETMES\u0130NE  \u0130Z\u0130N VEREB\u0130LEN,  \u00c7EVRESIYLE  \u0130LET\u0130S\u0130M KURAN VE  ZORLUKLARLA  Y\u00dcZLESMEKTEN  KORKMAYAN  B\u0130R KADINDIR.     Lucy H. Pearce&#8217;in Amazonun en \u00e7ok  satanlar listesinde yer alan bu kitab1  tarihin karanl\u0131k k\u00f6\u015felerine itilmi\u015f,  yak\u0131lm\u0131\u015f ve susturulmu\u015f kad\u0131nlar\u0131n  sesini alevler gibi y\u00fckseltiyor. \u015eifa ve  d\u00f6n\u00fc\u015f\u00fcm i\u00e7in ataerkil toplumun  bask\u0131lar\u0131yla pasifize edilmi\u015f di\u015fil  enerjiyi geri \u00e7a\u011f\u0131r\u0131yor.Ge\u00e7mi\u015fin &#8220;yanan kad\u0131nlar&#8221; arketipini  -Jeanne d&#8217;Arc&#8217;tan cad\u0131 avlar\u0131na hatta  g\u00fcn\u00fcm\u00fczde kad\u0131nlar\u0131n siber zorbal\u0131k,  asit sald\u0131r\u0131lar\u0131 ve a\u015fa\u011f\u0131lanma yoluyla  nas\u0131l yak\u0131ld\u0131\u011f\u0131na kadar  kapsaml\u0131 bir  \u015fekilde ortaya koyuyor. Feminen g\u00fcc\u00fcn  k\u00f6klerini cesurca ara\u015ft\u0131rarak, bunun  tan\u0131m\u0131n\u0131, nas\u0131l kontrol edildi\u011fini ve  neden modern zamanlarda serbest  b\u0131rak\u0131lmas\u0131 gerekti\u011fini irdeliyor.  Bu kitap her kad\u0131n\u0131n, i\u00e7indeki  yarat\u0131c\u0131, d\u00f6n\u00fc\u015ft\u00fcr\u00fcc\u00fc ve \u00f6zg\u00fcr ruhu  a\u00e7\u0131\u011fa \u00e7\u0131karabilmesi ad\u0131na yaz\u0131ld\u0131.  Kendi i\u00e7sel ate\u015fini bulmaya ve bu ate\u015fi  d\u00fcnyay\u0131 de\u011fi\u015ftirmek i\u00e7in kullanmaya  haz\u0131r olan kad\u0131nlara ilham verecek bir  manifesto.   <\/p>\n","protected":false},"excerpt":{"rendered":"<p>BANA G\u00d6RE CADI, SEZG\u0130LER\u0130N\u0130N EYLEMLER\u0130N\u0130 KONTROL ETMES\u0130NE \u0130Z\u0130N VEREB\u0130LEN, \u00c7EVRESIYLE \u0130LET\u0130S\u0130M KURAN VE ZORLUKLARLA Y\u00dcZLESMEKTEN KORKMAYAN B\u0130R KADINDIR. Lucy H. Pearce&#8217;in Amazonun en \u00e7ok satanlar listesinde<span class=\"excerpt-hellip\"> [\u2026]<\/span><\/p>\n","protected":false},"featured_media":0,"template":"","meta":{"_monsterinsights_skip_tracking":false,"_monsterinsights_sitenote_active":false,"_monsterinsights_sitenote_note":"","_monsterinsights_sitenote_category":0},"product_brand":[],"product_cat":[12364,12376],"product_tag":[],"class_list":{"0":"post-766354","1":"product","2":"type-product","3":"status-publish","5":"product_cat-genel-konular","6":"product_cat-kisisel-gelisim","7":"pa_cilt-ciltsiz","8":"pa_tur-kitap","9":"pa_yayinevi-destek-yayinlari","10":"pa_yazar-lucy-h-pearce","12":"first","13":"instock","14":"sale","15":"shipping-taxable","16":"purchasable","17":"product-type-simple"},"_links":{"self":[{"href":"https:\/\/roveyayinevi.com.tr\/index.php\/wp-json\/wp\/v2\/product\/766354","targetHints":{"allow":["GET"]}}],"collection":[{"href":"https:\/\/roveyayinevi.com.tr\/index.php\/wp-json\/wp\/v2\/product"}],"about":[{"href":"https:\/\/roveyayinevi.com.tr\/index.php\/wp-json\/wp\/v2\/types\/product"}],"wp:attachment":[{"href":"https:\/\/roveyayinevi.com.tr\/index.php\/wp-json\/wp\/v2\/media?parent=766354"}],"wp:term":[{"taxonomy":"product_brand","embeddable":true,"href":"https:\/\/roveyayinevi.com.tr\/index.php\/wp-json\/wp\/v2\/product_brand?post=766354"},{"taxonomy":"product_cat","embeddable":true,"href":"https:\/\/roveyayinevi.com.tr\/index.php\/wp-json\/wp\/v2\/product_cat?post=766354"},{"taxonomy":"product_tag","embeddable":true,"href":"https:\/\/roveyayinevi.com.tr\/index.php\/wp-json\/wp\/v2\/product_tag?post=766354"}],"curies":[{"name":"wp","href":"https:\/\/api.w.org\/{rel}","templated":true}]}}