{"id":766353,"date":"2025-08-28T12:10:51","date_gmt":"2025-08-28T09:10:51","guid":{"rendered":"https:\/\/roveyayinevi.com.tr\/index.php\/urun\/yeni-menopoz\/"},"modified":"2026-04-15T03:32:11","modified_gmt":"2026-04-15T00:32:11","slug":"yeni-menopoz","status":"publish","type":"product","link":"https:\/\/roveyayinevi.com.tr\/index.php\/urun\/yeni-menopoz\/","title":{"rendered":"Yeni Menopoz"},"content":{"rendered":"<p>Kendinizi yeniden yarat\u0131n!   Doktorum bana menopoza girdi\u011fimi s\u00f6yledi\u011finde donup kald\u0131m. Annemin menopoz s\u00fcrecinde oldu\u011fundan \u00e7ok farkl\u0131yd\u0131m. Daha gen\u00e7tim sanki&#8230; Aynadaki g\u00f6r\u00fcnt\u00fcmle i\u00e7inde bulundu\u011fum durum \u00e7eli\u015fiyordu&#8230; Peki \u015fimdi oyun bitiyor muydu? Tabii ki hay\u0131r! Hatta ke\u015fke biri bana ikinci perdenin daha da e\u011flenceli oldu\u011funu s\u00f6yleseydi. \u0130\u015fte bu kitap, tam da bunun i\u00e7in yaz\u0131ld\u0131. Bana s\u00f6ylenmeyenleri size s\u00f6ylemek i\u00e7in&#8230; \u00c7\u00fcnk\u00fc asl\u0131nda gen\u00e7li\u011finizi bug\u00fcnk\u00fc bilgeli\u011finizin \u0131\u015f\u0131\u011f\u0131nda sa\u011fl\u0131kla ve sevdiklerinizle ge\u00e7irebilme \u015fans\u0131n\u0131z var. Bedenen, ruhen, zihnen haz\u0131rlanarak do\u011fru beslenme ve egzersiz sayesinde bu s\u00fcreci daha do\u011fru y\u00f6netti\u011finizi g\u00f6receksiniz. Hayata kald\u0131\u011f\u0131n\u0131z yerden daha merakl\u0131 ve daha dingin bir kad\u0131n olarak devam edeceksiniz. Sahip oldu\u011funuz di\u011fer mucizevi g\u00fc\u00e7leri ke\u015ffedeceksiniz. Benim bu kitab\u0131 yazma amac\u0131m menopoz d\u00f6neminin, bilinciniz \u00f6l\u00e7\u00fcs\u00fcnde sa\u011fl\u0131kl\u0131 ve g\u00fc\u00e7l\u00fc atlat\u0131labilece\u011fini g\u00f6stermekti. Siz de okurken daha mutlu, enerjik ve dengeli bir kad\u0131n olarak gen\u00e7li\u011finize yeniden ad\u0131m atabilece\u011finizi fark edeceksiniz. <\/p>\n","protected":false},"excerpt":{"rendered":"<p>Kendinizi yeniden yarat\u0131n! Doktorum bana menopoza girdi\u011fimi s\u00f6yledi\u011finde donup kald\u0131m. Annemin menopoz s\u00fcrecinde oldu\u011fundan \u00e7ok farkl\u0131yd\u0131m. Daha gen\u00e7tim sanki&#8230; Aynadaki g\u00f6r\u00fcnt\u00fcmle i\u00e7inde bulundu\u011fum durum \u00e7eli\u015fiyordu&#8230; Peki<span class=\"excerpt-hellip\"> [\u2026]<\/span><\/p>\n","protected":false},"featured_media":0,"template":"","meta":{"_monsterinsights_skip_tracking":false,"_monsterinsights_sitenote_active":false,"_monsterinsights_sitenote_note":"","_monsterinsights_sitenote_category":0},"product_brand":[],"product_cat":[12364,12376],"product_tag":[],"class_list":{"0":"post-766353","1":"product","2":"type-product","3":"status-publish","5":"product_cat-genel-konular","6":"product_cat-kisisel-gelisim","7":"pa_cilt-ciltsiz","8":"pa_tur-kitap","9":"pa_yayinevi-destek-yayinlari","10":"pa_yazar-pelin-bozkurt-bilgic","12":"first","13":"instock","14":"sale","15":"shipping-taxable","16":"purchasable","17":"product-type-simple"},"_links":{"self":[{"href":"https:\/\/roveyayinevi.com.tr\/index.php\/wp-json\/wp\/v2\/product\/766353","targetHints":{"allow":["GET"]}}],"collection":[{"href":"https:\/\/roveyayinevi.com.tr\/index.php\/wp-json\/wp\/v2\/product"}],"about":[{"href":"https:\/\/roveyayinevi.com.tr\/index.php\/wp-json\/wp\/v2\/types\/product"}],"wp:attachment":[{"href":"https:\/\/roveyayinevi.com.tr\/index.php\/wp-json\/wp\/v2\/media?parent=766353"}],"wp:term":[{"taxonomy":"product_brand","embeddable":true,"href":"https:\/\/roveyayinevi.com.tr\/index.php\/wp-json\/wp\/v2\/product_brand?post=766353"},{"taxonomy":"product_cat","embeddable":true,"href":"https:\/\/roveyayinevi.com.tr\/index.php\/wp-json\/wp\/v2\/product_cat?post=766353"},{"taxonomy":"product_tag","embeddable":true,"href":"https:\/\/roveyayinevi.com.tr\/index.php\/wp-json\/wp\/v2\/product_tag?post=766353"}],"curies":[{"name":"wp","href":"https:\/\/api.w.org\/{rel}","templated":true}]}}