{"id":766352,"date":"2025-08-28T12:10:49","date_gmt":"2025-08-28T09:10:49","guid":{"rendered":"https:\/\/roveyayinevi.com.tr\/index.php\/urun\/kokularin-gucu-adina\/"},"modified":"2026-04-15T03:32:11","modified_gmt":"2026-04-15T00:32:11","slug":"kokularin-gucu-adina","status":"publish","type":"product","link":"https:\/\/roveyayinevi.com.tr\/index.php\/urun\/kokularin-gucu-adina\/","title":{"rendered":"Kokular\u0131n G\u00fcc\u00fc Ad\u0131na"},"content":{"rendered":"<p>Do\u011fan\u0131n sundu\u011fu e\u015fsiz hediyelerle \u015fifa bulmaya haz\u0131r m\u0131s\u0131n\u0131z? Y\u00fczy\u0131llard\u0131r farkl\u0131 k\u00fclt\u00fcrlerde kullan\u0131lan mucizevi ya\u011flar\u0131n her biri, fiziksel sa\u011fl\u0131ktan duygusal dengeye, zihinsel berrakl\u0131ktan ruhsal huzura kadar geni\u015f bir yelpazede fayda sa\u011fl\u0131yor. Do\u011fan\u0131n sessiz ama g\u00fc\u00e7l\u00fc \u015fifas\u0131n\u0131 hayat\u0131n\u0131za dahil edin, sa\u011fl\u0131\u011f\u0131n\u0131z\u0131 ve huzurunuzu geri kazan\u0131n. Do\u011fan\u0131n mucizevi g\u00fc\u00e7lerinden ilham alarak yaz\u0131lan bu kitap, beden, zihin ve duygular \u00fczerindeki \u015fifal\u0131 etkileri ke\u015ffetmeniz i\u00e7in sizi bir yolculu\u011fa davet ediyor. Uzman Eczac\u0131 ve Aromaterapi Uzman\u0131 H\u00fclya Kayhan, u\u00e7ucu ya\u011flar\u0131n kadim bilgeli\u011fini modern bilimle harmanlayarak, her bir ya\u011f\u0131n nas\u0131l \u00e7al\u0131\u015ft\u0131\u011f\u0131n\u0131 ve hangi alanlarda fayda sa\u011flayabilece\u011fini sade ve anla\u015f\u0131l\u0131r bir dille sunuyor. Her sayfas\u0131nda sizi iyile\u015ftirici bir yolculu\u011fa \u00e7\u0131karacak olan bu eser, do\u011fal sa\u011fl\u0131k aray\u0131\u015f\u0131nda olanlar i\u00e7in vazge\u00e7ilmez bir rehber olacak. Hayat\u0131n\u0131za sa\u011fl\u0131k, huzur ve mutluluk katmak i\u00e7in do\u011fan\u0131n \u015fifas\u0131na kulak verin. <\/p>\n","protected":false},"excerpt":{"rendered":"<p>Do\u011fan\u0131n sundu\u011fu e\u015fsiz hediyelerle \u015fifa bulmaya haz\u0131r m\u0131s\u0131n\u0131z? Y\u00fczy\u0131llard\u0131r farkl\u0131 k\u00fclt\u00fcrlerde kullan\u0131lan mucizevi ya\u011flar\u0131n her biri, fiziksel sa\u011fl\u0131ktan duygusal dengeye, zihinsel berrakl\u0131ktan ruhsal huzura kadar geni\u015f<span class=\"excerpt-hellip\"> [\u2026]<\/span><\/p>\n","protected":false},"featured_media":0,"template":"","meta":{"_monsterinsights_skip_tracking":false,"_monsterinsights_sitenote_active":false,"_monsterinsights_sitenote_note":"","_monsterinsights_sitenote_category":0},"product_brand":[],"product_cat":[13366,13365],"product_tag":[],"class_list":{"0":"post-766352","1":"product","2":"type-product","3":"status-publish","5":"product_cat-diger-saglik","6":"product_cat-saglik","7":"pa_cilt-ciltsiz","8":"pa_tur-kitap","9":"pa_yayinevi-destek-yayinlari","10":"pa_yazar-hulya-kayhan","12":"first","13":"instock","14":"sale","15":"shipping-taxable","16":"purchasable","17":"product-type-simple"},"_links":{"self":[{"href":"https:\/\/roveyayinevi.com.tr\/index.php\/wp-json\/wp\/v2\/product\/766352","targetHints":{"allow":["GET"]}}],"collection":[{"href":"https:\/\/roveyayinevi.com.tr\/index.php\/wp-json\/wp\/v2\/product"}],"about":[{"href":"https:\/\/roveyayinevi.com.tr\/index.php\/wp-json\/wp\/v2\/types\/product"}],"wp:attachment":[{"href":"https:\/\/roveyayinevi.com.tr\/index.php\/wp-json\/wp\/v2\/media?parent=766352"}],"wp:term":[{"taxonomy":"product_brand","embeddable":true,"href":"https:\/\/roveyayinevi.com.tr\/index.php\/wp-json\/wp\/v2\/product_brand?post=766352"},{"taxonomy":"product_cat","embeddable":true,"href":"https:\/\/roveyayinevi.com.tr\/index.php\/wp-json\/wp\/v2\/product_cat?post=766352"},{"taxonomy":"product_tag","embeddable":true,"href":"https:\/\/roveyayinevi.com.tr\/index.php\/wp-json\/wp\/v2\/product_tag?post=766352"}],"curies":[{"name":"wp","href":"https:\/\/api.w.org\/{rel}","templated":true}]}}