{"id":766351,"date":"2025-08-28T12:10:48","date_gmt":"2025-08-28T09:10:48","guid":{"rendered":"https:\/\/roveyayinevi.com.tr\/index.php\/urun\/tasavvufun-bilinmeyenleri-ve-gizli-ogretileri\/"},"modified":"2026-04-15T03:32:11","modified_gmt":"2026-04-15T00:32:11","slug":"tasavvufun-bilinmeyenleri-ve-gizli-ogretileri","status":"publish","type":"product","link":"https:\/\/roveyayinevi.com.tr\/index.php\/urun\/tasavvufun-bilinmeyenleri-ve-gizli-ogretileri\/","title":{"rendered":"Tasavvufun Bilinmeyenleri ve Gizli \u00d6\u011fretileri"},"content":{"rendered":"<p>HAK\u0130KAT\u0130N G\u00d6LGES\u0130NDE SAKLANAN SIRLAR BU K\u0130TAPLA A\u00c7I\u011eA \u00c7IKIYOR&#8230;   Tasavvuf\u2019un Bilinmeyenleri ve Gizli \u00d6\u011fretileri sizin i\u00e7in s\u0131rlar kap\u0131s\u0131n\u0131 aral\u0131yor. Burada g\u00f6rd\u00fc\u011f\u00fcn\u00fcz her sembol, duydu\u011funuz her kavram asl\u0131nda gizlenmi\u015f bir hakikatin izini ta\u015f\u0131yor.   Bu, ilahi a\u015fka adanm\u0131\u015flar, yaln\u0131zca i\u00e7sel olgunlu\u011fa ula\u015fabilenler i\u00e7in derin bir \u00e2lem&#8230;   Mesud Topal sizi \u0130slam tasavvufunun gizemli katmanlar\u0131na inerek b\u00fcy\u00fck mutasavv\u0131flar\u0131n s\u0131rlar\u0131yla y\u00fczle\u015fmeye davet ediyor. Yaln\u0131zca nefsine h\u00e2kim olup ac\u0131yla, teslimiyetle, sab\u0131rla, ilahi huzurla d\u00f6\u015fenmi\u015f bu yola \u00e7\u0131kabilenlerin eri\u015fti\u011fi bir \u201cb\u00fcy\u00fck hakikatle\u201d bulu\u015fmaya \u00e7a\u011f\u0131r\u0131yor.   Bu kitaba dokunmak cesaret istiyor. Gizli \u00f6\u011fretiler ve insan ruhunu ayd\u0131nlatan g\u00f6n\u00fcllere m\u00fch\u00fcrlenmi\u015f kadim bilgilerin izinde hakikati \u00f6\u011frenmeye haz\u0131r m\u0131s\u0131n\u0131z? <\/p>\n","protected":false},"excerpt":{"rendered":"<p>HAK\u0130KAT\u0130N G\u00d6LGES\u0130NDE SAKLANAN SIRLAR BU K\u0130TAPLA A\u00c7I\u011eA \u00c7IKIYOR&#8230; Tasavvuf\u2019un Bilinmeyenleri ve Gizli \u00d6\u011fretileri sizin i\u00e7in s\u0131rlar kap\u0131s\u0131n\u0131 aral\u0131yor. Burada g\u00f6rd\u00fc\u011f\u00fcn\u00fcz her sembol, duydu\u011funuz her kavram asl\u0131nda<span class=\"excerpt-hellip\"> [\u2026]<\/span><\/p>\n","protected":false},"featured_media":0,"template":"","meta":{"_monsterinsights_skip_tracking":false,"_monsterinsights_sitenote_active":false,"_monsterinsights_sitenote_note":"","_monsterinsights_sitenote_category":0},"product_brand":[],"product_cat":[12718,12719,15238],"product_tag":[],"class_list":{"0":"post-766351","1":"product","2":"type-product","3":"status-publish","5":"product_cat-din","6":"product_cat-islam","7":"product_cat-tasavvuf","8":"pa_cilt-ciltsiz","9":"pa_tur-kitap","10":"pa_yayinevi-destek-yayinlari","11":"pa_yazar-mesud-topal","13":"first","14":"instock","15":"sale","16":"shipping-taxable","17":"purchasable","18":"product-type-simple"},"_links":{"self":[{"href":"https:\/\/roveyayinevi.com.tr\/index.php\/wp-json\/wp\/v2\/product\/766351","targetHints":{"allow":["GET"]}}],"collection":[{"href":"https:\/\/roveyayinevi.com.tr\/index.php\/wp-json\/wp\/v2\/product"}],"about":[{"href":"https:\/\/roveyayinevi.com.tr\/index.php\/wp-json\/wp\/v2\/types\/product"}],"wp:attachment":[{"href":"https:\/\/roveyayinevi.com.tr\/index.php\/wp-json\/wp\/v2\/media?parent=766351"}],"wp:term":[{"taxonomy":"product_brand","embeddable":true,"href":"https:\/\/roveyayinevi.com.tr\/index.php\/wp-json\/wp\/v2\/product_brand?post=766351"},{"taxonomy":"product_cat","embeddable":true,"href":"https:\/\/roveyayinevi.com.tr\/index.php\/wp-json\/wp\/v2\/product_cat?post=766351"},{"taxonomy":"product_tag","embeddable":true,"href":"https:\/\/roveyayinevi.com.tr\/index.php\/wp-json\/wp\/v2\/product_tag?post=766351"}],"curies":[{"name":"wp","href":"https:\/\/api.w.org\/{rel}","templated":true}]}}