{"id":766350,"date":"2025-08-28T12:10:46","date_gmt":"2025-08-28T09:10:46","guid":{"rendered":"https:\/\/roveyayinevi.com.tr\/index.php\/urun\/batini-gelenek\/"},"modified":"2026-04-15T03:32:11","modified_gmt":"2026-04-15T00:32:11","slug":"batini-gelenek","status":"publish","type":"product","link":"https:\/\/roveyayinevi.com.tr\/index.php\/urun\/batini-gelenek\/","title":{"rendered":"Bat\u0131ni Gelenek"},"content":{"rendered":"<p>B\u0130Z KIRKA YAKIN FARKLI K\u00dcLT\u00dcR\u00dc B\u00dcNYES\u0130NDE BARINDIRAN ANADOLU \u0130NSANIYIZ. ANADOLU, DO\u011eU VE BATI UYGARLIKLARININ B\u0130R ARAYA GELD\u0130\u011e\u0130 B\u0130R KAV\u015eAKTIR.   Bat\u0131 s\u00f6ylemi, d\u00fc\u015f\u00fcnce disiplinlerini kendi yorumlar\u0131yla s\u0131n\u0131rlamakta ve g\u00fcn\u00fcm\u00fcz d\u00fcnyas\u0131nda ancak buna ba\u011fl\u0131 bir \u00f6\u011frenme olabilece\u011fini, di\u011fer uluslar\u0131n kendi i\u00e7yap\u0131lar\u0131ndan kendi disiplinlerini \u00e7\u0131karamayacaklar\u0131n\u0131 ileri s\u00fcrmektedir. Bu kitapta okuyacaklar\u0131n\u0131z, Bat\u0131 d\u00fc\u015f\u00fcnce disiplinlerinin olu\u015fturdu\u011fu bu t\u00fcr duvarlara kar\u015f\u0131 bir ele\u015ftiri niteli\u011fi ta\u015f\u0131maktad\u0131r. Bat\u0131ni Gelenek, kavramsal bir yolculu\u011fu izleyerek Bat\u0131\u2019n\u0131n kendi d\u00fc\u015f\u00fcnce disiplinleri i\u00e7in koydu\u011fu ba\u015flang\u0131\u00e7 noktas\u0131 olan Antik Yunan uygarl\u0131\u011f\u0131ndan geriye do\u011fru gidiyor. Antik M\u0131s\u0131r\u2019da ezoterik\/bat\u0131ni hermetik \u00f6\u011fretinin uyguland\u0131\u011f\u0131 zamanlardaki \u201cayd\u0131nlanma\u201d \u00e7al\u0131\u015fmalar\u0131ndan yola koyuluyor. Oradan Do\u011fu d\u00fcnyas\u0131na, Tibet, Hindistan, \u00c7in ve \u0130ran\u2019a uzan\u0131p, tap\u0131nak i\u00e7lerine s\u0131z\u0131yor. T\u00fcrklerin ge\u00e7mi\u015fine giderek, okuru s\u00fcr\u00fckleyici bir yolculukla Anadolu\u2019ya getiriyor. Tarih bilinciyle, k\u00fclt\u00fcrel kimli\u011fi yeniden kurarak, buradan hareketle evrensel insan olman\u0131n onuruna dikkat \u00e7ekiyor. <\/p>\n","protected":false},"excerpt":{"rendered":"<p>B\u0130Z KIRKA YAKIN FARKLI K\u00dcLT\u00dcR\u00dc B\u00dcNYES\u0130NDE BARINDIRAN ANADOLU \u0130NSANIYIZ. ANADOLU, DO\u011eU VE BATI UYGARLIKLARININ B\u0130R ARAYA GELD\u0130\u011e\u0130 B\u0130R KAV\u015eAKTIR. Bat\u0131 s\u00f6ylemi, d\u00fc\u015f\u00fcnce disiplinlerini kendi yorumlar\u0131yla s\u0131n\u0131rlamakta<span class=\"excerpt-hellip\"> [\u2026]<\/span><\/p>\n","protected":false},"featured_media":0,"template":"","meta":{"_monsterinsights_skip_tracking":false,"_monsterinsights_sitenote_active":false,"_monsterinsights_sitenote_note":"","_monsterinsights_sitenote_category":0},"product_brand":[],"product_cat":[12718,12719,15238],"product_tag":[],"class_list":{"0":"post-766350","1":"product","2":"type-product","3":"status-publish","5":"product_cat-din","6":"product_cat-islam","7":"product_cat-tasavvuf","8":"pa_cilt-ciltsiz","9":"pa_tur-kitap","10":"pa_yayinevi-destek-yayinlari","11":"pa_yazar-metin-bobaroglu","13":"first","14":"instock","15":"sale","16":"shipping-taxable","17":"purchasable","18":"product-type-simple"},"_links":{"self":[{"href":"https:\/\/roveyayinevi.com.tr\/index.php\/wp-json\/wp\/v2\/product\/766350","targetHints":{"allow":["GET"]}}],"collection":[{"href":"https:\/\/roveyayinevi.com.tr\/index.php\/wp-json\/wp\/v2\/product"}],"about":[{"href":"https:\/\/roveyayinevi.com.tr\/index.php\/wp-json\/wp\/v2\/types\/product"}],"wp:attachment":[{"href":"https:\/\/roveyayinevi.com.tr\/index.php\/wp-json\/wp\/v2\/media?parent=766350"}],"wp:term":[{"taxonomy":"product_brand","embeddable":true,"href":"https:\/\/roveyayinevi.com.tr\/index.php\/wp-json\/wp\/v2\/product_brand?post=766350"},{"taxonomy":"product_cat","embeddable":true,"href":"https:\/\/roveyayinevi.com.tr\/index.php\/wp-json\/wp\/v2\/product_cat?post=766350"},{"taxonomy":"product_tag","embeddable":true,"href":"https:\/\/roveyayinevi.com.tr\/index.php\/wp-json\/wp\/v2\/product_tag?post=766350"}],"curies":[{"name":"wp","href":"https:\/\/api.w.org\/{rel}","templated":true}]}}