{"id":766344,"date":"2025-08-28T12:10:36","date_gmt":"2025-08-28T09:10:36","guid":{"rendered":"https:\/\/roveyayinevi.com.tr\/index.php\/urun\/dogadaki-izlerimiz\/"},"modified":"2026-04-15T03:32:11","modified_gmt":"2026-04-15T00:32:11","slug":"dogadaki-izlerimiz","status":"publish","type":"product","link":"https:\/\/roveyayinevi.com.tr\/index.php\/urun\/dogadaki-izlerimiz\/","title":{"rendered":"Do\u011fadaki \u0130zlerimiz"},"content":{"rendered":"<p>Kumda y\u00fcr\u00fcmek nas\u0131l ayak izi b\u0131rak\u0131yorsa, bizler de do\u011faya izlerimizi b\u0131rak\u0131yoruz.Hep birlikte sahip olabilece\u011fimiz en k\u00fc\u00e7\u00fck karbon ayak izine sahip olmaya \u00e7al\u0131\u015fal\u0131m.Do\u011fadaki \u0130zlerimiz, ya\u015famakta oldu\u011fumuz t\u00fcm insani sorunlara; a\u015f\u0131r\u0131 \u015fehirle\u015fme, kentsel at\u0131klar, zehirli gazlar, ye\u015fil alanlar\u0131n yok edilmesi yani insan ya\u015fam\u0131n\u0131 tehdit eden t\u00fcm felaketlere sanat diliyle \u00e7\u00f6z\u00fcm ar\u0131yor, \u0131\u015f\u0131k tutuyor.Meryem Ermeydan&#8217;\u0131n kalemi, Melike Tan Tayyar&#8217;\u0131n f\u0131r\u00e7as\u0131 t\u00fcm parlak renklerin ve d\u00fc\u015f\u00fcncelerin s\u00f6zc\u00fcl\u00fc\u011f\u00fcn\u00fc yap\u0131yor!<\/p>\n","protected":false},"excerpt":{"rendered":"<p>Kumda y\u00fcr\u00fcmek nas\u0131l ayak izi b\u0131rak\u0131yorsa, bizler de do\u011faya izlerimizi b\u0131rak\u0131yoruz.Hep birlikte sahip olabilece\u011fimiz en k\u00fc\u00e7\u00fck karbon ayak izine sahip olmaya \u00e7al\u0131\u015fal\u0131m.Do\u011fadaki \u0130zlerimiz, ya\u015famakta oldu\u011fumuz t\u00fcm<span class=\"excerpt-hellip\"> [\u2026]<\/span><\/p>\n","protected":false},"featured_media":0,"template":"","meta":{"_monsterinsights_skip_tracking":false,"_monsterinsights_sitenote_active":false,"_monsterinsights_sitenote_note":"","_monsterinsights_sitenote_category":0},"product_brand":[],"product_cat":[12274,12284],"product_tag":[],"class_list":{"0":"post-766344","1":"product","2":"type-product","3":"status-publish","5":"product_cat-cocuk-ve-genclik-kitaplari","6":"product_cat-hikayeler","7":"pa_cilt-ciltsiz","8":"pa_tur-kitap","9":"pa_yayinevi-altin-kitaplar","10":"pa_yazar-meryem-ermeydan","12":"first","13":"instock","14":"sale","15":"shipping-taxable","16":"purchasable","17":"product-type-simple"},"_links":{"self":[{"href":"https:\/\/roveyayinevi.com.tr\/index.php\/wp-json\/wp\/v2\/product\/766344","targetHints":{"allow":["GET"]}}],"collection":[{"href":"https:\/\/roveyayinevi.com.tr\/index.php\/wp-json\/wp\/v2\/product"}],"about":[{"href":"https:\/\/roveyayinevi.com.tr\/index.php\/wp-json\/wp\/v2\/types\/product"}],"wp:attachment":[{"href":"https:\/\/roveyayinevi.com.tr\/index.php\/wp-json\/wp\/v2\/media?parent=766344"}],"wp:term":[{"taxonomy":"product_brand","embeddable":true,"href":"https:\/\/roveyayinevi.com.tr\/index.php\/wp-json\/wp\/v2\/product_brand?post=766344"},{"taxonomy":"product_cat","embeddable":true,"href":"https:\/\/roveyayinevi.com.tr\/index.php\/wp-json\/wp\/v2\/product_cat?post=766344"},{"taxonomy":"product_tag","embeddable":true,"href":"https:\/\/roveyayinevi.com.tr\/index.php\/wp-json\/wp\/v2\/product_tag?post=766344"}],"curies":[{"name":"wp","href":"https:\/\/api.w.org\/{rel}","templated":true}]}}