{"id":766342,"date":"2025-08-28T12:10:32","date_gmt":"2025-08-28T09:10:32","guid":{"rendered":"https:\/\/roveyayinevi.com.tr\/index.php\/urun\/deyim-deyim-ne-deyim\/"},"modified":"2026-04-15T03:32:11","modified_gmt":"2026-04-15T00:32:11","slug":"deyim-deyim-ne-deyim","status":"publish","type":"product","link":"https:\/\/roveyayinevi.com.tr\/index.php\/urun\/deyim-deyim-ne-deyim\/","title":{"rendered":"Deyim Deyim Ne Deyim"},"content":{"rendered":"<p>Deyimler, ger\u00e7ek anlam\u0131ndan az \u00e7ok ayr\u0131, kendine \u00f6zg\u00fc bir anlam ta\u015f\u0131yan kal\u0131pla\u015fm\u0131\u015f s\u00f6z \u00f6be\u011fidir. Bana g\u00f6re ise deyim, deyimler, \u00e7ok daha fazlas\u0131. Deyimler, dilin kanatlar\u0131d\u0131r, u\u00e7urur ana dilimizi.Deyimleri bilen insan tatl\u0131 dilli olur.Her deyim bir g\u00fczelliktir, ho\u015f bir bulu\u015ftur, dilin g\u00fczelli\u011fine, k\u0131vrakl\u0131\u011f\u0131na, \u0131\u015f\u0131lt\u0131s\u0131na eklenen albenidir, bir s\u00f6z ustal\u0131\u011f\u0131d\u0131r.G\u00f6nl\u00fcmdesin, denir T\u00fcrk\u00e7ede. Ne g\u00fczel bir deyimdir, neler anlatmaz ki: A\u015fk\u0131, dostlu\u011fu, hasreti, kavu\u015fma umudunu, co\u011frafi uzakl\u0131\u011fa kar\u015f\u0131n yak\u0131nl\u0131\u011f\u0131; sevdi\u011fimiz insan, en de\u011fer verdi\u011fimiz yerdedir, kalbimizde; korunakl\u0131, s\u0131cak bir yerde. Dilde ya\u015famak, bu de\u011fil midir?Deyimler, \u00e7almadan oynamakt\u0131r, \u00e7antada kekliktir, \u00e7at kap\u0131 dosta gitmektir. Da\u011flar\u0131n \u015fenli\u011fidir deyimler, da\u011flar\u0131 devirmektir.Deyimler, dillere destand\u0131r, do\u011fru s\u00f6yleyip dokuz k\u00f6yden kovulmakt\u0131r.Deyimler, dostun d\u00fc\u011f\u00fcn\u00fcnde kalburla su ta\u015f\u0131makt\u0131r.Uzun s\u00f6z\u00fcn k\u0131sas\u0131, dili deyimi bilen insan uza\u011f\u0131 g\u00f6r\u00fcr, deyimi yabana atmamak gerek.Her deyim bir g\u00fczelliktir, ho\u015f bir bulu\u015ftur; dilin g\u00fczelli\u011fine, k\u0131vrakl\u0131\u011f\u0131na, \u0131\u015f\u0131lt\u0131s\u0131na eklenen bir s\u00f6z ustal\u0131\u011f\u0131d\u0131r.<\/p>\n","protected":false},"excerpt":{"rendered":"<p>Deyimler, ger\u00e7ek anlam\u0131ndan az \u00e7ok ayr\u0131, kendine \u00f6zg\u00fc bir anlam ta\u015f\u0131yan kal\u0131pla\u015fm\u0131\u015f s\u00f6z \u00f6be\u011fidir. Bana g\u00f6re ise deyim, deyimler, \u00e7ok daha fazlas\u0131. Deyimler, dilin kanatlar\u0131d\u0131r, u\u00e7urur<span class=\"excerpt-hellip\"> [\u2026]<\/span><\/p>\n","protected":false},"featured_media":0,"template":"","meta":{"_monsterinsights_skip_tracking":false,"_monsterinsights_sitenote_active":false,"_monsterinsights_sitenote_note":"","_monsterinsights_sitenote_category":0},"product_brand":[],"product_cat":[12274,12284],"product_tag":[],"class_list":{"0":"post-766342","1":"product","2":"type-product","3":"status-publish","5":"product_cat-cocuk-ve-genclik-kitaplari","6":"product_cat-hikayeler","7":"pa_cilt-ciltsiz","8":"pa_tur-kitap","9":"pa_yayinevi-altin-kitaplar","10":"pa_yazar-habib-bektas","12":"first","13":"instock","14":"sale","15":"shipping-taxable","16":"purchasable","17":"product-type-simple"},"_links":{"self":[{"href":"https:\/\/roveyayinevi.com.tr\/index.php\/wp-json\/wp\/v2\/product\/766342","targetHints":{"allow":["GET"]}}],"collection":[{"href":"https:\/\/roveyayinevi.com.tr\/index.php\/wp-json\/wp\/v2\/product"}],"about":[{"href":"https:\/\/roveyayinevi.com.tr\/index.php\/wp-json\/wp\/v2\/types\/product"}],"wp:attachment":[{"href":"https:\/\/roveyayinevi.com.tr\/index.php\/wp-json\/wp\/v2\/media?parent=766342"}],"wp:term":[{"taxonomy":"product_brand","embeddable":true,"href":"https:\/\/roveyayinevi.com.tr\/index.php\/wp-json\/wp\/v2\/product_brand?post=766342"},{"taxonomy":"product_cat","embeddable":true,"href":"https:\/\/roveyayinevi.com.tr\/index.php\/wp-json\/wp\/v2\/product_cat?post=766342"},{"taxonomy":"product_tag","embeddable":true,"href":"https:\/\/roveyayinevi.com.tr\/index.php\/wp-json\/wp\/v2\/product_tag?post=766342"}],"curies":[{"name":"wp","href":"https:\/\/api.w.org\/{rel}","templated":true}]}}