{"id":766340,"date":"2025-08-28T12:10:28","date_gmt":"2025-08-28T09:10:28","guid":{"rendered":"https:\/\/roveyayinevi.com.tr\/index.php\/urun\/dus-kalemi\/"},"modified":"2026-04-15T03:32:11","modified_gmt":"2026-04-15T00:32:11","slug":"dus-kalemi","status":"publish","type":"product","link":"https:\/\/roveyayinevi.com.tr\/index.php\/urun\/dus-kalemi\/","title":{"rendered":"D\u00fc\u015f Kalemi"},"content":{"rendered":"<p>Ac\u0131kt\u0131\u011f\u0131nda karn\u0131n\u0131 bir kalemle doyurabilir misin? Peki ya evden hi\u00e7 \u00e7\u0131kmadan b\u00fct\u00fcn d\u00fcnyay\u0131 sadece kalem kullanarak gezebilir misin?D\u00fc\u015f Kalemi \u00f6yk\u00fcs\u00fcnde hayallerini ger\u00e7ekle\u015ftirmek i\u00e7in bir kalemin ve reng\u00e2renk d\u00fc\u015flerin yeterli oldu\u011fu anlat\u0131l\u0131yor. Bir kalemle ku\u015flar gibi \u00f6zg\u00fcr olmak, renksiz d\u00fcnyalarda co\u015fkulu renklerle dola\u015fmak m\u00fcmk\u00fcn. Bunun i\u00e7in yeter ki hayal etmekten vazge\u00e7me.Haydi, al kalemini eline ve hayallerini \u00e7izmeye ba\u015fla!<\/p>\n","protected":false},"excerpt":{"rendered":"<p>Ac\u0131kt\u0131\u011f\u0131nda karn\u0131n\u0131 bir kalemle doyurabilir misin? Peki ya evden hi\u00e7 \u00e7\u0131kmadan b\u00fct\u00fcn d\u00fcnyay\u0131 sadece kalem kullanarak gezebilir misin?D\u00fc\u015f Kalemi \u00f6yk\u00fcs\u00fcnde hayallerini ger\u00e7ekle\u015ftirmek i\u00e7in bir kalemin ve<span class=\"excerpt-hellip\"> [\u2026]<\/span><\/p>\n","protected":false},"featured_media":0,"template":"","meta":{"_monsterinsights_skip_tracking":false,"_monsterinsights_sitenote_active":false,"_monsterinsights_sitenote_note":"","_monsterinsights_sitenote_category":0},"product_brand":[],"product_cat":[12274,12284],"product_tag":[],"class_list":{"0":"post-766340","1":"product","2":"type-product","3":"status-publish","5":"product_cat-cocuk-ve-genclik-kitaplari","6":"product_cat-hikayeler","7":"pa_cilt-ciltsiz","8":"pa_tur-kitap","9":"pa_yayinevi-altin-kitaplar","10":"pa_yazar-filiz-mungan","12":"first","13":"instock","14":"sale","15":"shipping-taxable","16":"purchasable","17":"product-type-simple"},"_links":{"self":[{"href":"https:\/\/roveyayinevi.com.tr\/index.php\/wp-json\/wp\/v2\/product\/766340","targetHints":{"allow":["GET"]}}],"collection":[{"href":"https:\/\/roveyayinevi.com.tr\/index.php\/wp-json\/wp\/v2\/product"}],"about":[{"href":"https:\/\/roveyayinevi.com.tr\/index.php\/wp-json\/wp\/v2\/types\/product"}],"wp:attachment":[{"href":"https:\/\/roveyayinevi.com.tr\/index.php\/wp-json\/wp\/v2\/media?parent=766340"}],"wp:term":[{"taxonomy":"product_brand","embeddable":true,"href":"https:\/\/roveyayinevi.com.tr\/index.php\/wp-json\/wp\/v2\/product_brand?post=766340"},{"taxonomy":"product_cat","embeddable":true,"href":"https:\/\/roveyayinevi.com.tr\/index.php\/wp-json\/wp\/v2\/product_cat?post=766340"},{"taxonomy":"product_tag","embeddable":true,"href":"https:\/\/roveyayinevi.com.tr\/index.php\/wp-json\/wp\/v2\/product_tag?post=766340"}],"curies":[{"name":"wp","href":"https:\/\/api.w.org\/{rel}","templated":true}]}}