{"id":766337,"date":"2025-08-28T12:10:22","date_gmt":"2025-08-28T09:10:22","guid":{"rendered":"https:\/\/roveyayinevi.com.tr\/index.php\/urun\/elmer-ve-super-el\/"},"modified":"2026-04-15T03:32:11","modified_gmt":"2026-04-15T00:32:11","slug":"elmer-ve-super-el","status":"publish","type":"product","link":"https:\/\/roveyayinevi.com.tr\/index.php\/urun\/elmer-ve-super-el\/","title":{"rendered":"Elmer ve S\u00fcper El"},"content":{"rendered":"<p>Bir sabah Elmer, \u201cOf, hay\u0131r!\u201d gibi bir ses duyar. Etraf\u0131na bak\u0131nd\u0131\u011f\u0131nda, yard\u0131ma ihtiyac\u0131 olan S\u00fcper El\u2019i g\u00f6r\u00fcr. S\u00fcper El\u2019in Zelda Hala\u2019ya ula\u015fmas\u0131 gerekir ama di\u011fer hayvanlar\u0131n onu g\u00f6rmemesi laz\u0131m. Her zamanki gibi Elmer\u2019in ak\u0131ll\u0131ca bir plan yapmas\u0131 gerekiyor!<\/p>\n","protected":false},"excerpt":{"rendered":"<p>Bir sabah Elmer, \u201cOf, hay\u0131r!\u201d gibi bir ses duyar. Etraf\u0131na bak\u0131nd\u0131\u011f\u0131nda, yard\u0131ma ihtiyac\u0131 olan S\u00fcper El\u2019i g\u00f6r\u00fcr. S\u00fcper El\u2019in Zelda Hala\u2019ya ula\u015fmas\u0131 gerekir ama di\u011fer hayvanlar\u0131n<span class=\"excerpt-hellip\"> [\u2026]<\/span><\/p>\n","protected":false},"featured_media":0,"template":"","meta":{"_monsterinsights_skip_tracking":false,"_monsterinsights_sitenote_active":false,"_monsterinsights_sitenote_note":"","_monsterinsights_sitenote_category":0},"product_brand":[],"product_cat":[12274,12518],"product_tag":[],"class_list":{"0":"post-766337","1":"product","2":"type-product","3":"status-publish","5":"product_cat-cocuk-ve-genclik-kitaplari","6":"product_cat-okul-oncesi-kitaplar","7":"pa_cilt-ciltsiz","8":"pa_tur-kitap","9":"pa_yayinevi-mundi","10":"pa_yazar-david-mckee","12":"first","13":"instock","14":"sale","15":"shipping-taxable","16":"purchasable","17":"product-type-simple"},"_links":{"self":[{"href":"https:\/\/roveyayinevi.com.tr\/index.php\/wp-json\/wp\/v2\/product\/766337","targetHints":{"allow":["GET"]}}],"collection":[{"href":"https:\/\/roveyayinevi.com.tr\/index.php\/wp-json\/wp\/v2\/product"}],"about":[{"href":"https:\/\/roveyayinevi.com.tr\/index.php\/wp-json\/wp\/v2\/types\/product"}],"wp:attachment":[{"href":"https:\/\/roveyayinevi.com.tr\/index.php\/wp-json\/wp\/v2\/media?parent=766337"}],"wp:term":[{"taxonomy":"product_brand","embeddable":true,"href":"https:\/\/roveyayinevi.com.tr\/index.php\/wp-json\/wp\/v2\/product_brand?post=766337"},{"taxonomy":"product_cat","embeddable":true,"href":"https:\/\/roveyayinevi.com.tr\/index.php\/wp-json\/wp\/v2\/product_cat?post=766337"},{"taxonomy":"product_tag","embeddable":true,"href":"https:\/\/roveyayinevi.com.tr\/index.php\/wp-json\/wp\/v2\/product_tag?post=766337"}],"curies":[{"name":"wp","href":"https:\/\/api.w.org\/{rel}","templated":true}]}}