{"id":766336,"date":"2025-08-28T12:10:21","date_gmt":"2025-08-28T09:10:21","guid":{"rendered":"https:\/\/roveyayinevi.com.tr\/index.php\/urun\/elmer-ara-bul-renkler-ciltli\/"},"modified":"2026-04-15T03:32:11","modified_gmt":"2026-04-15T00:32:11","slug":"elmer-ara-bul-renkler-ciltli","status":"publish","type":"product","link":"https:\/\/roveyayinevi.com.tr\/index.php\/urun\/elmer-ara-bul-renkler-ciltli\/","title":{"rendered":"Elmer Ara Bul Renkler (Ciltli)"},"content":{"rendered":"<p>ELMER, bu reng\u00e2renk ara-bul maceras\u0131nda her sahneye bir rengini \u00f6d\u00fcn\u00e7 verdi! Bu e\u011flenceli macerayla \u00e7ocuklar hem renkleri \u00f6\u011frenecek hem de g\u00f6zlem yeteneklerini, g\u00f6rsel alg\u0131lar\u0131n\u0131, say\u0131 ve dil becerilerini geli\u015ftirecek. <\/p>\n","protected":false},"excerpt":{"rendered":"<p>ELMER, bu reng\u00e2renk ara-bul maceras\u0131nda her sahneye bir rengini \u00f6d\u00fcn\u00e7 verdi! Bu e\u011flenceli macerayla \u00e7ocuklar hem renkleri \u00f6\u011frenecek hem de g\u00f6zlem yeteneklerini, g\u00f6rsel alg\u0131lar\u0131n\u0131, say\u0131 ve<span class=\"excerpt-hellip\"> [\u2026]<\/span><\/p>\n","protected":false},"featured_media":0,"template":"","meta":{"_monsterinsights_skip_tracking":false,"_monsterinsights_sitenote_active":false,"_monsterinsights_sitenote_note":"","_monsterinsights_sitenote_category":0},"product_brand":[],"product_cat":[12274,12518],"product_tag":[],"class_list":{"0":"post-766336","1":"product","2":"type-product","3":"status-publish","5":"product_cat-cocuk-ve-genclik-kitaplari","6":"product_cat-okul-oncesi-kitaplar","7":"pa_cilt-ciltli","8":"pa_tur-kitap","9":"pa_yayinevi-mundi","10":"pa_yazar-david-mckee","12":"first","13":"instock","14":"sale","15":"shipping-taxable","16":"purchasable","17":"product-type-simple"},"_links":{"self":[{"href":"https:\/\/roveyayinevi.com.tr\/index.php\/wp-json\/wp\/v2\/product\/766336","targetHints":{"allow":["GET"]}}],"collection":[{"href":"https:\/\/roveyayinevi.com.tr\/index.php\/wp-json\/wp\/v2\/product"}],"about":[{"href":"https:\/\/roveyayinevi.com.tr\/index.php\/wp-json\/wp\/v2\/types\/product"}],"wp:attachment":[{"href":"https:\/\/roveyayinevi.com.tr\/index.php\/wp-json\/wp\/v2\/media?parent=766336"}],"wp:term":[{"taxonomy":"product_brand","embeddable":true,"href":"https:\/\/roveyayinevi.com.tr\/index.php\/wp-json\/wp\/v2\/product_brand?post=766336"},{"taxonomy":"product_cat","embeddable":true,"href":"https:\/\/roveyayinevi.com.tr\/index.php\/wp-json\/wp\/v2\/product_cat?post=766336"},{"taxonomy":"product_tag","embeddable":true,"href":"https:\/\/roveyayinevi.com.tr\/index.php\/wp-json\/wp\/v2\/product_tag?post=766336"}],"curies":[{"name":"wp","href":"https:\/\/api.w.org\/{rel}","templated":true}]}}