{"id":766324,"date":"2025-08-28T12:09:55","date_gmt":"2025-08-28T09:09:55","guid":{"rendered":"https:\/\/roveyayinevi.com.tr\/index.php\/urun\/satrancin-kodlari-1\/"},"modified":"2026-04-15T03:32:10","modified_gmt":"2026-04-15T00:32:10","slug":"satrancin-kodlari-1","status":"publish","type":"product","link":"https:\/\/roveyayinevi.com.tr\/index.php\/urun\/satrancin-kodlari-1\/","title":{"rendered":"Satranc\u0131n Kodlar\u0131 &#8211; 1"},"content":{"rendered":"<p>Satran\u00e7, sadece bir oyun de\u011fil, ayn\u0131 zamanda hayat\u0131n kendisidir. Satranc\u0131n Kodlar\u0131 1, sizi satranc\u0131n b\u00fcy\u00fcl\u00fc d\u00fcnyas\u0131 ile tan\u0131\u015ft\u0131racakt\u0131r. Bu kitap, satran\u00e7 oyununu anlamak ve \u00f6\u011frenmek isteyen herkes i\u00e7in bir rehberdir. Satran\u00e7 tahtas\u0131 \u00fczerindeki her hamlede yeni bir d\u00fcnyay\u0131 ke\u015ffetmeye haz\u0131r m\u0131s\u0131n\u0131z? <\/p>\n","protected":false},"excerpt":{"rendered":"<p>Satran\u00e7, sadece bir oyun de\u011fil, ayn\u0131 zamanda hayat\u0131n kendisidir. Satranc\u0131n Kodlar\u0131 1, sizi satranc\u0131n b\u00fcy\u00fcl\u00fc d\u00fcnyas\u0131 ile tan\u0131\u015ft\u0131racakt\u0131r. Bu kitap, satran\u00e7 oyununu anlamak ve \u00f6\u011frenmek isteyen<span class=\"excerpt-hellip\"> [\u2026]<\/span><\/p>\n","protected":false},"featured_media":0,"template":"","meta":{"_monsterinsights_skip_tracking":false,"_monsterinsights_sitenote_active":false,"_monsterinsights_sitenote_note":"","_monsterinsights_sitenote_category":0},"product_brand":[],"product_cat":[12274,15842],"product_tag":[],"class_list":{"0":"post-766324","1":"product","2":"type-product","3":"status-publish","5":"product_cat-cocuk-ve-genclik-kitaplari","6":"product_cat-egitici-kitaplar","7":"pa_cilt-ciltsiz","8":"pa_tur-kitap","9":"pa_yayinevi-soncag-akademik-kitaplar","10":"pa_yazar-ibrahim-karaca","12":"first","13":"instock","14":"sale","15":"shipping-taxable","16":"purchasable","17":"product-type-simple"},"_links":{"self":[{"href":"https:\/\/roveyayinevi.com.tr\/index.php\/wp-json\/wp\/v2\/product\/766324","targetHints":{"allow":["GET"]}}],"collection":[{"href":"https:\/\/roveyayinevi.com.tr\/index.php\/wp-json\/wp\/v2\/product"}],"about":[{"href":"https:\/\/roveyayinevi.com.tr\/index.php\/wp-json\/wp\/v2\/types\/product"}],"wp:attachment":[{"href":"https:\/\/roveyayinevi.com.tr\/index.php\/wp-json\/wp\/v2\/media?parent=766324"}],"wp:term":[{"taxonomy":"product_brand","embeddable":true,"href":"https:\/\/roveyayinevi.com.tr\/index.php\/wp-json\/wp\/v2\/product_brand?post=766324"},{"taxonomy":"product_cat","embeddable":true,"href":"https:\/\/roveyayinevi.com.tr\/index.php\/wp-json\/wp\/v2\/product_cat?post=766324"},{"taxonomy":"product_tag","embeddable":true,"href":"https:\/\/roveyayinevi.com.tr\/index.php\/wp-json\/wp\/v2\/product_tag?post=766324"}],"curies":[{"name":"wp","href":"https:\/\/api.w.org\/{rel}","templated":true}]}}