{"id":766322,"date":"2025-08-28T12:09:52","date_gmt":"2025-08-28T09:09:52","guid":{"rendered":"https:\/\/roveyayinevi.com.tr\/index.php\/urun\/sozlu-eserler-ii\/"},"modified":"2026-04-15T03:32:10","modified_gmt":"2026-04-15T00:32:10","slug":"sozlu-eserler-ii","status":"publish","type":"product","link":"https:\/\/roveyayinevi.com.tr\/index.php\/urun\/sozlu-eserler-ii\/","title":{"rendered":"S\u00f6zl\u00fc Eserler II"},"content":{"rendered":"<p>S\u00d6ZL\u00dc ESERLER \u2013 II K\u00fclt\u00fcr\u00fcm\u00fcz\u00fcn temel \u00f6\u011felerinden biri olan T\u00fcrk m\u00fczi\u011finin tarih boyunca farkl\u0131 k\u00fclt\u00fcrlerle etkile\u015fimde bulundu\u011fu, bu nedenle k\u00fclt\u00fcrler aras\u0131 etkile\u015fimde \u00e7ok \u00f6nemli bir yere sahip oldu\u011fu bilinmektedir. T\u00fcrk m\u00fczi\u011fi y\u00fczy\u0131llar boyunca de\u011ferini kaybetmemi\u015f, son y\u0131llarda da pop\u00fcler m\u00fczi\u011fin daha fazla kabul g\u00f6rd\u00fc\u011f\u00fc bir ortamda hem dinleyici, hem de icrac\u0131 say\u0131s\u0131 g\u00fcnden g\u00fcne artan bir m\u00fczik olarak g\u00fcc\u00fcn\u00fc korumu\u015ftur. T\u00fcrk m\u00fczik k\u00fclt\u00fcr\u00fcm\u00fcz\u00fc gelecek nesillere aktarman\u0131n yolu, onu gen\u00e7 nesillere sevdirmek ve gen\u00e7lerin bu m\u00fczikle ilgilenmelerini sa\u011flamak olmal\u0131d\u0131r. Gen\u00e7 nesillere hitap edecek \u00e7al\u0131\u015fmalar yapmak, onlar\u0131n T\u00fcrk m\u00fczi\u011fine olan ilgilerini art\u0131racak, bu \u00e7al\u0131\u015fmalar sayesinde gen\u00e7lerimiz ecdad\u0131m\u0131z\u0131 merak  edecek, T\u00fcrk m\u00fczi\u011fi hakk\u0131nda e\u011fitim almak isteyecekler ve onlar\u0131n yapm\u0131\u015f oldu\u011fu eserleri \u00f6\u011frenme f\u0131rsat\u0131na sahip olacaklard\u0131r. Bu nedenle ya\u015fad\u0131\u011f\u0131m\u0131z y\u00fczy\u0131lda yap\u0131lacak olan yeni \u00e7al\u0131\u015fmalar\u0131n gen\u00e7lerimize T\u00fcrk m\u00fczi\u011fini tan\u0131ma f\u0131rsat\u0131 verdi\u011fi i\u00e7in \u00f6nemli oldu\u011fu d\u00fc\u015f\u00fcn\u00fclmektedir. T\u00fcrk m\u00fczi\u011fi, makam ve us\u00fbllerden olu\u015fan zengin hazinesi ile yeni \u00e7al\u0131\u015fmalar \u00fcretmek isteyen T\u00fcrk m\u00fczi\u011fi bestek\u00e2rlar\u0131na ilham vermekte, m\u00fczi\u011fimizin \u00fcst\u00fcn \u00f6zellikleri, ihti\u015faml\u0131 na\u011fmeleri, birbirinden \u00f6zel makam ve us\u00fblleri, onu daha geni\u015f alanlara yayma konusunda bizlere g\u00fc\u00e7 vermeye devam etmektedir. Bu kitapta yer alan eserler, 2023-2024 y\u0131llar\u0131 aras\u0131nda bestelemi\u015f oldu\u011fum 24 adet \u015fark\u0131 ve fantezi formundaki eserlerden olu\u015fmaktad\u0131r. Bestek\u00e2rl\u0131k alan\u0131nda yay\u0131nlanan bu \u00fc\u00e7\u00fcnc\u00fc kitab\u0131mda bestelemi\u015f oldu\u011fum bu eserler, uzun y\u0131llar boyunca hem \u00f6\u011frencilik, hem e\u011fitimcilik, hem de akademisyenlik hayat\u0131m boyunca hocalar\u0131mdan edindi\u011fim bilgi ve tecr\u00fcbelerin sonucu olarak ortaya koydu\u011fum sadece son iki y\u0131l\u0131 kapsayan eserlerdir. Bu eserlerde, her biri kendi alan\u0131nda ba\u015far\u0131lara imza atm\u0131\u015f de\u011ferli g\u00fcfte \u015fairlerinin \u015fiirleri kullan\u0131lm\u0131\u015f, T\u00fcrk m\u00fczi\u011fi prozodi kurallar\u0131na dikkat edilmi\u015ftir. Kitap, T\u00fcrk m\u00fczi\u011fi ile ilgilenen ki\u015filere farkl\u0131 bir repertuvar kayna\u011f\u0131 sunmas\u0131 a\u00e7\u0131s\u0131ndan \u00f6nemli g\u00f6r\u00fclmektedir. <\/p>\n","protected":false},"excerpt":{"rendered":"<p>S\u00d6ZL\u00dc ESERLER \u2013 II K\u00fclt\u00fcr\u00fcm\u00fcz\u00fcn temel \u00f6\u011felerinden biri olan T\u00fcrk m\u00fczi\u011finin tarih boyunca farkl\u0131 k\u00fclt\u00fcrlerle etkile\u015fimde bulundu\u011fu, bu nedenle k\u00fclt\u00fcrler aras\u0131 etkile\u015fimde \u00e7ok \u00f6nemli bir yere<span class=\"excerpt-hellip\"> [\u2026]<\/span><\/p>\n","protected":false},"featured_media":0,"template":"","meta":{"_monsterinsights_skip_tracking":false,"_monsterinsights_sitenote_active":false,"_monsterinsights_sitenote_note":"","_monsterinsights_sitenote_category":0},"product_brand":[],"product_cat":[14556,20810],"product_tag":[],"class_list":{"0":"post-766322","1":"product","2":"type-product","3":"status-publish","5":"product_cat-muzik","6":"product_cat-ogrenim-kitaplari","7":"pa_cilt-ciltsiz","8":"pa_tur-kitap","9":"pa_yayinevi-soncag-akademik-kitaplar","10":"pa_yazar-ahmet-hakan-bas","12":"first","13":"instock","14":"sale","15":"shipping-taxable","16":"purchasable","17":"product-type-simple"},"_links":{"self":[{"href":"https:\/\/roveyayinevi.com.tr\/index.php\/wp-json\/wp\/v2\/product\/766322","targetHints":{"allow":["GET"]}}],"collection":[{"href":"https:\/\/roveyayinevi.com.tr\/index.php\/wp-json\/wp\/v2\/product"}],"about":[{"href":"https:\/\/roveyayinevi.com.tr\/index.php\/wp-json\/wp\/v2\/types\/product"}],"wp:attachment":[{"href":"https:\/\/roveyayinevi.com.tr\/index.php\/wp-json\/wp\/v2\/media?parent=766322"}],"wp:term":[{"taxonomy":"product_brand","embeddable":true,"href":"https:\/\/roveyayinevi.com.tr\/index.php\/wp-json\/wp\/v2\/product_brand?post=766322"},{"taxonomy":"product_cat","embeddable":true,"href":"https:\/\/roveyayinevi.com.tr\/index.php\/wp-json\/wp\/v2\/product_cat?post=766322"},{"taxonomy":"product_tag","embeddable":true,"href":"https:\/\/roveyayinevi.com.tr\/index.php\/wp-json\/wp\/v2\/product_tag?post=766322"}],"curies":[{"name":"wp","href":"https:\/\/api.w.org\/{rel}","templated":true}]}}