{"id":766321,"date":"2025-08-28T12:09:50","date_gmt":"2025-08-28T09:09:50","guid":{"rendered":"https:\/\/roveyayinevi.com.tr\/index.php\/urun\/gulme-komigin-anlami-uzerine-bir-deneme\/"},"modified":"2026-04-15T03:32:10","modified_gmt":"2026-04-15T00:32:10","slug":"gulme-komigin-anlami-uzerine-bir-deneme","status":"publish","type":"product","link":"https:\/\/roveyayinevi.com.tr\/index.php\/urun\/gulme-komigin-anlami-uzerine-bir-deneme\/","title":{"rendered":"G\u00fclme: Komi\u011fin Anlam\u0131 \u00dczerine Bir Deneme"},"content":{"rendered":"<p>K\u0131y\u0131ya vuran dalga uzakla\u015f\u0131rken bazen k\u00f6p\u00fc\u011f\u00fcn bir k\u0131sm\u0131n\u0131 kumsala b\u0131rak\u0131r. Yak\u0131nlarda oynayan \u00e7ocuk, bu k\u00f6p\u00fckten bir avu\u00e7 dolusu al\u0131r ve bir an sonra avucunun i\u00e7inde birka\u00e7 damla sudan fazlas\u0131n\u0131n kalmad\u0131\u011f\u0131n\u0131 g\u00f6r\u00fcnce \u015fa\u015f\u0131r\u0131r \u2013 \u00fcstelik bu, onu getiren dalgadan \u00e7ok daha tuzlu, \u00e7ok daha ac\u0131 bir sudur. G\u00fclme de i\u015fte bu k\u00f6p\u00fck gibi do\u011far. Henri Bergson, ilk kez 1900\u2019de kitapla\u015ft\u0131r\u0131lan G\u00fclme\u2019de komi\u011fin tan\u0131m\u0131n\u0131, \u00fcretim yasalar\u0131n\u0131 ve toplumsal fonksiyonlar\u0131n\u0131 do\u011fal ortam\u0131nda, yani be\u015feriyet i\u00e7erisinde aray\u0131p buluyor. G\u00fcnl\u00fck hayat ve tiyatro \u00f6rnekleri \u00fczerinden nelerin neden komik oldu\u011funu, karakter ve durum komedisinden \u00e7e\u015fitli s\u00f6z komedilerine kadar fani komi\u011fin farkl\u0131 bi\u00e7imlerini, komedinin di\u011fer sanatlar aras\u0131ndaki konumunu ve g\u00fclmenin ard\u0131nda yatan itici g\u00fc\u00e7leri irdeleyen Bergson ayn\u0131 zamanda bireyin ve toplumun mekanik kat\u0131l\u0131\u011f\u0131n\u0131, otomatik dalg\u0131nl\u0131\u011f\u0131n\u0131 ve birtak\u0131m kusur ve d\u00fcrt\u00fclerini mercek alt\u0131na alarak k\u00fclt\u00fcrel analizini yap\u0131yor.  <\/p>\n","protected":false},"excerpt":{"rendered":"<p>K\u0131y\u0131ya vuran dalga uzakla\u015f\u0131rken bazen k\u00f6p\u00fc\u011f\u00fcn bir k\u0131sm\u0131n\u0131 kumsala b\u0131rak\u0131r. Yak\u0131nlarda oynayan \u00e7ocuk, bu k\u00f6p\u00fckten bir avu\u00e7 dolusu al\u0131r ve bir an sonra avucunun i\u00e7inde birka\u00e7<span class=\"excerpt-hellip\"> [\u2026]<\/span><\/p>\n","protected":false},"featured_media":0,"template":"","meta":{"_monsterinsights_skip_tracking":false,"_monsterinsights_sitenote_active":false,"_monsterinsights_sitenote_note":"","_monsterinsights_sitenote_category":0},"product_brand":[],"product_cat":[20351,12388],"product_tag":[],"class_list":{"0":"post-766321","1":"product","2":"type-product","3":"status-publish","5":"product_cat-dusunce","6":"product_cat-felsefe","7":"pa_cilt-ciltsiz","8":"pa_tur-kitap","9":"pa_yayinevi-can-yayinlari","10":"pa_yazar-henri-bergson","12":"first","13":"instock","14":"sale","15":"shipping-taxable","16":"purchasable","17":"product-type-simple"},"_links":{"self":[{"href":"https:\/\/roveyayinevi.com.tr\/index.php\/wp-json\/wp\/v2\/product\/766321","targetHints":{"allow":["GET"]}}],"collection":[{"href":"https:\/\/roveyayinevi.com.tr\/index.php\/wp-json\/wp\/v2\/product"}],"about":[{"href":"https:\/\/roveyayinevi.com.tr\/index.php\/wp-json\/wp\/v2\/types\/product"}],"wp:attachment":[{"href":"https:\/\/roveyayinevi.com.tr\/index.php\/wp-json\/wp\/v2\/media?parent=766321"}],"wp:term":[{"taxonomy":"product_brand","embeddable":true,"href":"https:\/\/roveyayinevi.com.tr\/index.php\/wp-json\/wp\/v2\/product_brand?post=766321"},{"taxonomy":"product_cat","embeddable":true,"href":"https:\/\/roveyayinevi.com.tr\/index.php\/wp-json\/wp\/v2\/product_cat?post=766321"},{"taxonomy":"product_tag","embeddable":true,"href":"https:\/\/roveyayinevi.com.tr\/index.php\/wp-json\/wp\/v2\/product_tag?post=766321"}],"curies":[{"name":"wp","href":"https:\/\/api.w.org\/{rel}","templated":true}]}}