{"id":766319,"date":"2025-08-28T12:09:46","date_gmt":"2025-08-28T09:09:46","guid":{"rendered":"https:\/\/roveyayinevi.com.tr\/index.php\/urun\/cingene-kizi-kizil-hancerler\/"},"modified":"2026-04-03T03:23:27","modified_gmt":"2026-04-03T00:23:27","slug":"cingene-kizi-kizil-hancerler","status":"publish","type":"product","link":"https:\/\/roveyayinevi.com.tr\/index.php\/urun\/cingene-kizi-kizil-hancerler\/","title":{"rendered":"\u00c7ingene K\u0131z\u0131 &#8211; K\u0131z\u0131l Han\u00e7erler"},"content":{"rendered":"<p>\u00c7ak\u0131r\u2019\u0131n o denize uzanan sala\u015f meyhanesinde, tam k\u0131y\u0131ya bakan yerinde k\u00fc\u00e7\u00fck bir tahta masan\u0131n \u00f6n\u00fcnde oturuyorum. Bir elimde sigara, g\u00f6zlerim k\u00e2h sigaran\u0131n dumanlar\u0131nda, k\u00e2h kar\u015f\u0131da solgun ve sakin mavi sular\u0131n ilerisinde birer tarih\u00f6ncesi hayvan gibi, s\u0131rtlar\u0131 \u00fcrpermi\u015f\u00e7esine sipsivri kabar\u0131k, yanlar\u0131 ise a\u015fa\u011f\u0131 do\u011fru kayan adalarda\u2026 Bu a\u00e7\u0131k ve soluk havan\u0131n renksizli\u011fi i\u00e7inde, adan\u0131n ye\u015fillikleri k\u0131y\u0131lara ve havaya ye\u015fil-kur\u015funi g\u00f6lgeler sal\u0131yor. Tepedeki adeta renksiz denecek kadar a\u00e7\u0131k mavi kubbede, modern ressamlar\u0131n garip hayal tecellileri gibi koyu k\u0131rm\u0131z\u0131, kur\u015funi veya pamuk gibi bembeyaz bulutlar birbiri \u00fcst\u00fcne yava\u015f yava\u015f gelip ge\u00e7iyorlar. Bazen g\u00fcne\u015f ate\u015ften bir dev halinde \u00fcstlerine biniyor, bazen de bir k\u0131l\u00e7\u0131k gibi aralar\u0131ndan uzan\u0131p a\u015fa\u011f\u0131dakilerin g\u00f6z\u00fcne bat\u0131yor.   Halide Edib\u2019in 1899 y\u0131l\u0131nda Han\u0131mlara Mahsus Gazete\u2019de \u201cHalide\u201d imzas\u0131yla tefrikas\u0131na ba\u015flad\u0131\u011f\u0131 ancak yar\u0131m b\u0131rakt\u0131\u011f\u0131 ilk roman\u0131 \u00c7ingene K\u0131z\u0131\u2019yla 1964\u2019te, \u00f6l\u00fcm\u00fcn\u00fcn hemen \u00f6ncesinde Hayat\u2019ta tefrika etti\u011fi son roman\u0131 K\u0131z\u0131l Han\u00e7erler y\u0131llar sonra yeniden okurla bulu\u015fuyor. Seval \u015eahin ve \u0130mren Gece \u00d6zbey taraf\u0131ndan yay\u0131na haz\u0131rlanan eserler, ayn\u0131 zamanda Halide Edib Ad\u0131var k\u00fclliyat\u0131 i\u00e7erisinde bir ba\u015flang\u0131\u00e7 ve sonu temsil etmesiyle de \u00f6zel bir yerde duruyor.   Kaleme ald\u0131\u011f\u0131 her metinle yeniden tart\u0131\u015f\u0131lan Halide Edib\u2019in b\u00fct\u00fcn eserleri, g\u00f6zden ge\u00e7irilmi\u015f bask\u0131lar\u0131yla Can Yay\u0131nlar\u0131\u2019nda. <\/p>\n","protected":false},"excerpt":{"rendered":"<p>\u00c7ak\u0131r\u2019\u0131n o denize uzanan sala\u015f meyhanesinde, tam k\u0131y\u0131ya bakan yerinde k\u00fc\u00e7\u00fck bir tahta masan\u0131n \u00f6n\u00fcnde oturuyorum. Bir elimde sigara, g\u00f6zlerim k\u00e2h sigaran\u0131n dumanlar\u0131nda, k\u00e2h kar\u015f\u0131da solgun<span class=\"excerpt-hellip\"> [\u2026]<\/span><\/p>\n","protected":false},"featured_media":0,"template":"","meta":{"_monsterinsights_skip_tracking":false,"_monsterinsights_sitenote_active":false,"_monsterinsights_sitenote_note":"","_monsterinsights_sitenote_category":0},"product_brand":[],"product_cat":[12291,12711],"product_tag":[],"class_list":{"0":"post-766319","1":"product","2":"type-product","3":"status-publish","5":"product_cat-edebiyat","6":"product_cat-roman-oyku","7":"pa_cilt-ciltsiz","8":"pa_tur-kitap","9":"pa_yayinevi-can-yayinlari","10":"pa_yazar-halide-edib-adivar","12":"first","13":"instock","14":"sale","15":"shipping-taxable","16":"purchasable","17":"product-type-simple"},"_links":{"self":[{"href":"https:\/\/roveyayinevi.com.tr\/index.php\/wp-json\/wp\/v2\/product\/766319","targetHints":{"allow":["GET"]}}],"collection":[{"href":"https:\/\/roveyayinevi.com.tr\/index.php\/wp-json\/wp\/v2\/product"}],"about":[{"href":"https:\/\/roveyayinevi.com.tr\/index.php\/wp-json\/wp\/v2\/types\/product"}],"wp:attachment":[{"href":"https:\/\/roveyayinevi.com.tr\/index.php\/wp-json\/wp\/v2\/media?parent=766319"}],"wp:term":[{"taxonomy":"product_brand","embeddable":true,"href":"https:\/\/roveyayinevi.com.tr\/index.php\/wp-json\/wp\/v2\/product_brand?post=766319"},{"taxonomy":"product_cat","embeddable":true,"href":"https:\/\/roveyayinevi.com.tr\/index.php\/wp-json\/wp\/v2\/product_cat?post=766319"},{"taxonomy":"product_tag","embeddable":true,"href":"https:\/\/roveyayinevi.com.tr\/index.php\/wp-json\/wp\/v2\/product_tag?post=766319"}],"curies":[{"name":"wp","href":"https:\/\/api.w.org\/{rel}","templated":true}]}}