{"id":766318,"date":"2025-08-28T12:09:45","date_gmt":"2025-08-28T09:09:45","guid":{"rendered":"https:\/\/roveyayinevi.com.tr\/index.php\/urun\/powerful-ciltli\/"},"modified":"2026-04-15T03:32:10","modified_gmt":"2026-04-15T00:32:10","slug":"powerful-ciltli","status":"publish","type":"product","link":"https:\/\/roveyayinevi.com.tr\/index.php\/urun\/powerful-ciltli\/","title":{"rendered":"Powerful (Ciltli)"},"content":{"rendered":"<p>New York Times \u00e7oksatan kitab\u0131 Powerless d\u00fcnyas\u0131nda ge\u00e7en bu s\u00fcr\u00fckleyici novellada, hayranlar\u0131n favorisi Adena, kendine ait bir hikayeye kavu\u015fuyor. Loot\u2019un sokaklar\u0131nda hayatta kalmaya \u00e7al\u0131\u015f\u0131rken, gizemli ve tehlikeli bir Elite&#8217;e a\u015f\u0131k oluyor.   Adena ve Paedyn birbirlerinden hi\u00e7 ayr\u0131lmazd\u0131. Kader onlar\u0131 k\u00fc\u00e7\u00fck ya\u015fta bir araya getirse de, dostluklar\u0131ndan ald\u0131klar\u0131 g\u00fc\u00e7le birbirlerini ve Loot\u2019un kenar mahallelerinde in\u015fa ettikleri yuvay\u0131 her zaman korudular. Fakat bir g\u00fcn, bir S\u0131radan olan Paedyn, neredeyse ka\u00e7\u0131n\u0131lmaz bir \u00f6l\u00fcm anlam\u0131na gelen Ar\u0131nma S\u0131navlar\u0131\u2019na se\u00e7ildi. Loot\u2019ta tek ba\u015f\u0131na kalan Adena, art\u0131k ba\u015f\u0131n\u0131n \u00e7aresine bakmak zorundayd\u0131. Karn\u0131n\u0131 doyurmak i\u00e7in kalk\u0131\u015ft\u0131\u011f\u0131 h\u0131rs\u0131zl\u0131k denemesinde gizemli bir adam imdad\u0131na yeti\u015fti. Mak\u2019in karanl\u0131k ge\u00e7mi\u015fi ve gizli g\u00fcc\u00fc, onu Loout\u2019un d\u00fc\u015f\u00fck seviyeli Se\u00e7kinler\u2019inden ay\u0131r\u0131yordu.   Bu beklenmedik ikili, S\u0131navlar\u2019dan \u00f6nce sevdiklerini g\u00f6rmek i\u00e7in bir araya geldi\u011finde, at\u0131ld\u0131klar\u0131 macera sadakatlerini, a\u015fklar\u0131n\u0131 ve hayatlar\u0131n\u0131 s\u0131nayacakt\u0131.   Ilya Krall\u0131\u011f\u0131&#8217;ndan tutkulu ve Ilya Krall\u0131\u011f\u0131&#8217;ndan tutkulu ve heyecan verici bir yeni \u00f6yk\u00fc. <\/p>\n","protected":false},"excerpt":{"rendered":"<p>New York Times \u00e7oksatan kitab\u0131 Powerless d\u00fcnyas\u0131nda ge\u00e7en bu s\u00fcr\u00fckleyici novellada, hayranlar\u0131n favorisi Adena, kendine ait bir hikayeye kavu\u015fuyor. Loot\u2019un sokaklar\u0131nda hayatta kalmaya \u00e7al\u0131\u015f\u0131rken, gizemli ve<span class=\"excerpt-hellip\"> [\u2026]<\/span><\/p>\n","protected":false},"featured_media":0,"template":"","meta":{"_monsterinsights_skip_tracking":false,"_monsterinsights_sitenote_active":false,"_monsterinsights_sitenote_note":"","_monsterinsights_sitenote_category":0},"product_brand":[],"product_cat":[12291,14777],"product_tag":[],"class_list":{"0":"post-766318","1":"product","2":"type-product","3":"status-publish","5":"product_cat-edebiyat","6":"product_cat-fantastik","7":"pa_cilt-ciltli","8":"pa_tur-kitap","9":"pa_yayinevi-beta-byou","10":"pa_yazar-lauren-roberts","12":"first","13":"instock","14":"sale","15":"shipping-taxable","16":"purchasable","17":"product-type-simple"},"_links":{"self":[{"href":"https:\/\/roveyayinevi.com.tr\/index.php\/wp-json\/wp\/v2\/product\/766318","targetHints":{"allow":["GET"]}}],"collection":[{"href":"https:\/\/roveyayinevi.com.tr\/index.php\/wp-json\/wp\/v2\/product"}],"about":[{"href":"https:\/\/roveyayinevi.com.tr\/index.php\/wp-json\/wp\/v2\/types\/product"}],"wp:attachment":[{"href":"https:\/\/roveyayinevi.com.tr\/index.php\/wp-json\/wp\/v2\/media?parent=766318"}],"wp:term":[{"taxonomy":"product_brand","embeddable":true,"href":"https:\/\/roveyayinevi.com.tr\/index.php\/wp-json\/wp\/v2\/product_brand?post=766318"},{"taxonomy":"product_cat","embeddable":true,"href":"https:\/\/roveyayinevi.com.tr\/index.php\/wp-json\/wp\/v2\/product_cat?post=766318"},{"taxonomy":"product_tag","embeddable":true,"href":"https:\/\/roveyayinevi.com.tr\/index.php\/wp-json\/wp\/v2\/product_tag?post=766318"}],"curies":[{"name":"wp","href":"https:\/\/api.w.org\/{rel}","templated":true}]}}