{"id":766314,"date":"2025-08-28T12:09:36","date_gmt":"2025-08-28T09:09:36","guid":{"rendered":"https:\/\/roveyayinevi.com.tr\/index.php\/urun\/misir-firavunu\/"},"modified":"2026-04-15T03:32:10","modified_gmt":"2026-04-15T00:32:10","slug":"misir-firavunu","status":"publish","type":"product","link":"https:\/\/roveyayinevi.com.tr\/index.php\/urun\/misir-firavunu\/","title":{"rendered":"M\u0131s\u0131r Firavunu"},"content":{"rendered":"<p>Kitab\u0131n yazar\u0131 Arthur Weigall ya\u015fad\u0131\u011f\u0131 d\u00f6nemin en tan\u0131nm\u0131\u015f M\u0131s\u0131r bilimcilerinden biri; kitapta bahsedilen arkeolojik bulgular\u0131n ortaya \u00e7\u0131kar\u0131ld\u0131\u011f\u0131 kaz\u0131lar\u0131n bir\u00e7o\u011funda bizzat bulunmu\u015f ve y\u00f6netmi\u015ftir. Bunun yan\u0131 s\u0131ra \u00e7ok y\u00f6nl\u00fc bir yazar, gazeteci ve sahne tasar\u0131mc\u0131s\u0131 olmas\u0131, ele ald\u0131\u011f\u0131 tarihsel d\u00f6nemi ve ki\u015fili\u011fi zengin bir anlat\u0131mla sunmas\u0131n\u0131 sa\u011fl\u0131yor.   Akhenaton, g\u00fcn\u00fcm\u00fczden 3400 y\u0131l \u00f6nce ya\u015fay\u0131p h\u00fck\u00fcm s\u00fcrm\u00fc\u015f bir M\u0131s\u0131r firavunu. Akhenaton, \u201ctarihin ilk bireyi\u201d olarak adland\u0131r\u0131l\u0131r. O var olan\u0131n de\u011fi\u015fmesi gerekti\u011fine inan\u0131r. Zihinsel dinamikleri ve \u00f6zellikleri ve i\u00e7inde bulundu\u011fu tarihsel ko\u015fullar\u0131 de\u011fi\u015ftirmeye y\u00f6nlendiriyordu. Akhenaton, insan\u0131 ve bar\u0131\u015f\u0131 merkeze alan ilk tek tanr\u0131l\u0131 dini geli\u015ftirmeye \u00e7al\u0131\u015f\u0131r. \u201cTanr\u0131 Aton Sevginin Efendisi, I\u015f\u0131nlar\u0131n her yeri ku\u015fat\u0131r\u2026 Sen onlar\u0131 sevginle ba\u011flars\u0131n.\u201d Akhenaton, ve Tanr\u0131s\u0131 Aton, sava\u015fa kar\u015f\u0131yd\u0131, sevgi onlar\u0131n ya\u015fam kayna\u011f\u0131yd\u0131.   Okur, kitab\u0131 okurken muhtemelen, bug\u00fcn -g\u00f6r\u00fcn\u00fc\u015fe g\u00f6re gelecekte de- tart\u0131\u015fma konusu olan din ve devlet ili\u015fkileri, yukar\u0131dan a\u015fa\u011f\u0131ya reform hareketlerinin halk taraf\u0131ndan benimsenmesindeki zorluklar, eski inan\u00e7lar\u0131n ve eski iktidar yap\u0131lar\u0131n\u0131n sert muhalefeti gibi bir\u00e7ok konuda tarihsel bir analoji bulacakt\u0131r. Tarihte d\u00fc\u015f\u00fcnsel, sanatsal ve k\u00fclt\u00fcrel at\u0131l\u0131m d\u00f6nemlerinin bir\u00e7o\u011funda oldu\u011fu gibi Akhenaton\u2019un bu de\u011fi\u015fiminin temelinde de maddi bak\u0131mdan muazzam bir zenginle\u015fme vard\u0131. M\u0131s\u0131r\u2019daki zenginlik, ekonomik birikim ya\u011fmaya, sava\u015flara, k\u00f6lele\u015ftirmeye ve toplanan vergilere dayan\u0131yordu. Kitap, M\u0131s\u0131r ya\u015fam\u0131ndan kesitler verirken bu ger\u00e7e\u011fe de i\u015faret ediyor. \u201cAkhenaton\u2019un Hayat\u0131 ve H\u00fck\u00fcmdarl\u0131k D\u00f6nemi\u201dni okuyan herkeste tarihe ve bug\u00fcne dair bir iz b\u0131rakaca\u011f\u0131na inan\u0131yoruz. <\/p>\n","protected":false},"excerpt":{"rendered":"<p>Kitab\u0131n yazar\u0131 Arthur Weigall ya\u015fad\u0131\u011f\u0131 d\u00f6nemin en tan\u0131nm\u0131\u015f M\u0131s\u0131r bilimcilerinden biri; kitapta bahsedilen arkeolojik bulgular\u0131n ortaya \u00e7\u0131kar\u0131ld\u0131\u011f\u0131 kaz\u0131lar\u0131n bir\u00e7o\u011funda bizzat bulunmu\u015f ve y\u00f6netmi\u015ftir. Bunun yan\u0131 s\u0131ra<span class=\"excerpt-hellip\"> [\u2026]<\/span><\/p>\n","protected":false},"featured_media":0,"template":"","meta":{"_monsterinsights_skip_tracking":false,"_monsterinsights_sitenote_active":false,"_monsterinsights_sitenote_note":"","_monsterinsights_sitenote_category":0},"product_brand":[],"product_cat":[12305,12304],"product_tag":[],"class_list":{"0":"post-766314","1":"product","2":"type-product","3":"status-publish","5":"product_cat-dunya-tarihi","6":"product_cat-tarih","7":"pa_cilt-ciltsiz","8":"pa_tur-kitap","9":"pa_yayinevi-sumer-yayin","10":"pa_yazar-arthur-weigall","12":"first","13":"instock","14":"sale","15":"shipping-taxable","16":"purchasable","17":"product-type-simple"},"_links":{"self":[{"href":"https:\/\/roveyayinevi.com.tr\/index.php\/wp-json\/wp\/v2\/product\/766314","targetHints":{"allow":["GET"]}}],"collection":[{"href":"https:\/\/roveyayinevi.com.tr\/index.php\/wp-json\/wp\/v2\/product"}],"about":[{"href":"https:\/\/roveyayinevi.com.tr\/index.php\/wp-json\/wp\/v2\/types\/product"}],"wp:attachment":[{"href":"https:\/\/roveyayinevi.com.tr\/index.php\/wp-json\/wp\/v2\/media?parent=766314"}],"wp:term":[{"taxonomy":"product_brand","embeddable":true,"href":"https:\/\/roveyayinevi.com.tr\/index.php\/wp-json\/wp\/v2\/product_brand?post=766314"},{"taxonomy":"product_cat","embeddable":true,"href":"https:\/\/roveyayinevi.com.tr\/index.php\/wp-json\/wp\/v2\/product_cat?post=766314"},{"taxonomy":"product_tag","embeddable":true,"href":"https:\/\/roveyayinevi.com.tr\/index.php\/wp-json\/wp\/v2\/product_tag?post=766314"}],"curies":[{"name":"wp","href":"https:\/\/api.w.org\/{rel}","templated":true}]}}