{"id":766310,"date":"2025-08-28T12:09:30","date_gmt":"2025-08-28T09:09:30","guid":{"rendered":"https:\/\/roveyayinevi.com.tr\/index.php\/urun\/kulturel-jeomorfoloji\/"},"modified":"2026-04-15T03:32:10","modified_gmt":"2026-04-15T00:32:10","slug":"kulturel-jeomorfoloji","status":"publish","type":"product","link":"https:\/\/roveyayinevi.com.tr\/index.php\/urun\/kulturel-jeomorfoloji\/","title":{"rendered":"K\u00fclt\u00fcrel Jeomorfoloji"},"content":{"rendered":"<p>Do\u011fal ortam ile insan aras\u0131ndaki kar\u015f\u0131l\u0131kl\u0131 ili\u015fkileri farkl\u0131 y\u00f6nleriyle inceleyen co\u011frafya biliminin sistematik a\u00e7\u0131dan \u00e7ok fazla alt b\u00f6l\u00fcm\u00fc bulunmaktad\u0131r. Jeomorfoloji, do\u011fal ortam\u0131 inceleyen en \u00f6nemli co\u011frafya alt alan\u0131 durumundad\u0131r. Yery\u00fcz\u00fc \u015fekillerini olu\u015fum s\u00fcre\u00e7leri ve insan \u00fczerindeki etkileri a\u00e7\u0131s\u0131ndan ara\u015ft\u0131ran jeomorfoloji bilimi de pek \u00e7ok alt alana ayr\u0131lmaktad\u0131r. K\u00fclt\u00fcrel jeomorfoloji, giderek \u00f6nem kazanan bu ara\u015ft\u0131rma alanlar\u0131ndan birini olu\u015fturmaktad\u0131r. Temelde uygulamal\u0131 jeomorfoloji alt disiplini kapsam\u0131nda bulunan \u201ck\u00fclt\u00fcrel jeomorfoloji\u201d, insan k\u00f6kenli her t\u00fcr faaliyetin, bulundu\u011fu mekanla ili\u015fkilendirilmesine dayal\u0131d\u0131r. Bu kapsamda insan ile do\u011fal ortam etkile\u015fimine, jeomorfoloji penceresinden bakan k\u00fclt\u00fcrel jeomorfoloji \u00e7al\u0131\u015fmalar\u0131 son derece \u00f6nemlidir. Bu eserde k\u00fclt\u00fcrel jeomorfoloji konusu, Kilistra (Konya) \u00f6zelinde incelenmi\u015ftir. Ge\u00e7mi\u015f zamanlardaki insan ve faaliyetlerinin yery\u00fcz\u00fc \u015fekillerinden nas\u0131l etkilendi\u011fi, jeomorfolojik s\u00fcre\u00e7lerin be\u015fer\u00ee faaliyetleri ve daha da \u00f6tesinde medeniyeti nas\u0131l \u015fekillendirdi\u011fi, Kilistra \u00f6rne\u011fiyle ortaya konulmu\u015ftur. T\u00fcrkiye\u2019de uygulamal\u0131 jeomorfoloji konusunu ele alan ara\u015ft\u0131rmalar son derece k\u0131s\u0131tl\u0131d\u0131r. Bu eser; genelde uygulamal\u0131 jeomorfoloji, \u00f6zelde ise k\u00fclt\u00fcrel jeomorfoloji konusunda ara\u015ft\u0131rma yapacak co\u011frafyac\u0131lara teorik a\u00e7\u0131dan katk\u0131 sa\u011flayaca\u011f\u0131 ve rehberlik edecek niteliktedir.<\/p>\n","protected":false},"excerpt":{"rendered":"<p>Do\u011fal ortam ile insan aras\u0131ndaki kar\u015f\u0131l\u0131kl\u0131 ili\u015fkileri farkl\u0131 y\u00f6nleriyle inceleyen co\u011frafya biliminin sistematik a\u00e7\u0131dan \u00e7ok fazla alt b\u00f6l\u00fcm\u00fc bulunmaktad\u0131r. Jeomorfoloji, do\u011fal ortam\u0131 inceleyen en \u00f6nemli co\u011frafya<span class=\"excerpt-hellip\"> [\u2026]<\/span><\/p>\n","protected":false},"featured_media":0,"template":"","meta":{"_monsterinsights_skip_tracking":false,"_monsterinsights_sitenote_active":false,"_monsterinsights_sitenote_note":"","_monsterinsights_sitenote_category":0},"product_brand":[],"product_cat":[12364,16266],"product_tag":[],"class_list":{"0":"post-766310","1":"product","2":"type-product","3":"status-publish","5":"product_cat-genel-konular","6":"product_cat-referans-kaynak-kitap","7":"pa_cilt-ciltsiz","8":"pa_tur-kitap","9":"pa_yayinevi-yeditepe-yayinevi","10":"pa_yazar-halil-mesut-baylak","12":"first","13":"instock","14":"sale","15":"shipping-taxable","16":"purchasable","17":"product-type-simple"},"_links":{"self":[{"href":"https:\/\/roveyayinevi.com.tr\/index.php\/wp-json\/wp\/v2\/product\/766310","targetHints":{"allow":["GET"]}}],"collection":[{"href":"https:\/\/roveyayinevi.com.tr\/index.php\/wp-json\/wp\/v2\/product"}],"about":[{"href":"https:\/\/roveyayinevi.com.tr\/index.php\/wp-json\/wp\/v2\/types\/product"}],"wp:attachment":[{"href":"https:\/\/roveyayinevi.com.tr\/index.php\/wp-json\/wp\/v2\/media?parent=766310"}],"wp:term":[{"taxonomy":"product_brand","embeddable":true,"href":"https:\/\/roveyayinevi.com.tr\/index.php\/wp-json\/wp\/v2\/product_brand?post=766310"},{"taxonomy":"product_cat","embeddable":true,"href":"https:\/\/roveyayinevi.com.tr\/index.php\/wp-json\/wp\/v2\/product_cat?post=766310"},{"taxonomy":"product_tag","embeddable":true,"href":"https:\/\/roveyayinevi.com.tr\/index.php\/wp-json\/wp\/v2\/product_tag?post=766310"}],"curies":[{"name":"wp","href":"https:\/\/api.w.org\/{rel}","templated":true}]}}