{"id":766308,"date":"2025-08-28T12:09:27","date_gmt":"2025-08-28T09:09:27","guid":{"rendered":"https:\/\/roveyayinevi.com.tr\/index.php\/urun\/canavarlar-cilekli-sut-icmez\/"},"modified":"2026-04-13T03:27:43","modified_gmt":"2026-04-13T00:27:43","slug":"canavarlar-cilekli-sut-icmez","status":"publish","type":"product","link":"https:\/\/roveyayinevi.com.tr\/index.php\/urun\/canavarlar-cilekli-sut-icmez\/","title":{"rendered":"Canavarlar \u00c7ilekli S\u00fct \u0130\u00e7mez"},"content":{"rendered":"<p>Canavarlar \u00e7ilekli s\u00fct i\u00e7mezler. Kuaf\u00f6re gitmezler. Piyano \u00e7alamazlar. G\u00f6zl\u00fck takmaz veya ayakkab\u0131 giymezler. En \u00f6nemlisi de canavarlar canavar oldu\u011funu bilmezler.Neden mi?\u00c7\u00fcnk\u00fc canavarlar ger\u00e7ek de\u011fildir!Canavarlar\u0131n d\u00fcnyas\u0131na mizahi bir giri\u015f yapan, s\u0131rad\u0131\u015f\u0131 \u00e7izimleriyle ilk sayfas\u0131ndan itibaren \u00e7ocuklar\u0131 etkisi alt\u0131na alan bu kitap; canavarlarla ilgili kal\u0131pla\u015fm\u0131\u015f b\u00fct\u00fcn bak\u0131\u015f a\u00e7\u0131lar\u0131n\u0131 alt \u00fcst edecek\u2026 Canavarlar\u0131n asl\u0131nda \u00e7ocuklar\u0131n zor duygular\u0131n\u0131 ifade etmeye \u00e7al\u0131\u015f\u0131rken yarat\u0131c\u0131l\u0131klar\u0131n\u0131n da deste\u011fiyle ortaya \u00e7\u0131kard\u0131klar\u0131 fantastik karakterler olduklar\u0131n\u0131 ke\u015ffetmeleri i\u00e7in etkili bir kaynak.<\/p>\n","protected":false},"excerpt":{"rendered":"<p>Canavarlar \u00e7ilekli s\u00fct i\u00e7mezler. Kuaf\u00f6re gitmezler. Piyano \u00e7alamazlar. G\u00f6zl\u00fck takmaz veya ayakkab\u0131 giymezler. En \u00f6nemlisi de canavarlar canavar oldu\u011funu bilmezler.Neden mi?\u00c7\u00fcnk\u00fc canavarlar ger\u00e7ek de\u011fildir!Canavarlar\u0131n d\u00fcnyas\u0131na mizahi<span class=\"excerpt-hellip\"> [\u2026]<\/span><\/p>\n","protected":false},"featured_media":0,"template":"","meta":{"_monsterinsights_skip_tracking":false,"_monsterinsights_sitenote_active":false,"_monsterinsights_sitenote_note":"","_monsterinsights_sitenote_category":0},"product_brand":[],"product_cat":[12274],"product_tag":[],"class_list":{"0":"post-766308","1":"product","2":"type-product","3":"status-publish","5":"product_cat-cocuk-ve-genclik-kitaplari","6":"pa_cilt-ciltsiz","7":"pa_tur-kitap","8":"pa_yayinevi-okuyan-koala","9":"pa_yazar-mariehelene-versini-vincent-boudgourd","11":"first","12":"instock","13":"sale","14":"shipping-taxable","15":"purchasable","16":"product-type-simple"},"_links":{"self":[{"href":"https:\/\/roveyayinevi.com.tr\/index.php\/wp-json\/wp\/v2\/product\/766308","targetHints":{"allow":["GET"]}}],"collection":[{"href":"https:\/\/roveyayinevi.com.tr\/index.php\/wp-json\/wp\/v2\/product"}],"about":[{"href":"https:\/\/roveyayinevi.com.tr\/index.php\/wp-json\/wp\/v2\/types\/product"}],"wp:attachment":[{"href":"https:\/\/roveyayinevi.com.tr\/index.php\/wp-json\/wp\/v2\/media?parent=766308"}],"wp:term":[{"taxonomy":"product_brand","embeddable":true,"href":"https:\/\/roveyayinevi.com.tr\/index.php\/wp-json\/wp\/v2\/product_brand?post=766308"},{"taxonomy":"product_cat","embeddable":true,"href":"https:\/\/roveyayinevi.com.tr\/index.php\/wp-json\/wp\/v2\/product_cat?post=766308"},{"taxonomy":"product_tag","embeddable":true,"href":"https:\/\/roveyayinevi.com.tr\/index.php\/wp-json\/wp\/v2\/product_tag?post=766308"}],"curies":[{"name":"wp","href":"https:\/\/api.w.org\/{rel}","templated":true}]}}