{"id":766303,"date":"2025-08-28T12:09:18","date_gmt":"2025-08-28T09:09:18","guid":{"rendered":"https:\/\/roveyayinevi.com.tr\/index.php\/urun\/zipir-bilmeceler\/"},"modified":"2026-04-15T03:32:10","modified_gmt":"2026-04-15T00:32:10","slug":"zipir-bilmeceler","status":"publish","type":"product","link":"https:\/\/roveyayinevi.com.tr\/index.php\/urun\/zipir-bilmeceler\/","title":{"rendered":"Z\u0131p\u0131r Bilmeceler"},"content":{"rendered":"<p>T\u00fcrk \u00e7ocuk edebiyat\u0131n\u0131n usta ismi Yalva\u00e7 Ural, Z\u0131p\u0131r Bilmeceler ile yeniden okurlar\u0131yla bulu\u015fuyor!Y\u0131llard\u0131r yazd\u0131\u011f\u0131 keyifli ve \u00f6\u011fretici metinlerle \u00e7ocuklar\u0131n g\u00f6nl\u00fcnde taht kuran Ural, bu kitab\u0131nda da komik ve e\u011flenceli bilmecelerle okurlar\u0131 hem g\u00fcld\u00fcr\u00fcyor hem de d\u00fc\u015f\u00fcnd\u00fcr\u00fcyor.Bu kitab\u0131n bir di\u011fer \u00f6zelli\u011fi ise kitapla birlikte verilen ayra\u00e7. Bu ayra\u00e7, ayn\u0131 zamanda bir ayna! \u00c7ocuklar, bilmecelerin cevaplar\u0131n\u0131 bu aynay\u0131 kullanarak ke\u015ffedecekler.Yalva\u00e7 Ural, \u00e7ocuklar\u0131n hayal g\u00fcc\u00fcn\u00fc ve d\u00fc\u015f\u00fcnme yeteneklerini geli\u015ftiren bu harika eseriyle yine \u00e7ocuklar\u0131n ve ailelerin favorisi olacak. Z\u0131p\u0131r Bilmeceler, bilmecelerin b\u00fcy\u00fcl\u00fcd\u00fcnyas\u0131nda e\u011flenceli bir yolculu\u011fa \u00e7\u0131kmak isteyen t\u00fcm \u00e7ocuklar ve \u00e7ocuk ruhunu kaybetmeyenler i\u00e7in m\u00fckemmel bir kitap.Yalva\u00e7 Ural\u2019\u0131n e\u011flenceli bilmeceleriyle dolu bu kitab\u0131 ke\u015ffetmek i\u00e7in Z\u0131p\u0131r Bilmeceler&#8217;i ka\u00e7\u0131rmay\u0131n! E\u011flenirken \u00f6\u011frenmek isteyen t\u00fcm \u00e7ocuklar i\u00e7in&#8230; ***  T\u00fcrk \u00e7ocuk edebiyat\u0131n\u0131n usta ismi Yalva\u00e7 Ural Z\u0131p\u0131r Bilmeceler ile tekrar kar\u015f\u0131m\u0131zda!Y\u0131llard\u0131r kaleme ald\u0131\u011f\u0131 birbirinden komik ve \u00f6\u011fretici metinlerle \u00e7ocuklar\u0131n g\u00f6nl\u00fcnde taht kuran Ural, bu kitab\u0131nda da sevimli ve bir o kadar da e\u011flenceli bilmecelerle okurlar\u0131 k\u00e2h g\u00fcld\u00fcr\u00fcyor k\u00e2h d\u00fc\u015f\u00fcnd\u00fcr\u00fcyor.Ayr\u0131ca bilmecelerin yan\u0131tlar\u0131n\u0131 bulman\u0131n b\u00fcy\u00fcl\u00fc bir yolu var. Kitab\u0131n ayrac\u0131 bir ayna! Ve \u00e7ocuklar, bilmecelerin yan\u0131tlar\u0131n\u0131 bu aynay\u0131 kullanarak bulacaklar.Yalva\u00e7 Ural&#8217;\u0131n \u00f6zg\u00fcn bilmece kurgusuyla kaleme ald\u0131\u011f\u0131 bu kitab\u0131 kesinlikle okumal\u0131s\u0131n\u0131z! <\/p>\n","protected":false},"excerpt":{"rendered":"<p>T\u00fcrk \u00e7ocuk edebiyat\u0131n\u0131n usta ismi Yalva\u00e7 Ural, Z\u0131p\u0131r Bilmeceler ile yeniden okurlar\u0131yla bulu\u015fuyor!Y\u0131llard\u0131r yazd\u0131\u011f\u0131 keyifli ve \u00f6\u011fretici metinlerle \u00e7ocuklar\u0131n g\u00f6nl\u00fcnde taht kuran Ural, bu kitab\u0131nda da<span class=\"excerpt-hellip\"> [\u2026]<\/span><\/p>\n","protected":false},"featured_media":0,"template":"","meta":{"_monsterinsights_skip_tracking":false,"_monsterinsights_sitenote_active":false,"_monsterinsights_sitenote_note":"","_monsterinsights_sitenote_category":0},"product_brand":[],"product_cat":[12492,12274],"product_tag":[],"class_list":{"0":"post-766303","1":"product","2":"type-product","3":"status-publish","5":"product_cat-bilmece-bulmaca","6":"product_cat-cocuk-ve-genclik-kitaplari","7":"pa_cilt-ciltsiz","8":"pa_tur-kitap","9":"pa_yayinevi-fom-kitap","10":"pa_yazar-yalvac-ural","12":"first","13":"instock","14":"sale","15":"shipping-taxable","16":"purchasable","17":"product-type-simple"},"_links":{"self":[{"href":"https:\/\/roveyayinevi.com.tr\/index.php\/wp-json\/wp\/v2\/product\/766303","targetHints":{"allow":["GET"]}}],"collection":[{"href":"https:\/\/roveyayinevi.com.tr\/index.php\/wp-json\/wp\/v2\/product"}],"about":[{"href":"https:\/\/roveyayinevi.com.tr\/index.php\/wp-json\/wp\/v2\/types\/product"}],"wp:attachment":[{"href":"https:\/\/roveyayinevi.com.tr\/index.php\/wp-json\/wp\/v2\/media?parent=766303"}],"wp:term":[{"taxonomy":"product_brand","embeddable":true,"href":"https:\/\/roveyayinevi.com.tr\/index.php\/wp-json\/wp\/v2\/product_brand?post=766303"},{"taxonomy":"product_cat","embeddable":true,"href":"https:\/\/roveyayinevi.com.tr\/index.php\/wp-json\/wp\/v2\/product_cat?post=766303"},{"taxonomy":"product_tag","embeddable":true,"href":"https:\/\/roveyayinevi.com.tr\/index.php\/wp-json\/wp\/v2\/product_tag?post=766303"}],"curies":[{"name":"wp","href":"https:\/\/api.w.org\/{rel}","templated":true}]}}