{"id":766300,"date":"2025-08-28T12:09:12","date_gmt":"2025-08-28T09:09:12","guid":{"rendered":"https:\/\/roveyayinevi.com.tr\/index.php\/urun\/derin-uykular-tatli-ruyalar\/"},"modified":"2026-04-15T03:32:10","modified_gmt":"2026-04-15T00:32:10","slug":"derin-uykular-tatli-ruyalar","status":"publish","type":"product","link":"https:\/\/roveyayinevi.com.tr\/index.php\/urun\/derin-uykular-tatli-ruyalar\/","title":{"rendered":"Derin Uykular Tatl\u0131 R\u00fcyalar"},"content":{"rendered":"<p>Derin bir uyku i\u00e7in uzuuun biryolculu\u011fa \u00e7\u0131kaca\u011f\u0131z. \u00c7ocuk kitaplar\u0131yla sevilen akademisyen, yazar \u015eener \u015e\u00fckr\u00fc Yi\u011fitler, k\u0131\u015f uykusuna yatamayan iki karde\u015f ay\u0131n\u0131n ve onlara yard\u0131m eden bir \u00e7ocu\u011fun hik\u00e2yesini anlat\u0131yor. Bir \u00e7at\u0131 kat\u0131ndan kutuplara uzanan renkli macera, B\u00fc\u015fra Kayg\u0131n Gafarov&#8217;un ne\u015feli desenleriyle canlan\u0131yor. D\u00fc\u015fle ger\u00e7e\u011fin s\u0131n\u0131r\u0131nda dola\u015fan, kitaplar\u0131n b\u00fcy\u00fcs\u00fcn\u00fc y\u00fccelten resimli \u00f6yk\u00fc, her ya\u015ftan okuru sevgi dolu bir yolculu\u011fa \u00e7\u0131kar\u0131yor. B\u00fcy\u00fck Ay\u0131 ve karde\u015fi K\u00fc\u00e7\u00fck Ay\u0131, a\u015f\u0131r\u0131 s\u0131caklar y\u00fcz\u00fcnden bir t\u00fcrl\u00fc uyuyam\u0131yordu. Odas\u0131n\u0131n \u00fcst\u00fcnde ya\u015fayan ay\u0131 karde\u015flere yard\u0131m etmek isteyen \u0130nci, k\u0131\u015f uykusuna yatabilmeleri i\u00e7in onlara masal kitaplar\u0131 okumaya ba\u015flad\u0131. Ama bu da i\u015fe yaramad\u0131. Sonunda bir d\u00fcnya haritas\u0131 \u0130nci&#8217;ye yol g\u00f6sterdi: Karde\u015f ay\u0131lar, so\u011fuk Kuzey Kutbu&#8217;nda rahat\u00e7a uyuyabilirdi. Oraya ula\u015fmak i\u00e7inse \u0130nci&#8217;nin parlak bir fikri vard\u0131!..<\/p>\n","protected":false},"excerpt":{"rendered":"<p>Derin bir uyku i\u00e7in uzuuun biryolculu\u011fa \u00e7\u0131kaca\u011f\u0131z. \u00c7ocuk kitaplar\u0131yla sevilen akademisyen, yazar \u015eener \u015e\u00fckr\u00fc Yi\u011fitler, k\u0131\u015f uykusuna yatamayan iki karde\u015f ay\u0131n\u0131n ve onlara yard\u0131m eden bir<span class=\"excerpt-hellip\"> [\u2026]<\/span><\/p>\n","protected":false},"featured_media":0,"template":"","meta":{"_monsterinsights_skip_tracking":false,"_monsterinsights_sitenote_active":false,"_monsterinsights_sitenote_note":"","_monsterinsights_sitenote_category":0},"product_brand":[],"product_cat":[12274,12284],"product_tag":[],"class_list":{"0":"post-766300","1":"product","2":"type-product","3":"status-publish","5":"product_cat-cocuk-ve-genclik-kitaplari","6":"product_cat-hikayeler","7":"pa_cilt-ciltsiz","8":"pa_tur-kitap","9":"pa_yayinevi-gunisigi-kitapligi","10":"pa_yazar-sener-sukru-yigitler-busra-kaygin-gafarov","12":"first","13":"instock","14":"sale","15":"shipping-taxable","16":"purchasable","17":"product-type-simple"},"_links":{"self":[{"href":"https:\/\/roveyayinevi.com.tr\/index.php\/wp-json\/wp\/v2\/product\/766300","targetHints":{"allow":["GET"]}}],"collection":[{"href":"https:\/\/roveyayinevi.com.tr\/index.php\/wp-json\/wp\/v2\/product"}],"about":[{"href":"https:\/\/roveyayinevi.com.tr\/index.php\/wp-json\/wp\/v2\/types\/product"}],"wp:attachment":[{"href":"https:\/\/roveyayinevi.com.tr\/index.php\/wp-json\/wp\/v2\/media?parent=766300"}],"wp:term":[{"taxonomy":"product_brand","embeddable":true,"href":"https:\/\/roveyayinevi.com.tr\/index.php\/wp-json\/wp\/v2\/product_brand?post=766300"},{"taxonomy":"product_cat","embeddable":true,"href":"https:\/\/roveyayinevi.com.tr\/index.php\/wp-json\/wp\/v2\/product_cat?post=766300"},{"taxonomy":"product_tag","embeddable":true,"href":"https:\/\/roveyayinevi.com.tr\/index.php\/wp-json\/wp\/v2\/product_tag?post=766300"}],"curies":[{"name":"wp","href":"https:\/\/api.w.org\/{rel}","templated":true}]}}