{"id":766299,"date":"2025-08-28T12:09:09","date_gmt":"2025-08-28T09:09:09","guid":{"rendered":"https:\/\/roveyayinevi.com.tr\/index.php\/urun\/madam-oldu\/"},"modified":"2026-01-29T04:02:19","modified_gmt":"2026-01-29T01:02:19","slug":"madam-oldu","status":"publish","type":"product","link":"https:\/\/roveyayinevi.com.tr\/index.php\/urun\/madam-oldu\/","title":{"rendered":"Madam \u00d6ld\u00fc"},"content":{"rendered":"<p>Bir\u00e7ok kez \u00f6lmek olas\u0131 m\u0131d\u0131r? Bu kitab\u0131 okuyunca eminim siz de bu soruyu soracaks\u0131n\u0131z. Kim bilir, belki de yeteri kadar di\u011feri olunursa, bir \u201ctekil \u00e7oklu\u011fa\u201d ula\u015f\u0131l\u0131rsa m\u00fcmk\u00fcnd\u00fcr. Sevgili Seyfettin Babat\u2019\u0131n koyu kahve tad\u0131ndaki sat\u0131rlar\u0131nda anlat\u0131lan hik\u00e2yenin her detay\u0131n\u0131n tan\u0131\u011f\u0131y\u0131m ben de. Hi\u00e7bir sat\u0131r\u0131na yabanc\u0131 de\u011filim. Hazreti Ali\u2019nin Z\u00fclfikar\u2019\u0131 ile Yar\u0131kkaya\u2019y\u0131 a\u00e7\u0131\u015f\u0131na, Yar\u0131kkaya r\u00fczg\u00e2r\u0131n\u0131n \u00f6fkesine, dekovil hatt\u0131ndaki k\u00f6hne vagonlara, \u015eekere K\u00f6pr\u00fcs\u00fc\u2019ne, Frans\u0131z Mezarl\u0131\u011f\u0131\u2019na, Antakya\u2019ya, Beyrut\u2019a, \u0130skenderun\u2019a; yasemin \u00e7i\u00e7e\u011fi kokan kad\u0131nlara ve erkeklere, ak\u015famsefalar\u0131n\u0131n, beyaz zambaklar\u0131n kokusuna, begonvillerin ba\u015ftan \u00e7\u0131karan renklerine; imk\u00e2ns\u0131z a\u015fklara, \u00f6ld\u00fcren k\u0131skan\u00e7l\u0131klara; h\u00fczne, hazza, lanete, sava\u015fa; M\u00fczeyyen Senar\u2019a, \u00d6zlem\u2019e, \u015eevki\u2019ye, Suphi\u2019ye, Faruk\u2019a, merhum \u015fof\u00f6r\u00fcn kar\u0131s\u0131na&#8230; Hepsine a\u015finay\u0131m. An, ge\u00e7mi\u015f ve gelecek aras\u0131nda s\u0131k\u0131\u015f\u0131p kalm\u0131\u015ft\u0131 ve Madam sonunda bundan kurtularak \u00f6ld\u00fc! Arap\u00e7a bir a\u011f\u0131t duydu\u011fumuzda bunu daha iyi ayr\u0131msad\u0131k ve hepimiz kendi yitik a\u015fklar\u0131m\u0131za a\u011flad\u0131k. Evet, Madam \u00f6ld\u00fc. \u00d6lmeseydi de biz \u00f6ld\u00fcrecektik onu zaten. Zavall\u0131 \u00f6nyarg\u0131lar\u0131m\u0131zla, onulmaz nefretimizle, amans\u0131z riyak\u00e2rl\u0131\u011f\u0131m\u0131zla \u00f6ld\u00fcrecektik onu. E\u011fitimci-Yazar Kadir Peker&#8230; <\/p>\n","protected":false},"excerpt":{"rendered":"<p>Bir\u00e7ok kez \u00f6lmek olas\u0131 m\u0131d\u0131r? Bu kitab\u0131 okuyunca eminim siz de bu soruyu soracaks\u0131n\u0131z. Kim bilir, belki de yeteri kadar di\u011feri olunursa, bir \u201ctekil \u00e7oklu\u011fa\u201d ula\u015f\u0131l\u0131rsa<span class=\"excerpt-hellip\"> [\u2026]<\/span><\/p>\n","protected":false},"featured_media":0,"template":"","meta":{"_monsterinsights_skip_tracking":false,"_monsterinsights_sitenote_active":false,"_monsterinsights_sitenote_note":"","_monsterinsights_sitenote_category":0},"product_brand":[],"product_cat":[12291,12711],"product_tag":[],"class_list":{"0":"post-766299","1":"product","2":"type-product","3":"status-publish","5":"product_cat-edebiyat","6":"product_cat-roman-oyku","7":"pa_cilt-ciltsiz","8":"pa_tur-kitap","9":"pa_yayinevi-utopya-yayinevi","10":"pa_yazar-seyfettin-babat","12":"first","13":"instock","14":"sale","15":"shipping-taxable","16":"purchasable","17":"product-type-simple"},"_links":{"self":[{"href":"https:\/\/roveyayinevi.com.tr\/index.php\/wp-json\/wp\/v2\/product\/766299","targetHints":{"allow":["GET"]}}],"collection":[{"href":"https:\/\/roveyayinevi.com.tr\/index.php\/wp-json\/wp\/v2\/product"}],"about":[{"href":"https:\/\/roveyayinevi.com.tr\/index.php\/wp-json\/wp\/v2\/types\/product"}],"wp:attachment":[{"href":"https:\/\/roveyayinevi.com.tr\/index.php\/wp-json\/wp\/v2\/media?parent=766299"}],"wp:term":[{"taxonomy":"product_brand","embeddable":true,"href":"https:\/\/roveyayinevi.com.tr\/index.php\/wp-json\/wp\/v2\/product_brand?post=766299"},{"taxonomy":"product_cat","embeddable":true,"href":"https:\/\/roveyayinevi.com.tr\/index.php\/wp-json\/wp\/v2\/product_cat?post=766299"},{"taxonomy":"product_tag","embeddable":true,"href":"https:\/\/roveyayinevi.com.tr\/index.php\/wp-json\/wp\/v2\/product_tag?post=766299"}],"curies":[{"name":"wp","href":"https:\/\/api.w.org\/{rel}","templated":true}]}}