{"id":766293,"date":"2025-08-28T12:09:00","date_gmt":"2025-08-28T09:09:00","guid":{"rendered":"https:\/\/roveyayinevi.com.tr\/index.php\/urun\/golge-4\/"},"modified":"2026-04-15T03:32:09","modified_gmt":"2026-04-15T00:32:09","slug":"golge-4","status":"publish","type":"product","link":"https:\/\/roveyayinevi.com.tr\/index.php\/urun\/golge-4\/","title":{"rendered":"G\u00f6lge"},"content":{"rendered":"<p>Ha\u00e7l\u0131lar Pagan Yeni Roma olarak geri d\u00f6n\u00fcyor! Hem de yerli ve milli g\u00f6r\u00fcnen eller ile. Totaliter bir matrixin i\u00e7inde oldu\u011funu anlamayan insan her yerde mevcut olan ve bir merkezden y\u00f6netilen g\u00f6lgeyi ilk bak\u0131\u015fta alg\u0131layamazd\u0131 ancak i\u015fler de\u011fi\u015fti. 100 y\u0131ld\u0131r saklanan bir i\u015fgalin s\u0131r perdesi yerle bir oldu. Zafer ve ihanet ayn\u0131 \u00e7\u0131kt\u0131. Kud\u00fcs\u2019ten \u0130stanbul\u2019a uzanan bir i\u015fgalin ayn\u0131l\u0131\u011f\u0131 netle\u015fti. \u0130nsanl\u0131k tarihinde \u00e7ok ac\u0131mas\u0131z zul\u00fcmler ve yalanlar g\u00f6rd\u00fc, ya\u015fad\u0131. Ancak insana ve onuruna bundan daha a\u015fa\u011f\u0131l\u0131k ve ac\u0131mas\u0131z bir sald\u0131r\u0131 g\u00f6rmedi. G\u00d6LGE EN KUSURSUZ SAVA\u015e K\u0130MSEN\u0130N FARKINDA OLMADI\u011eI SAVA\u015eTIR Bizleri, vatan\u0131 ve insanl\u0131\u011f\u0131 bekleyen daha b\u00fcy\u00fck par\u00e7alanmalar yoldayken \u2018koruyan\u0131 ve sald\u0131ran\u0131 ayn\u0131\u2019 kap\u0131ya \u00e7\u0131karan g\u00f6lgenin maskesi d\u00fc\u015ft\u00fc. Bili\u015fsel sava\u015f rakibe kar\u015f\u0131 avantaj elde etmek, d\u00fc\u015fman\u0131 etkisiz hale getirmek hatta yok etmek i\u00e7in beyin bilimlerinin silahland\u0131r\u0131ld\u0131\u011f\u0131 bir alan ise bu katliam\u0131n en \u00f6nemli karargah\u0131 ile tan\u0131\u015f\u0131n. G\u00f6zle g\u00f6r\u00fclen bu par\u00e7alanma, g\u00fcc\u00fc eline ge\u00e7irdi\u011fini sananlar\u0131n halk\u0131n \u00fczerinde oynad\u0131\u011f\u0131 \u00f6l\u00fcmc\u00fcl bir oyundan ba\u015fka bir \u015fey de\u011fildir. Biz asl\u0131nda neyin i\u00e7indeyiz? S\u0131rada ne var? Ayn\u0131 d\u00fc\u015fman \u00e7ok daha beter bir sap\u0131kl\u0131\u011fa insanl\u0131\u011f\u0131 haz\u0131rlarken belki de ilk kez hepimiz i\u00e7in g\u00fcne\u015f uyan\u0131yor.<\/p>\n","protected":false},"excerpt":{"rendered":"<p>Ha\u00e7l\u0131lar Pagan Yeni Roma olarak geri d\u00f6n\u00fcyor! Hem de yerli ve milli g\u00f6r\u00fcnen eller ile. Totaliter bir matrixin i\u00e7inde oldu\u011funu anlamayan insan her yerde mevcut olan<span class=\"excerpt-hellip\"> [\u2026]<\/span><\/p>\n","protected":false},"featured_media":0,"template":"","meta":{"_monsterinsights_skip_tracking":false,"_monsterinsights_sitenote_active":false,"_monsterinsights_sitenote_note":"","_monsterinsights_sitenote_category":0},"product_brand":[],"product_cat":[12338,12337],"product_tag":[],"class_list":{"0":"post-766293","1":"product","2":"type-product","3":"status-publish","5":"product_cat-dunya-siyaseti-ve-politikasi","6":"product_cat-politika-siyaset","7":"pa_cilt-ciltsiz","8":"pa_tur-kitap","9":"pa_yayinevi-hayykitap","10":"pa_yazar-eray-haciosmanoglu","12":"first","13":"instock","14":"sale","15":"shipping-taxable","16":"purchasable","17":"product-type-simple"},"_links":{"self":[{"href":"https:\/\/roveyayinevi.com.tr\/index.php\/wp-json\/wp\/v2\/product\/766293","targetHints":{"allow":["GET"]}}],"collection":[{"href":"https:\/\/roveyayinevi.com.tr\/index.php\/wp-json\/wp\/v2\/product"}],"about":[{"href":"https:\/\/roveyayinevi.com.tr\/index.php\/wp-json\/wp\/v2\/types\/product"}],"wp:attachment":[{"href":"https:\/\/roveyayinevi.com.tr\/index.php\/wp-json\/wp\/v2\/media?parent=766293"}],"wp:term":[{"taxonomy":"product_brand","embeddable":true,"href":"https:\/\/roveyayinevi.com.tr\/index.php\/wp-json\/wp\/v2\/product_brand?post=766293"},{"taxonomy":"product_cat","embeddable":true,"href":"https:\/\/roveyayinevi.com.tr\/index.php\/wp-json\/wp\/v2\/product_cat?post=766293"},{"taxonomy":"product_tag","embeddable":true,"href":"https:\/\/roveyayinevi.com.tr\/index.php\/wp-json\/wp\/v2\/product_tag?post=766293"}],"curies":[{"name":"wp","href":"https:\/\/api.w.org\/{rel}","templated":true}]}}