{"id":766292,"date":"2025-08-28T12:08:59","date_gmt":"2025-08-28T09:08:59","guid":{"rendered":"https:\/\/roveyayinevi.com.tr\/index.php\/urun\/cini-sanatiyla-terapi\/"},"modified":"2025-11-21T11:05:28","modified_gmt":"2025-11-21T08:05:28","slug":"cini-sanatiyla-terapi","status":"publish","type":"product","link":"https:\/\/roveyayinevi.com.tr\/index.php\/urun\/cini-sanatiyla-terapi\/","title":{"rendered":"\u00c7ini Sanat\u0131yla Terapi"},"content":{"rendered":"<p>Verdi\u011fim e\u011fitim ilerledik\u00e7e e\u011fitimci\/sosyolog\/ilahiyat\u00e7\u0131\/aile dan\u0131\u015fman\u0131 arka plan\u0131m\u0131n da etkisiyle bu olumlu sonu\u00e7lar\u0131 te\u015fekk\u00fcr k\u0131sm\u0131nda belirtti\u011fim ki\u015filerin de de\u011ferli telkin ve \u0131srarlar\u0131yla bir makale haline getirme fikri do\u011fmaya ba\u015flad\u0131. Sanat dergilerinde ve \u00e7e\u015fitli ulusal ve uluslararas\u0131 sempozyum ve kongrelerde sunulan bildiriler yay\u0131nland\u0131k\u00e7a da bu \u00e7al\u0131\u015fmalar\u0131n makaleler bi\u00e7iminde bir araya getirip kitap haline d\u00f6n\u00fc\u015ft\u00fcrme fikri ka\u00e7\u0131n\u0131lmaz olmaya ba\u015flad\u0131. Sanat, insan \u00fczerinde \u00e7ok \u00f6nemli bir etkiye sahiptir. Sanat, g\u00fcn\u00fcm\u00fczde yaln\u0131zla\u015fan insan\u0131n ruhuna tatl\u0131 dokunu\u015flarda bulunarak insanlar\u0131n birlikte vakit ge\u00e7irerek sosyalle\u015fmesini, farkl\u0131 d\u00fc\u015f\u00fcncedeki insanlar\u0131n bir araya gelerek birbirilerinin fikirlerine sayg\u0131 duymas\u0131n\u0131 ve fikir al\u0131\u015fveri\u015fi yapmas\u0131n\u0131 sa\u011flamaktad\u0131r. Sanat \u00f6zellikle insan ya\u015fam d\u00f6ng\u00fcs\u00fcn\u00fcn son zamanlar\u0131nda olan bireylere istedikleri takdirde yeni bir beceri kazanabileceklerini g\u00f6stermekte ve dolay\u0131s\u0131yla ile i\u00e7i ve \u00e7evresiyle olan ili\u015fkilerine ve ileti\u015fimlerine olumlu katk\u0131lar sa\u011flamaktad\u0131r. Kitapta insana ve nesnelere dair makalelerle sanat\u0131n insana olan katk\u0131lar\u0131 anlat\u0131lmaktad\u0131r. Kitab\u0131n b\u00f6l\u00fcmlerini olu\u015fturan makaleler bir b\u00fct\u00fcn olarak okundu\u011funda g\u00f6r\u00fclece\u011fi gibi her bir makale \u015feklen birbirinden ba\u011f\u0131ms\u0131z g\u00f6z\u00fckse de asl\u0131nda i\u00e7erik olarak insana, sanata ve \u00f6zelde \u00e7ini sanat\u0131na \u00f6zg\u00fc oldu\u011fu i\u00e7in 13 makalenin birbiriyle do\u011frudan ba\u011flant\u0131l\u0131 olup ayn\u0131 zamanda da birbirini tamamlamaktad\u0131r. <\/p>\n","protected":false},"excerpt":{"rendered":"<p>Verdi\u011fim e\u011fitim ilerledik\u00e7e e\u011fitimci\/sosyolog\/ilahiyat\u00e7\u0131\/aile dan\u0131\u015fman\u0131 arka plan\u0131m\u0131n da etkisiyle bu olumlu sonu\u00e7lar\u0131 te\u015fekk\u00fcr k\u0131sm\u0131nda belirtti\u011fim ki\u015filerin de de\u011ferli telkin ve \u0131srarlar\u0131yla bir makale haline getirme fikri<span class=\"excerpt-hellip\"> [\u2026]<\/span><\/p>\n","protected":false},"featured_media":0,"template":"","meta":{"_monsterinsights_skip_tracking":false,"_monsterinsights_sitenote_active":false,"_monsterinsights_sitenote_note":"","_monsterinsights_sitenote_category":0},"product_brand":[],"product_cat":[12408],"product_tag":[],"class_list":{"0":"post-766292","1":"product","2":"type-product","3":"status-publish","5":"product_cat-sanat","6":"pa_cilt-ciltsiz","7":"pa_tur-kitap","8":"pa_yayinevi-gulnar-yayinlari","9":"pa_yazar-ummugulsum-acikoz","11":"first","12":"instock","13":"sale","14":"shipping-taxable","15":"purchasable","16":"product-type-simple"},"_links":{"self":[{"href":"https:\/\/roveyayinevi.com.tr\/index.php\/wp-json\/wp\/v2\/product\/766292","targetHints":{"allow":["GET"]}}],"collection":[{"href":"https:\/\/roveyayinevi.com.tr\/index.php\/wp-json\/wp\/v2\/product"}],"about":[{"href":"https:\/\/roveyayinevi.com.tr\/index.php\/wp-json\/wp\/v2\/types\/product"}],"wp:attachment":[{"href":"https:\/\/roveyayinevi.com.tr\/index.php\/wp-json\/wp\/v2\/media?parent=766292"}],"wp:term":[{"taxonomy":"product_brand","embeddable":true,"href":"https:\/\/roveyayinevi.com.tr\/index.php\/wp-json\/wp\/v2\/product_brand?post=766292"},{"taxonomy":"product_cat","embeddable":true,"href":"https:\/\/roveyayinevi.com.tr\/index.php\/wp-json\/wp\/v2\/product_cat?post=766292"},{"taxonomy":"product_tag","embeddable":true,"href":"https:\/\/roveyayinevi.com.tr\/index.php\/wp-json\/wp\/v2\/product_tag?post=766292"}],"curies":[{"name":"wp","href":"https:\/\/api.w.org\/{rel}","templated":true}]}}