{"id":766288,"date":"2025-08-28T12:08:49","date_gmt":"2025-08-28T09:08:49","guid":{"rendered":"https:\/\/roveyayinevi.com.tr\/index.php\/urun\/innsmouthun-uzerindeki-golge-2\/"},"modified":"2026-04-15T03:32:09","modified_gmt":"2026-04-15T00:32:09","slug":"innsmouthun-uzerindeki-golge-2","status":"publish","type":"product","link":"https:\/\/roveyayinevi.com.tr\/index.php\/urun\/innsmouthun-uzerindeki-golge-2\/","title":{"rendered":"Innsmouth\u2019un \u00dczerindeki G\u00f6lge"},"content":{"rendered":"<p>Denizlerin Derinliklerinden Gelen Korku&#8230; Iss\u0131z bir bal\u0131k\u00e7\u0131 kasabas\u0131 olan Innsmouth, g\u00f6ze \u00e7arpan bir d\u00fc\u015f\u00fc\u015f\u00fcn e\u015fi\u011findedir. Terk edilmi\u015f evler, yar\u0131 \u00e7\u00fcr\u00fcm\u00fc\u015f binalar ve denizden y\u00fckselen yo\u011fun bir bal\u0131k kokusu, kasaban\u0131n karanl\u0131k ge\u00e7mi\u015fine i\u015faret eder. Gen\u00e7 bir gezgin, bu kasvetli yerin s\u0131rlar\u0131n\u0131 ke\u015ffetmeye koyuldu\u011funda, tarihin tozlu sayfalar\u0131na kar\u0131\u015fm\u0131\u015f bir deh\u015fetle kar\u015f\u0131 kar\u015f\u0131ya kal\u0131r. \u0130nsan\u0131 akl\u0131ndan edecek s\u0131rlar y\u00fczy\u0131llar boyunca derinlerde gizlenmi\u015f, kimseye anlat\u0131lmam\u0131\u015f ve kasaba halk\u0131 taraf\u0131ndan ibadetle kutsanm\u0131\u015ft\u0131r. Deniz alt\u0131 \u015fehirleri, esrarengiz yarat\u0131klar ve \u00f6l\u00fcms\u00fczl\u00fck vaat eden lanetli anla\u015fmalar Innsmouth\u2019un ger\u00e7e\u011fini olu\u015fturur. Ancak bu ger\u00e7e\u011fi \u00f6\u011frenmek, gezginin k\u00e2busu h\u00e2line gelir. Kasaban\u0131n \u00fcrpertici sakinleri ve onlar\u0131n karanl\u0131k efendileri pe\u015fini b\u0131rakmaz. Lovecraft\u2019\u0131n dehas\u0131ndan \u00e7\u0131kan &#8220;Innsmouth\u2019un \u00dczerindeki G\u00f6lge&#8221;, okuyucuyu insan akl\u0131n\u0131n s\u0131n\u0131rlar\u0131n\u0131 zorlayan derin bir korkunun i\u00e7ine \u00e7eker. Denizlerin en karanl\u0131k derinliklerinden y\u00fckselen bu deh\u015fete tan\u0131k olmaya cesaretiniz var m\u0131?Formun \u00dcst\u00fc <\/p>\n","protected":false},"excerpt":{"rendered":"<p>Denizlerin Derinliklerinden Gelen Korku&#8230; Iss\u0131z bir bal\u0131k\u00e7\u0131 kasabas\u0131 olan Innsmouth, g\u00f6ze \u00e7arpan bir d\u00fc\u015f\u00fc\u015f\u00fcn e\u015fi\u011findedir. Terk edilmi\u015f evler, yar\u0131 \u00e7\u00fcr\u00fcm\u00fc\u015f binalar ve denizden y\u00fckselen yo\u011fun bir<span class=\"excerpt-hellip\"> [\u2026]<\/span><\/p>\n","protected":false},"featured_media":0,"template":"","meta":{"_monsterinsights_skip_tracking":false,"_monsterinsights_sitenote_active":false,"_monsterinsights_sitenote_note":"","_monsterinsights_sitenote_category":0},"product_brand":[],"product_cat":[12291,17033],"product_tag":[],"class_list":{"0":"post-766288","1":"product","2":"type-product","3":"status-publish","5":"product_cat-edebiyat","6":"product_cat-korku-gerilim","7":"pa_cilt-ciltsiz","8":"pa_tur-kitap","9":"pa_yayinevi-ulysses-yayinlari","10":"pa_yazar-h-p-lovecraft","12":"first","13":"instock","14":"sale","15":"shipping-taxable","16":"purchasable","17":"product-type-simple"},"_links":{"self":[{"href":"https:\/\/roveyayinevi.com.tr\/index.php\/wp-json\/wp\/v2\/product\/766288","targetHints":{"allow":["GET"]}}],"collection":[{"href":"https:\/\/roveyayinevi.com.tr\/index.php\/wp-json\/wp\/v2\/product"}],"about":[{"href":"https:\/\/roveyayinevi.com.tr\/index.php\/wp-json\/wp\/v2\/types\/product"}],"wp:attachment":[{"href":"https:\/\/roveyayinevi.com.tr\/index.php\/wp-json\/wp\/v2\/media?parent=766288"}],"wp:term":[{"taxonomy":"product_brand","embeddable":true,"href":"https:\/\/roveyayinevi.com.tr\/index.php\/wp-json\/wp\/v2\/product_brand?post=766288"},{"taxonomy":"product_cat","embeddable":true,"href":"https:\/\/roveyayinevi.com.tr\/index.php\/wp-json\/wp\/v2\/product_cat?post=766288"},{"taxonomy":"product_tag","embeddable":true,"href":"https:\/\/roveyayinevi.com.tr\/index.php\/wp-json\/wp\/v2\/product_tag?post=766288"}],"curies":[{"name":"wp","href":"https:\/\/api.w.org\/{rel}","templated":true}]}}