{"id":766287,"date":"2025-08-28T12:08:47","date_gmt":"2025-08-28T09:08:47","guid":{"rendered":"https:\/\/roveyayinevi.com.tr\/index.php\/urun\/sogutler-2\/"},"modified":"2026-04-15T03:32:09","modified_gmt":"2026-04-15T00:32:09","slug":"sogutler-2","status":"publish","type":"product","link":"https:\/\/roveyayinevi.com.tr\/index.php\/urun\/sogutler-2\/","title":{"rendered":"S\u00f6\u011f\u00fctler"},"content":{"rendered":"<p>G\u00d6ZLER\u0130N\u0130Z\u0130 KAPADI\u011eINIZDA YALNIZ MISINIZ? YOKSA DO\u011eA S\u0130ZE FISILDIYOR MU? Tuna Nehri boyunca yap\u0131lan s\u0131radan bir yolculuk, do\u011fan\u0131n g\u00f6rkemli sakinli\u011finde saklanan korkun\u00e7 bir bilinmeyene a\u00e7\u0131lan kap\u0131ya d\u00f6n\u00fc\u015f\u00fcr. \u0130ki maceraperest, \u0131ss\u0131z bir adac\u0131kta kamp kurduklar\u0131nda, \u00e7evrelerini saran s\u00f6\u011f\u00fct a\u011fa\u00e7lar\u0131n\u0131n sadece a\u011fa\u00e7lardan ibaret olmad\u0131\u011f\u0131n\u0131 fark ederler. Sessizlikte gizlenen, g\u00f6zle g\u00f6r\u00fcnmeyen bir varl\u0131k giderek yo\u011funla\u015f\u0131rken, ak\u0131l ve ger\u00e7eklik s\u0131n\u0131rlar\u0131 bulan\u0131kla\u015f\u0131r. Burada kar\u015f\u0131la\u015ft\u0131klar\u0131 \u015fey, s\u0131n\u0131rlar\u0131 olmayan, insan akl\u0131n\u0131n kavrayamayaca\u011f\u0131 t\u00fcrden bir deh\u015fettir! Atmosferik gerilim ve do\u011fa\u00fcst\u00fc korkunun zirvesi olan S\u00f6\u011f\u00fctler, do\u011fan\u0131n bilinmezli\u011fini i\u015fleyen en etkili hik\u00e2yelerden biridir. Okuyucuyu tedirgin edici bir belirsizli\u011fin i\u00e7ine \u00e7eken Algernon Blackwood, her sat\u0131r\u0131nda gerilimi art\u0131rarak bilinmeyenin deh\u015fetini hissettirir. H.P. Lovecraft&#8217;\u0131n \u201ct\u00fcm zamanlar\u0131n en iyi do\u011fa\u00fcst\u00fc korku hik\u00e2yesi\u201d olarak tan\u0131mlad\u0131\u011f\u0131 bu ba\u015fyap\u0131t, insan\u0131n evrendeki k\u00fc\u00e7\u00fckl\u00fc\u011f\u00fcn\u00fc ve do\u011fa kar\u015f\u0131s\u0131ndaki \u00e7aresizli\u011fini unutulmaz bir bi\u00e7imde resmeder. <\/p>\n","protected":false},"excerpt":{"rendered":"<p>G\u00d6ZLER\u0130N\u0130Z\u0130 KAPADI\u011eINIZDA YALNIZ MISINIZ? YOKSA DO\u011eA S\u0130ZE FISILDIYOR MU? Tuna Nehri boyunca yap\u0131lan s\u0131radan bir yolculuk, do\u011fan\u0131n g\u00f6rkemli sakinli\u011finde saklanan korkun\u00e7 bir bilinmeyene a\u00e7\u0131lan kap\u0131ya d\u00f6n\u00fc\u015f\u00fcr.<span class=\"excerpt-hellip\"> [\u2026]<\/span><\/p>\n","protected":false},"featured_media":0,"template":"","meta":{"_monsterinsights_skip_tracking":false,"_monsterinsights_sitenote_active":false,"_monsterinsights_sitenote_note":"","_monsterinsights_sitenote_category":0},"product_brand":[],"product_cat":[12291,17033],"product_tag":[],"class_list":{"0":"post-766287","1":"product","2":"type-product","3":"status-publish","5":"product_cat-edebiyat","6":"product_cat-korku-gerilim","7":"pa_cilt-ciltsiz","8":"pa_tur-kitap","9":"pa_yayinevi-ulysses-yayinlari","10":"pa_yazar-algernon-blackwood","12":"first","13":"instock","14":"sale","15":"shipping-taxable","16":"purchasable","17":"product-type-simple"},"_links":{"self":[{"href":"https:\/\/roveyayinevi.com.tr\/index.php\/wp-json\/wp\/v2\/product\/766287","targetHints":{"allow":["GET"]}}],"collection":[{"href":"https:\/\/roveyayinevi.com.tr\/index.php\/wp-json\/wp\/v2\/product"}],"about":[{"href":"https:\/\/roveyayinevi.com.tr\/index.php\/wp-json\/wp\/v2\/types\/product"}],"wp:attachment":[{"href":"https:\/\/roveyayinevi.com.tr\/index.php\/wp-json\/wp\/v2\/media?parent=766287"}],"wp:term":[{"taxonomy":"product_brand","embeddable":true,"href":"https:\/\/roveyayinevi.com.tr\/index.php\/wp-json\/wp\/v2\/product_brand?post=766287"},{"taxonomy":"product_cat","embeddable":true,"href":"https:\/\/roveyayinevi.com.tr\/index.php\/wp-json\/wp\/v2\/product_cat?post=766287"},{"taxonomy":"product_tag","embeddable":true,"href":"https:\/\/roveyayinevi.com.tr\/index.php\/wp-json\/wp\/v2\/product_tag?post=766287"}],"curies":[{"name":"wp","href":"https:\/\/api.w.org\/{rel}","templated":true}]}}