{"id":766286,"date":"2025-08-28T12:08:45","date_gmt":"2025-08-28T09:08:45","guid":{"rendered":"https:\/\/roveyayinevi.com.tr\/index.php\/urun\/yasli-dadinin-hikayesi\/"},"modified":"2026-04-15T03:32:09","modified_gmt":"2026-04-15T00:32:09","slug":"yasli-dadinin-hikayesi","status":"publish","type":"product","link":"https:\/\/roveyayinevi.com.tr\/index.php\/urun\/yasli-dadinin-hikayesi\/","title":{"rendered":"Ya\u015fl\u0131 Dad\u0131n\u0131n Hikayesi"},"content":{"rendered":"<p>KARANLI\u011eIN VE P\u0130\u015eMANLIKLARIN DOLANDI\u011eI BU EVDE, KORKU H\u0130\u00c7B\u0130R ZAMAN SON BULMAYACAK\u2026 Karanl\u0131k ve so\u011fuk r\u00fczg\u00e2rlar\u0131n uludu\u011fu bir tepede, ge\u00e7mi\u015fin hayaletleriyle dolu bir malik\u00e2ne y\u00fckseliyor. Bu evde yank\u0131lanan her ad\u0131m, unutulmu\u015f s\u0131rlar\u0131n ve y\u0131llard\u0131r g\u00f6m\u00fcl\u00fc kalm\u0131\u015f trajedilerin izini ta\u015f\u0131yor. Hester, k\u00fc\u00e7\u00fck Rosamond\u2019a bakmak \u00fczere geldi\u011fi bu g\u00f6rkemli malik\u00e2nede, yava\u015f yava\u015f hem kendi ak\u0131l sa\u011fl\u0131\u011f\u0131n\u0131 hem de sevdi\u011fi k\u00fc\u00e7\u00fck k\u0131z\u0131n masumiyetini korumak i\u00e7in sava\u015fmak zorunda kal\u0131yor. Kilitli kap\u0131lar\u0131n ard\u0131nda gizlenen eski hatalar so\u011fuk k\u0131\u015f gecelerinde yeniden canlan\u0131rken, ge\u00e7mi\u015fin hayaletleri bu evde ya\u015fayanlar\u0131n \u00fczerine karanl\u0131k bir g\u00f6lge gibi \u00e7\u00f6kmektedir. A\u015fk, k\u0131skan\u00e7l\u0131k ve intikam\u0131n i\u00e7 i\u00e7e ge\u00e7ti\u011fi bu dram, art\u0131k evin i\u00e7inde yank\u0131lanan korkun\u00e7 bir hayaletin varl\u0131\u011f\u0131na d\u00f6n\u00fc\u015fm\u00fc\u015ft\u00fcr. Hester ve k\u00fc\u00e7\u00fck Rosamond, bu k\u00e2bus dolu malik\u00e2neden ka\u00e7abilecek mi, yoksa bu lanet onlar\u0131 da i\u00e7ine mi \u00e7ekecek? <\/p>\n","protected":false},"excerpt":{"rendered":"<p>KARANLI\u011eIN VE P\u0130\u015eMANLIKLARIN DOLANDI\u011eI BU EVDE, KORKU H\u0130\u00c7B\u0130R ZAMAN SON BULMAYACAK\u2026 Karanl\u0131k ve so\u011fuk r\u00fczg\u00e2rlar\u0131n uludu\u011fu bir tepede, ge\u00e7mi\u015fin hayaletleriyle dolu bir malik\u00e2ne y\u00fckseliyor. Bu evde<span class=\"excerpt-hellip\"> [\u2026]<\/span><\/p>\n","protected":false},"featured_media":0,"template":"","meta":{"_monsterinsights_skip_tracking":false,"_monsterinsights_sitenote_active":false,"_monsterinsights_sitenote_note":"","_monsterinsights_sitenote_category":0},"product_brand":[],"product_cat":[12291,17033],"product_tag":[],"class_list":{"0":"post-766286","1":"product","2":"type-product","3":"status-publish","5":"product_cat-edebiyat","6":"product_cat-korku-gerilim","7":"pa_cilt-ciltsiz","8":"pa_tur-kitap","9":"pa_yayinevi-ulysses-yayinlari","10":"pa_yazar-elizabeth-gaskell","12":"first","13":"instock","14":"sale","15":"shipping-taxable","16":"purchasable","17":"product-type-simple"},"_links":{"self":[{"href":"https:\/\/roveyayinevi.com.tr\/index.php\/wp-json\/wp\/v2\/product\/766286","targetHints":{"allow":["GET"]}}],"collection":[{"href":"https:\/\/roveyayinevi.com.tr\/index.php\/wp-json\/wp\/v2\/product"}],"about":[{"href":"https:\/\/roveyayinevi.com.tr\/index.php\/wp-json\/wp\/v2\/types\/product"}],"wp:attachment":[{"href":"https:\/\/roveyayinevi.com.tr\/index.php\/wp-json\/wp\/v2\/media?parent=766286"}],"wp:term":[{"taxonomy":"product_brand","embeddable":true,"href":"https:\/\/roveyayinevi.com.tr\/index.php\/wp-json\/wp\/v2\/product_brand?post=766286"},{"taxonomy":"product_cat","embeddable":true,"href":"https:\/\/roveyayinevi.com.tr\/index.php\/wp-json\/wp\/v2\/product_cat?post=766286"},{"taxonomy":"product_tag","embeddable":true,"href":"https:\/\/roveyayinevi.com.tr\/index.php\/wp-json\/wp\/v2\/product_tag?post=766286"}],"curies":[{"name":"wp","href":"https:\/\/api.w.org\/{rel}","templated":true}]}}