{"id":766285,"date":"2025-08-28T12:08:43","date_gmt":"2025-08-28T09:08:43","guid":{"rendered":"https:\/\/roveyayinevi.com.tr\/index.php\/urun\/carmilla-4\/"},"modified":"2026-04-15T03:32:09","modified_gmt":"2026-04-15T00:32:09","slug":"carmilla-4","status":"publish","type":"product","link":"https:\/\/roveyayinevi.com.tr\/index.php\/urun\/carmilla-4\/","title":{"rendered":"Carmilla"},"content":{"rendered":"<p>Ge\u00e7mi\u015fin g\u00f6lgelerinde sakl\u0131 bir \u015fatoda ya\u015fayan gen\u00e7 Laura\u2019n\u0131n huzurlu hayat\u0131, gizemli ve b\u00fcy\u00fcleyici misafirleri Carmilla\u2019n\u0131n geli\u015fiyle alt\u00fcst olur. Ancak bu yabanc\u0131n\u0131n dostlu\u011fu, g\u00f6r\u00fcnd\u00fc\u011f\u00fcnden \u00e7ok daha tehlikelidir. Laura, bu kad\u0131nla aralar\u0131nda filizlenen tuhaf ba\u011f\u0131n ard\u0131ndaki karanl\u0131k s\u0131rlar\u0131 ke\u015ffetmeye \u00e7al\u0131\u015f\u0131rken, fark\u0131nda olmadan \u00f6l\u00fcmc\u00fcl bir oyunun i\u00e7ine s\u00fcr\u00fcklenir. A\u015fk, tutku ve \u00f6l\u00fcme dair s\u0131n\u0131rlar\u0131 zorlayan bu \u00f6yk\u00fc, yaln\u0131zca kan\u0131n de\u011fil, ruhun da emildi\u011fi bir d\u00fcnyaya davet ediyor. Carmilla\u2019n\u0131n \u00e7ekicili\u011fi b\u00fcy\u00fcleyici olsa da ard\u0131nda saklanan deh\u015fet \u00f6l\u00fcm kadar so\u011fuk. Peki, Laura bu oyundan sa\u011f \u00e7\u0131kabilecek mi? Gotik edebiyat\u0131n en eski ve etkileyici vampir hik\u00e2yelerinden biri olan Carmilla, korkunun, arzunun ve kaderin ince \u00e7izgisinde gezinen bir ba\u015fyap\u0131t. Dracula\u2019dan \u00f6nce yaz\u0131lan bu unutulmaz hik\u00e2ye, edebiyatseverleri karanl\u0131k ve b\u00fcy\u00fcl\u00fc bir d\u00fcnyaya davet ediyor. <\/p>\n","protected":false},"excerpt":{"rendered":"<p>Ge\u00e7mi\u015fin g\u00f6lgelerinde sakl\u0131 bir \u015fatoda ya\u015fayan gen\u00e7 Laura\u2019n\u0131n huzurlu hayat\u0131, gizemli ve b\u00fcy\u00fcleyici misafirleri Carmilla\u2019n\u0131n geli\u015fiyle alt\u00fcst olur. Ancak bu yabanc\u0131n\u0131n dostlu\u011fu, g\u00f6r\u00fcnd\u00fc\u011f\u00fcnden \u00e7ok daha tehlikelidir.<span class=\"excerpt-hellip\"> [\u2026]<\/span><\/p>\n","protected":false},"featured_media":0,"template":"","meta":{"_monsterinsights_skip_tracking":false,"_monsterinsights_sitenote_active":false,"_monsterinsights_sitenote_note":"","_monsterinsights_sitenote_category":0},"product_brand":[],"product_cat":[12291,17033],"product_tag":[],"class_list":{"0":"post-766285","1":"product","2":"type-product","3":"status-publish","5":"product_cat-edebiyat","6":"product_cat-korku-gerilim","7":"pa_cilt-ciltsiz","8":"pa_tur-kitap","9":"pa_yayinevi-ulysses-yayinlari","10":"pa_yazar-sheridan-le-fanu","12":"first","13":"instock","14":"sale","15":"shipping-taxable","16":"purchasable","17":"product-type-simple"},"_links":{"self":[{"href":"https:\/\/roveyayinevi.com.tr\/index.php\/wp-json\/wp\/v2\/product\/766285","targetHints":{"allow":["GET"]}}],"collection":[{"href":"https:\/\/roveyayinevi.com.tr\/index.php\/wp-json\/wp\/v2\/product"}],"about":[{"href":"https:\/\/roveyayinevi.com.tr\/index.php\/wp-json\/wp\/v2\/types\/product"}],"wp:attachment":[{"href":"https:\/\/roveyayinevi.com.tr\/index.php\/wp-json\/wp\/v2\/media?parent=766285"}],"wp:term":[{"taxonomy":"product_brand","embeddable":true,"href":"https:\/\/roveyayinevi.com.tr\/index.php\/wp-json\/wp\/v2\/product_brand?post=766285"},{"taxonomy":"product_cat","embeddable":true,"href":"https:\/\/roveyayinevi.com.tr\/index.php\/wp-json\/wp\/v2\/product_cat?post=766285"},{"taxonomy":"product_tag","embeddable":true,"href":"https:\/\/roveyayinevi.com.tr\/index.php\/wp-json\/wp\/v2\/product_tag?post=766285"}],"curies":[{"name":"wp","href":"https:\/\/api.w.org\/{rel}","templated":true}]}}