{"id":766284,"date":"2025-08-28T12:08:41","date_gmt":"2025-08-28T09:08:41","guid":{"rendered":"https:\/\/roveyayinevi.com.tr\/index.php\/urun\/kuledeki-oda\/"},"modified":"2026-04-15T03:32:09","modified_gmt":"2026-04-15T00:32:09","slug":"kuledeki-oda","status":"publish","type":"product","link":"https:\/\/roveyayinevi.com.tr\/index.php\/urun\/kuledeki-oda\/","title":{"rendered":"Kuledeki Oda"},"content":{"rendered":"<p>Bu hik\u00e2yeler, okuyucular\u0131na ho\u015f bir tedirginlik vermek umuduyla yaz\u0131lm\u0131\u015ft\u0131r. E\u011fer gece yar\u0131s\u0131 ev sessizken, yatmadan \u00f6nce yar\u0131m saatini bu hik\u00e2yeleri okumaya ay\u0131racak olursan, oturdu\u011fun odan\u0131n k\u00f6\u015felerine ve karanl\u0131k noktalar\u0131na arada bir g\u00f6z atarak g\u00f6lgelerde al\u0131\u015f\u0131lmad\u0131k bir \u015feyin saklanmad\u0131\u011f\u0131ndan emin olmak isteyebilirsin. Zira hayalet hik\u00e2yeleri ve bazen rahats\u0131z edici bir \u015fekilde kendini g\u00f6steren g\u00f6r\u00fcnmez g\u00fc\u00e7lerle ilgili anlat\u0131lar\u0131n amac\u0131 budur. Bu nedenle yazar, okuyucular\u0131na birka\u00e7 huzursuz an dilemektedir. E. F. BensonFormun \u00dcst\u00fc <\/p>\n","protected":false},"excerpt":{"rendered":"<p>Bu hik\u00e2yeler, okuyucular\u0131na ho\u015f bir tedirginlik vermek umuduyla yaz\u0131lm\u0131\u015ft\u0131r. E\u011fer gece yar\u0131s\u0131 ev sessizken, yatmadan \u00f6nce yar\u0131m saatini bu hik\u00e2yeleri okumaya ay\u0131racak olursan, oturdu\u011fun odan\u0131n k\u00f6\u015felerine<span class=\"excerpt-hellip\"> [\u2026]<\/span><\/p>\n","protected":false},"featured_media":0,"template":"","meta":{"_monsterinsights_skip_tracking":false,"_monsterinsights_sitenote_active":false,"_monsterinsights_sitenote_note":"","_monsterinsights_sitenote_category":0},"product_brand":[],"product_cat":[12291,17033],"product_tag":[],"class_list":{"0":"post-766284","1":"product","2":"type-product","3":"status-publish","5":"product_cat-edebiyat","6":"product_cat-korku-gerilim","7":"pa_cilt-ciltsiz","8":"pa_tur-kitap","9":"pa_yayinevi-ulysses-yayinlari","10":"pa_yazar-e-f-benson","12":"first","13":"instock","14":"sale","15":"shipping-taxable","16":"purchasable","17":"product-type-simple"},"_links":{"self":[{"href":"https:\/\/roveyayinevi.com.tr\/index.php\/wp-json\/wp\/v2\/product\/766284","targetHints":{"allow":["GET"]}}],"collection":[{"href":"https:\/\/roveyayinevi.com.tr\/index.php\/wp-json\/wp\/v2\/product"}],"about":[{"href":"https:\/\/roveyayinevi.com.tr\/index.php\/wp-json\/wp\/v2\/types\/product"}],"wp:attachment":[{"href":"https:\/\/roveyayinevi.com.tr\/index.php\/wp-json\/wp\/v2\/media?parent=766284"}],"wp:term":[{"taxonomy":"product_brand","embeddable":true,"href":"https:\/\/roveyayinevi.com.tr\/index.php\/wp-json\/wp\/v2\/product_brand?post=766284"},{"taxonomy":"product_cat","embeddable":true,"href":"https:\/\/roveyayinevi.com.tr\/index.php\/wp-json\/wp\/v2\/product_cat?post=766284"},{"taxonomy":"product_tag","embeddable":true,"href":"https:\/\/roveyayinevi.com.tr\/index.php\/wp-json\/wp\/v2\/product_tag?post=766284"}],"curies":[{"name":"wp","href":"https:\/\/api.w.org\/{rel}","templated":true}]}}