{"id":766283,"date":"2025-08-28T12:08:39","date_gmt":"2025-08-28T09:08:39","guid":{"rendered":"https:\/\/roveyayinevi.com.tr\/index.php\/urun\/gunaydin-lal\/"},"modified":"2026-04-15T03:32:09","modified_gmt":"2026-04-15T00:32:09","slug":"gunaydin-lal","status":"publish","type":"product","link":"https:\/\/roveyayinevi.com.tr\/index.php\/urun\/gunaydin-lal\/","title":{"rendered":"G\u00fcnayd\u0131n Lal"},"content":{"rendered":"<p>Ya hi\u00e7 tan\u0131mad\u0131\u011f\u0131n\u0131z biri hayat\u0131n\u0131zdaki her \u015feyi biliyorsa? Garip tesad\u00fcfler ve hi\u00e7 bilinmeyen insanlar\u2026 Herkesin birbirinden saklad\u0131\u011f\u0131 bir s\u0131r kimde ne kadar gizli kalabilirdi? Mum yanard\u0131 yanmas\u0131na da kimde s\u00f6necekti oras\u0131 me\u00e7huld\u00fc. S\u0131rr\u0131 b\u00fcy\u00fck olan \u00f6lmeye bir o kadar yak\u0131nd\u0131\u2026 Emirhan Sar\u0131ca; bu yeni eserinde s\u0131rlarla dolu bir arkada\u015fl\u0131\u011f\u0131n sonunda s\u0131rr\u0131 elinde en uzun s\u00fcre tutan ki\u015finin ya\u015fad\u0131\u011f\u0131 anlar\u0131 anlat\u0131yor.Formun \u00dcst\u00fc <\/p>\n","protected":false},"excerpt":{"rendered":"<p>Ya hi\u00e7 tan\u0131mad\u0131\u011f\u0131n\u0131z biri hayat\u0131n\u0131zdaki her \u015feyi biliyorsa? Garip tesad\u00fcfler ve hi\u00e7 bilinmeyen insanlar\u2026 Herkesin birbirinden saklad\u0131\u011f\u0131 bir s\u0131r kimde ne kadar gizli kalabilirdi? Mum yanard\u0131<span class=\"excerpt-hellip\"> [\u2026]<\/span><\/p>\n","protected":false},"featured_media":0,"template":"","meta":{"_monsterinsights_skip_tracking":false,"_monsterinsights_sitenote_active":false,"_monsterinsights_sitenote_note":"","_monsterinsights_sitenote_category":0},"product_brand":[],"product_cat":[12291,12711],"product_tag":[],"class_list":{"0":"post-766283","1":"product","2":"type-product","3":"status-publish","5":"product_cat-edebiyat","6":"product_cat-roman-oyku","7":"pa_cilt-ciltsiz","8":"pa_tur-kitap","9":"pa_yayinevi-ulysses-yayinlari","10":"pa_yazar-emirhan-sarica","12":"first","13":"instock","14":"sale","15":"shipping-taxable","16":"purchasable","17":"product-type-simple"},"_links":{"self":[{"href":"https:\/\/roveyayinevi.com.tr\/index.php\/wp-json\/wp\/v2\/product\/766283","targetHints":{"allow":["GET"]}}],"collection":[{"href":"https:\/\/roveyayinevi.com.tr\/index.php\/wp-json\/wp\/v2\/product"}],"about":[{"href":"https:\/\/roveyayinevi.com.tr\/index.php\/wp-json\/wp\/v2\/types\/product"}],"wp:attachment":[{"href":"https:\/\/roveyayinevi.com.tr\/index.php\/wp-json\/wp\/v2\/media?parent=766283"}],"wp:term":[{"taxonomy":"product_brand","embeddable":true,"href":"https:\/\/roveyayinevi.com.tr\/index.php\/wp-json\/wp\/v2\/product_brand?post=766283"},{"taxonomy":"product_cat","embeddable":true,"href":"https:\/\/roveyayinevi.com.tr\/index.php\/wp-json\/wp\/v2\/product_cat?post=766283"},{"taxonomy":"product_tag","embeddable":true,"href":"https:\/\/roveyayinevi.com.tr\/index.php\/wp-json\/wp\/v2\/product_tag?post=766283"}],"curies":[{"name":"wp","href":"https:\/\/api.w.org\/{rel}","templated":true}]}}