{"id":766279,"date":"2025-08-28T12:08:29","date_gmt":"2025-08-28T09:08:29","guid":{"rendered":"https:\/\/roveyayinevi.com.tr\/index.php\/urun\/mihrali-bey-kurt-kapani\/"},"modified":"2026-04-15T03:32:09","modified_gmt":"2026-04-15T00:32:09","slug":"mihrali-bey-kurt-kapani","status":"publish","type":"product","link":"https:\/\/roveyayinevi.com.tr\/index.php\/urun\/mihrali-bey-kurt-kapani\/","title":{"rendered":"Mihrali Bey Kurt Kapan\u0131"},"content":{"rendered":"<p>O g\u00fcn g\u00fcne\u015f her zamankinden daha ge\u00e7 do\u011fdu, Mihrali yakalanmadan menziline vars\u0131n diye. A\u011fa\u00e7lar dallar\u0131n\u0131 uzat\u0131p, yavrusunu gizleyen al\u0131c\u0131 bir ku\u015fun kanad\u0131 gibi a\u00e7t\u0131lar yapraklar\u0131n\u0131, Mihrali gizlensin diye. Kurtlar ulumad\u0131, tav\u015fanlar \u00fcrkmedi o tarihten sonra; bu da\u011flarda Mihrali\u2019nin varl\u0131\u011f\u0131ndan kimse haberdar olmas\u0131n diye. Ve hi\u00e7 kimse f\u0131s\u0131lt\u0131yla bile olsa Mihrali hakk\u0131nda konu\u015fmad\u0131, bir duyan olur da d\u00fc\u015fmana haber u\u00e7urur diye. Do\u011fu T\u00fcrkistan\u2019dan Balkanlara uzanan \u00e7ok geni\u015f bir co\u011frafyada soyda\u015flar\u0131m\u0131z y\u00fczlerce y\u0131ld\u0131r T\u00fcrk olman\u0131n a\u011f\u0131r y\u00fck\u00fcn\u00fc \u00e7ekmeye mahk\u00fbm oldular. Bu roman, o a\u011f\u0131r y\u00fck\u00fcn alt\u0131ndan kalkmak i\u00e7in insan\u00fcst\u00fc bir gayret g\u00f6steren k\u00fc\u00e7\u00fck bir grubun, Mihrali\u2019nin \u015fahs\u0131nda destanla\u015fan ger\u00e7ek hik\u00e2yesini anlatmaktad\u0131r. <\/p>\n","protected":false},"excerpt":{"rendered":"<p>O g\u00fcn g\u00fcne\u015f her zamankinden daha ge\u00e7 do\u011fdu, Mihrali yakalanmadan menziline vars\u0131n diye. A\u011fa\u00e7lar dallar\u0131n\u0131 uzat\u0131p, yavrusunu gizleyen al\u0131c\u0131 bir ku\u015fun kanad\u0131 gibi a\u00e7t\u0131lar yapraklar\u0131n\u0131, Mihrali<span class=\"excerpt-hellip\"> [\u2026]<\/span><\/p>\n","protected":false},"featured_media":0,"template":"","meta":{"_monsterinsights_skip_tracking":false,"_monsterinsights_sitenote_active":false,"_monsterinsights_sitenote_note":"","_monsterinsights_sitenote_category":0},"product_brand":[],"product_cat":[12291,12711],"product_tag":[],"class_list":{"0":"post-766279","1":"product","2":"type-product","3":"status-publish","5":"product_cat-edebiyat","6":"product_cat-roman-oyku","7":"pa_cilt-ciltsiz","8":"pa_tur-kitap","9":"pa_yayinevi-cinaralti-yayinlari","10":"pa_yazar-yunus-kara","12":"first","13":"instock","14":"sale","15":"shipping-taxable","16":"purchasable","17":"product-type-simple"},"_links":{"self":[{"href":"https:\/\/roveyayinevi.com.tr\/index.php\/wp-json\/wp\/v2\/product\/766279","targetHints":{"allow":["GET"]}}],"collection":[{"href":"https:\/\/roveyayinevi.com.tr\/index.php\/wp-json\/wp\/v2\/product"}],"about":[{"href":"https:\/\/roveyayinevi.com.tr\/index.php\/wp-json\/wp\/v2\/types\/product"}],"wp:attachment":[{"href":"https:\/\/roveyayinevi.com.tr\/index.php\/wp-json\/wp\/v2\/media?parent=766279"}],"wp:term":[{"taxonomy":"product_brand","embeddable":true,"href":"https:\/\/roveyayinevi.com.tr\/index.php\/wp-json\/wp\/v2\/product_brand?post=766279"},{"taxonomy":"product_cat","embeddable":true,"href":"https:\/\/roveyayinevi.com.tr\/index.php\/wp-json\/wp\/v2\/product_cat?post=766279"},{"taxonomy":"product_tag","embeddable":true,"href":"https:\/\/roveyayinevi.com.tr\/index.php\/wp-json\/wp\/v2\/product_tag?post=766279"}],"curies":[{"name":"wp","href":"https:\/\/api.w.org\/{rel}","templated":true}]}}