{"id":766275,"date":"2025-08-28T12:08:20","date_gmt":"2025-08-28T09:08:20","guid":{"rendered":"https:\/\/roveyayinevi.com.tr\/index.php\/urun\/cocuk-bir-varolus-hikayesi\/"},"modified":"2026-04-03T03:23:26","modified_gmt":"2026-04-03T00:23:26","slug":"cocuk-bir-varolus-hikayesi","status":"publish","type":"product","link":"https:\/\/roveyayinevi.com.tr\/index.php\/urun\/cocuk-bir-varolus-hikayesi\/","title":{"rendered":"\u00c7ocuk Bir Varolu\u015f Hikayesi"},"content":{"rendered":"<p>Her dilde \u201c\u00e7ocuk\u201d kavram\u0131n\u0131 ifade eden bir kelime oldu\u011fu muhakkakt\u0131r ancak bu kelimelerin k\u00f6kenine bakt\u0131\u011f\u0131m\u0131zda ortak anlay\u0131\u015flar oldu\u011fu kadar farkl\u0131l\u0131klar da g\u00f6ze \u00e7arpmaktad\u0131r. Hristiyanl\u0131kta \u00e7ocuk, \u00c2dem ile Havva\u2019dan gelen ilk g\u00fcnah olarak kabul edilir. \u00c7ocuk, yap\u0131lan vaftiz t\u00f6reni ile bu g\u00fcnahk\u00e2rl\u0131ktan ar\u0131nd\u0131r\u0131l\u0131p, yeni bir \u00fcnsiyet kazand\u0131r\u0131larak kutsal alan\u0131n s\u0131n\u0131rlar\u0131na d\u00e2hil edilir. Yahudiler aile, ataerkil bir yap\u0131ya sahiptir. Bu aile yap\u0131s\u0131n\u0131n bir gere\u011fi olarak kocan\u0131n e\u015fi \u00fczerinde b\u00fcy\u00fck bir h\u00e2kimiyeti vard\u0131r. Bu h\u00e2kimiyet ilk insan\u0131n kar\u0131s\u0131n\u0131n (Havva) cennetteki itaatsizli\u011fine ve kocas\u0131n\u0131 yan\u0131ltmas\u0131na inan\u0131lmas\u0131 sebebiyledir. Kit\u00e2b-\u0131 Mukaddes\u2019teki baz\u0131 ifadeler, kad\u0131n\u0131n evlenme akdinde taraf de\u011fil, akdin konusu oldu\u011funu ortaya koymaktad\u0131r. Bu inan\u00e7lar\u0131n aksine \u0130slamiyet\u2019te her \u00e7ocu\u011fun d\u00fcnyaya tertemiz geldi\u011fine inan\u0131l\u0131r. Her \u00e7ocuk k\u0131ymetlidir ve ya\u015fama hakk\u0131na sahiptir. \u00c7ocukluk, \u0130slamiyet\u2019te geni\u015f ve ayr\u0131nt\u0131l\u0131 olarak ele al\u0131nan bir konudur. \u00c7ocu\u011fun, anne ve babas\u0131na bir emanet olarak verildi\u011fi anlay\u0131\u015f\u0131 esast\u0131r. <\/p>\n","protected":false},"excerpt":{"rendered":"<p>Her dilde \u201c\u00e7ocuk\u201d kavram\u0131n\u0131 ifade eden bir kelime oldu\u011fu muhakkakt\u0131r ancak bu kelimelerin k\u00f6kenine bakt\u0131\u011f\u0131m\u0131zda ortak anlay\u0131\u015flar oldu\u011fu kadar farkl\u0131l\u0131klar da g\u00f6ze \u00e7arpmaktad\u0131r. Hristiyanl\u0131kta \u00e7ocuk, \u00c2dem<span class=\"excerpt-hellip\"> [\u2026]<\/span><\/p>\n","protected":false},"featured_media":0,"template":"","meta":{"_monsterinsights_skip_tracking":false,"_monsterinsights_sitenote_active":false,"_monsterinsights_sitenote_note":"","_monsterinsights_sitenote_category":0},"product_brand":[],"product_cat":[12291,12711],"product_tag":[],"class_list":{"0":"post-766275","1":"product","2":"type-product","3":"status-publish","5":"product_cat-edebiyat","6":"product_cat-roman-oyku","7":"pa_cilt-ciltsiz","8":"pa_tur-kitap","9":"pa_yayinevi-cinaralti-yayinlari","10":"pa_yazar-zuhal-kaya-kiler","12":"first","13":"instock","14":"sale","15":"shipping-taxable","16":"purchasable","17":"product-type-simple"},"_links":{"self":[{"href":"https:\/\/roveyayinevi.com.tr\/index.php\/wp-json\/wp\/v2\/product\/766275","targetHints":{"allow":["GET"]}}],"collection":[{"href":"https:\/\/roveyayinevi.com.tr\/index.php\/wp-json\/wp\/v2\/product"}],"about":[{"href":"https:\/\/roveyayinevi.com.tr\/index.php\/wp-json\/wp\/v2\/types\/product"}],"wp:attachment":[{"href":"https:\/\/roveyayinevi.com.tr\/index.php\/wp-json\/wp\/v2\/media?parent=766275"}],"wp:term":[{"taxonomy":"product_brand","embeddable":true,"href":"https:\/\/roveyayinevi.com.tr\/index.php\/wp-json\/wp\/v2\/product_brand?post=766275"},{"taxonomy":"product_cat","embeddable":true,"href":"https:\/\/roveyayinevi.com.tr\/index.php\/wp-json\/wp\/v2\/product_cat?post=766275"},{"taxonomy":"product_tag","embeddable":true,"href":"https:\/\/roveyayinevi.com.tr\/index.php\/wp-json\/wp\/v2\/product_tag?post=766275"}],"curies":[{"name":"wp","href":"https:\/\/api.w.org\/{rel}","templated":true}]}}