{"id":766270,"date":"2025-08-28T12:08:10","date_gmt":"2025-08-28T09:08:10","guid":{"rendered":"https:\/\/roveyayinevi.com.tr\/index.php\/urun\/antilop-lolipop-ve-yeni-komsular\/"},"modified":"2026-04-15T03:32:09","modified_gmt":"2026-04-15T00:32:09","slug":"antilop-lolipop-ve-yeni-komsular","status":"publish","type":"product","link":"https:\/\/roveyayinevi.com.tr\/index.php\/urun\/antilop-lolipop-ve-yeni-komsular\/","title":{"rendered":"Antilop Lolipop ve Yeni Kom\u015fular"},"content":{"rendered":"<p>B\u00fcy\u00fck Orman\u2019da ya\u015fayan be\u015f iyi arkada\u015f\u0131n; z\u00fcrafan\u0131n, k\u0131rkaya\u011f\u0131n, kurba\u011fan\u0131n, yarasan\u0131n ve kirpinin maceralar\u0131 yeni kom\u015fular\u0131yla ve yeni \u00f6\u011frendikleriyle devam ediyor. Yasemin Temizarabac\u0131 Y\u0131ld\u0131rmaz\u2019\u0131n yazd\u0131\u011f\u0131 ve Ece Zeber\u2019in resimledi\u011fi bu sevimli serinin yeni kitab\u0131: Antilop Lolipop ve Yeni Kom\u015fular. <\/p>\n","protected":false},"excerpt":{"rendered":"<p>B\u00fcy\u00fck Orman\u2019da ya\u015fayan be\u015f iyi arkada\u015f\u0131n; z\u00fcrafan\u0131n, k\u0131rkaya\u011f\u0131n, kurba\u011fan\u0131n, yarasan\u0131n ve kirpinin maceralar\u0131 yeni kom\u015fular\u0131yla ve yeni \u00f6\u011frendikleriyle devam ediyor. Yasemin Temizarabac\u0131 Y\u0131ld\u0131rmaz\u2019\u0131n yazd\u0131\u011f\u0131 ve Ece<span class=\"excerpt-hellip\"> [\u2026]<\/span><\/p>\n","protected":false},"featured_media":0,"template":"","meta":{"_monsterinsights_skip_tracking":false,"_monsterinsights_sitenote_active":false,"_monsterinsights_sitenote_note":"","_monsterinsights_sitenote_category":0},"product_brand":[],"product_cat":[12274,12518],"product_tag":[],"class_list":{"0":"post-766270","1":"product","2":"type-product","3":"status-publish","5":"product_cat-cocuk-ve-genclik-kitaplari","6":"product_cat-okul-oncesi-kitaplar","7":"pa_cilt-ciltsiz","8":"pa_tur-kitap","9":"pa_yayinevi-yapi-kredi-yayinlari","10":"pa_yazar-yasemin-temizarabaci-yildirmaz","12":"first","13":"instock","14":"sale","15":"shipping-taxable","16":"purchasable","17":"product-type-simple"},"_links":{"self":[{"href":"https:\/\/roveyayinevi.com.tr\/index.php\/wp-json\/wp\/v2\/product\/766270","targetHints":{"allow":["GET"]}}],"collection":[{"href":"https:\/\/roveyayinevi.com.tr\/index.php\/wp-json\/wp\/v2\/product"}],"about":[{"href":"https:\/\/roveyayinevi.com.tr\/index.php\/wp-json\/wp\/v2\/types\/product"}],"wp:attachment":[{"href":"https:\/\/roveyayinevi.com.tr\/index.php\/wp-json\/wp\/v2\/media?parent=766270"}],"wp:term":[{"taxonomy":"product_brand","embeddable":true,"href":"https:\/\/roveyayinevi.com.tr\/index.php\/wp-json\/wp\/v2\/product_brand?post=766270"},{"taxonomy":"product_cat","embeddable":true,"href":"https:\/\/roveyayinevi.com.tr\/index.php\/wp-json\/wp\/v2\/product_cat?post=766270"},{"taxonomy":"product_tag","embeddable":true,"href":"https:\/\/roveyayinevi.com.tr\/index.php\/wp-json\/wp\/v2\/product_tag?post=766270"}],"curies":[{"name":"wp","href":"https:\/\/api.w.org\/{rel}","templated":true}]}}