{"id":766263,"date":"2025-08-28T12:07:57","date_gmt":"2025-08-28T09:07:57","guid":{"rendered":"https:\/\/roveyayinevi.com.tr\/index.php\/urun\/minik-kitaplarim-ciftlik-hayvanlari\/"},"modified":"2026-04-15T03:32:09","modified_gmt":"2026-04-15T00:32:09","slug":"minik-kitaplarim-ciftlik-hayvanlari","status":"publish","type":"product","link":"https:\/\/roveyayinevi.com.tr\/index.php\/urun\/minik-kitaplarim-ciftlik-hayvanlari\/","title":{"rendered":"Minik Kitaplar\u0131m \u2013 \u00c7iftlik Hayvanlar\u0131"},"content":{"rendered":"<p>Minik Kitaplar\u0131m \u2013 \u00c7iftlik Hayvanlar\u0131 bebeklerin \u00e7iftlik hayvanlar\u0131n\u0131 tan\u0131mas\u0131 i\u00e7in harika bir ba\u015flang\u0131\u00e7! Merakl\u0131 anne babalara yard\u0131mc\u0131 olacak reng\u00e2renk bir kitap. Feridun Oral\u2019\u0131n yazd\u0131\u011f\u0131 ve resimledi\u011fi \u201cMinik Kitaplar\u0131m\u201d serisi hayat\u0131 yeni ke\u015ffetmeye ba\u015flayan bebeklerin s\u00f6zc\u00fck da\u011farc\u0131klar\u0131n\u0131 geli\u015ftirmeleri i\u00e7in anne babalara yard\u0131mc\u0131 olacak kitaplardan olu\u015fuyor. Bu seride yer alan kitaplar renkler, \u015fekiller, sebzeler, \u00e7i\u00e7ekler, hayvanlar, ta\u015f\u0131tlar gibi her g\u00fcn kar\u015f\u0131la\u015ft\u0131\u011f\u0131m\u0131z pek \u00e7ok canl\u0131y\u0131, nesneyi ve kavramlar\u0131 tan\u0131t\u0131yor. 0-3 ya\u015f grubuna \u00f6zel olarak haz\u0131rlanan bu kitaplar\u0131n sayfalar\u0131 daha kal\u0131nd\u0131r ve k\u00f6\u015feleri yuvarlak tasarlanm\u0131\u015ft\u0131r. <\/p>\n","protected":false},"excerpt":{"rendered":"<p>Minik Kitaplar\u0131m \u2013 \u00c7iftlik Hayvanlar\u0131 bebeklerin \u00e7iftlik hayvanlar\u0131n\u0131 tan\u0131mas\u0131 i\u00e7in harika bir ba\u015flang\u0131\u00e7! Merakl\u0131 anne babalara yard\u0131mc\u0131 olacak reng\u00e2renk bir kitap. Feridun Oral\u2019\u0131n yazd\u0131\u011f\u0131 ve resimledi\u011fi<span class=\"excerpt-hellip\"> [\u2026]<\/span><\/p>\n","protected":false},"featured_media":0,"template":"","meta":{"_monsterinsights_skip_tracking":false,"_monsterinsights_sitenote_active":false,"_monsterinsights_sitenote_note":"","_monsterinsights_sitenote_category":0},"product_brand":[],"product_cat":[12274,12518],"product_tag":[],"class_list":{"0":"post-766263","1":"product","2":"type-product","3":"status-publish","5":"product_cat-cocuk-ve-genclik-kitaplari","6":"product_cat-okul-oncesi-kitaplar","7":"pa_cilt-ciltsiz","8":"pa_tur-kitap","9":"pa_yayinevi-yapi-kredi-yayinlari","10":"pa_yazar-feridun-oral","12":"first","13":"instock","14":"sale","15":"shipping-taxable","16":"purchasable","17":"product-type-simple"},"_links":{"self":[{"href":"https:\/\/roveyayinevi.com.tr\/index.php\/wp-json\/wp\/v2\/product\/766263","targetHints":{"allow":["GET"]}}],"collection":[{"href":"https:\/\/roveyayinevi.com.tr\/index.php\/wp-json\/wp\/v2\/product"}],"about":[{"href":"https:\/\/roveyayinevi.com.tr\/index.php\/wp-json\/wp\/v2\/types\/product"}],"wp:attachment":[{"href":"https:\/\/roveyayinevi.com.tr\/index.php\/wp-json\/wp\/v2\/media?parent=766263"}],"wp:term":[{"taxonomy":"product_brand","embeddable":true,"href":"https:\/\/roveyayinevi.com.tr\/index.php\/wp-json\/wp\/v2\/product_brand?post=766263"},{"taxonomy":"product_cat","embeddable":true,"href":"https:\/\/roveyayinevi.com.tr\/index.php\/wp-json\/wp\/v2\/product_cat?post=766263"},{"taxonomy":"product_tag","embeddable":true,"href":"https:\/\/roveyayinevi.com.tr\/index.php\/wp-json\/wp\/v2\/product_tag?post=766263"}],"curies":[{"name":"wp","href":"https:\/\/api.w.org\/{rel}","templated":true}]}}