{"id":766257,"date":"2025-08-28T12:07:46","date_gmt":"2025-08-28T09:07:46","guid":{"rendered":"https:\/\/roveyayinevi.com.tr\/index.php\/urun\/9-kasim\/"},"modified":"2026-04-15T03:32:09","modified_gmt":"2026-04-15T00:32:09","slug":"9-kasim","status":"publish","type":"product","link":"https:\/\/roveyayinevi.com.tr\/index.php\/urun\/9-kasim\/","title":{"rendered":"9 Kas\u0131m"},"content":{"rendered":"<p>Kalplere dokunan unutulmaz romanlar\u0131 d\u00fcnyada20 milyondan fazla satan Colleen Hoover,Verity\u2019den de iyi bildi\u011finiz muhte\u015fem kurgu yetene\u011fiyle bir kez daha kar\u015f\u0131n\u0131zda! Korkun\u00e7 bir yang\u0131ndan a\u011f\u0131r yan\u0131klarla kurtulan Fallon, Los Angeles\u2019tan ta\u015f\u0131naca\u011f\u0131 g\u00fcn, yazar olma yolunda emin ad\u0131mlarla ilerleyen Ben ile tan\u0131\u015f\u0131r. Aralar\u0131ndaki zamans\u0131z \u00e7ekim nedeniyle Fallon\u2019\u0131n \u015fehirdeki son g\u00fcn\u00fcn\u00fc birlikte ge\u00e7irirler. Bu beklenmedik kar\u015f\u0131la\u015fma, Ben\u2019e yazmak istedi\u011fi roman i\u00e7in arad\u0131\u011f\u0131 ilham\u0131 verir. Bir aradayken ya\u015fad\u0131klar\u0131 yo\u011fun duygular\u0131n etkisiyle ayr\u0131lmakta zorlanan ikili, her y\u0131l ayn\u0131 tarihte bulu\u015fmaya ve y\u0131l boyunca hi\u00e7 haberle\u015fmemeye karar verir. Ancak bir g\u00fcn Fallon, Ben\u2019in hi\u00e7 anlatmad\u0131\u011f\u0131 bamba\u015fka bir hik\u00e2yesi olup olmad\u0131\u011f\u0131n\u0131 sorgulamaya ba\u015flar.  \u00c2\u015f\u0131k olmaya ba\u015flad\u0131\u011f\u0131 adam\u0131n b\u00fct\u00fcn hayat\u0131n\u0131 bir roman\u0131 kurgular gibi ya\u015fay\u0131p ya\u015famad\u0131\u011f\u0131n\u0131 \u00f6\u011frenmesi gerekecektir. Bir ili\u015fkinin sonu kalp k\u0131r\u0131kl\u0131\u011f\u0131yla bitse bile yine de bir a\u015fk hik\u00e2yesi olarak say\u0131l\u0131r m\u0131?<\/p>\n","protected":false},"excerpt":{"rendered":"<p>Kalplere dokunan unutulmaz romanlar\u0131 d\u00fcnyada20 milyondan fazla satan Colleen Hoover,Verity\u2019den de iyi bildi\u011finiz muhte\u015fem kurgu yetene\u011fiyle bir kez daha kar\u015f\u0131n\u0131zda! Korkun\u00e7 bir yang\u0131ndan a\u011f\u0131r yan\u0131klarla kurtulan<span class=\"excerpt-hellip\"> [\u2026]<\/span><\/p>\n","protected":false},"featured_media":0,"template":"","meta":{"_monsterinsights_skip_tracking":false,"_monsterinsights_sitenote_active":false,"_monsterinsights_sitenote_note":"","_monsterinsights_sitenote_category":0},"product_brand":[],"product_cat":[12291,12711],"product_tag":[],"class_list":{"0":"post-766257","1":"product","2":"type-product","3":"status-publish","5":"product_cat-edebiyat","6":"product_cat-roman-oyku","7":"pa_cilt-ciltsiz","8":"pa_tur-kitap","9":"pa_yayinevi-epsilon-yayinlari","10":"pa_yazar-colleen-hoover","12":"first","13":"instock","14":"sale","15":"shipping-taxable","16":"purchasable","17":"product-type-simple"},"_links":{"self":[{"href":"https:\/\/roveyayinevi.com.tr\/index.php\/wp-json\/wp\/v2\/product\/766257","targetHints":{"allow":["GET"]}}],"collection":[{"href":"https:\/\/roveyayinevi.com.tr\/index.php\/wp-json\/wp\/v2\/product"}],"about":[{"href":"https:\/\/roveyayinevi.com.tr\/index.php\/wp-json\/wp\/v2\/types\/product"}],"wp:attachment":[{"href":"https:\/\/roveyayinevi.com.tr\/index.php\/wp-json\/wp\/v2\/media?parent=766257"}],"wp:term":[{"taxonomy":"product_brand","embeddable":true,"href":"https:\/\/roveyayinevi.com.tr\/index.php\/wp-json\/wp\/v2\/product_brand?post=766257"},{"taxonomy":"product_cat","embeddable":true,"href":"https:\/\/roveyayinevi.com.tr\/index.php\/wp-json\/wp\/v2\/product_cat?post=766257"},{"taxonomy":"product_tag","embeddable":true,"href":"https:\/\/roveyayinevi.com.tr\/index.php\/wp-json\/wp\/v2\/product_tag?post=766257"}],"curies":[{"name":"wp","href":"https:\/\/api.w.org\/{rel}","templated":true}]}}