{"id":766255,"date":"2025-08-28T12:07:42","date_gmt":"2025-08-28T09:07:42","guid":{"rendered":"https:\/\/roveyayinevi.com.tr\/index.php\/urun\/benim-siyer-sozlugum-fleksi-cilt\/"},"modified":"2026-04-15T03:32:08","modified_gmt":"2026-04-15T00:32:08","slug":"benim-siyer-sozlugum-fleksi-cilt","status":"publish","type":"product","link":"https:\/\/roveyayinevi.com.tr\/index.php\/urun\/benim-siyer-sozlugum-fleksi-cilt\/","title":{"rendered":"Benim Siyer S\u00f6zl\u00fc\u011f\u00fcm (Fleksi Cilt)"},"content":{"rendered":"<p>Sevgili Peygamberimiz (s.a.v.) bizlere hem s\u00f6zleriyle hem de hayat\u0131yla yol g\u00f6stermektedir. Bu s\u00f6zl\u00fck onun e\u015fsiz hayat\u0131n\u0131 daha iyi tan\u0131tabilmek i\u00e7in haz\u0131rland\u0131. Peygamberimizin (s.a.v.) hayat\u0131n\u0131 \u00f6\u011frenirken g\u00f6rd\u00fc\u011f\u00fcm\u00fcz ki\u015fi, olay, yer ve terimleri anlatan bu s\u00f6zl\u00fc\u011f\u00fc okuduk\u00e7a bilgimiz artacak. Bilgimizin artmas\u0131yla da ona olan sevgimiz artacak. S\u00f6zl\u00fc\u011f\u00fcn birinci b\u00f6l\u00fcm\u00fcnde ki\u015fi, yer, olay ve terimlerle ilgili kelimelerin a\u00e7\u0131klamas\u0131na ula\u015facaks\u0131n\u0131z. Ayr\u0131ca bu kelimelerle ilgili varsa hadisleri de okumu\u015f olacaks\u0131n\u0131z.\u0130kinci b\u00f6l\u00fcm\u00fcnde ise Peygamberimizin hadislerinden se\u00e7melerin oldu\u011fu \u201cK\u0131rk Hadis\u201d k\u0131sm\u0131 var. <\/p>\n","protected":false},"excerpt":{"rendered":"<p>Sevgili Peygamberimiz (s.a.v.) bizlere hem s\u00f6zleriyle hem de hayat\u0131yla yol g\u00f6stermektedir. Bu s\u00f6zl\u00fck onun e\u015fsiz hayat\u0131n\u0131 daha iyi tan\u0131tabilmek i\u00e7in haz\u0131rland\u0131. Peygamberimizin (s.a.v.) hayat\u0131n\u0131 \u00f6\u011frenirken g\u00f6rd\u00fc\u011f\u00fcm\u00fcz<span class=\"excerpt-hellip\"> [\u2026]<\/span><\/p>\n","protected":false},"featured_media":0,"template":"","meta":{"_monsterinsights_skip_tracking":false,"_monsterinsights_sitenote_active":false,"_monsterinsights_sitenote_note":"","_monsterinsights_sitenote_category":0},"product_brand":[],"product_cat":[12274,18802],"product_tag":[],"class_list":{"0":"post-766255","1":"product","2":"type-product","3":"status-publish","5":"product_cat-cocuk-ve-genclik-kitaplari","6":"product_cat-din-egitimi","7":"pa_cilt-ciltsiz","8":"pa_tur-kitap","9":"pa_yayinevi-gulce-kitap","10":"pa_yazar-nuriye-celegen","12":"first","13":"instock","14":"sale","15":"shipping-taxable","16":"purchasable","17":"product-type-simple"},"_links":{"self":[{"href":"https:\/\/roveyayinevi.com.tr\/index.php\/wp-json\/wp\/v2\/product\/766255","targetHints":{"allow":["GET"]}}],"collection":[{"href":"https:\/\/roveyayinevi.com.tr\/index.php\/wp-json\/wp\/v2\/product"}],"about":[{"href":"https:\/\/roveyayinevi.com.tr\/index.php\/wp-json\/wp\/v2\/types\/product"}],"wp:attachment":[{"href":"https:\/\/roveyayinevi.com.tr\/index.php\/wp-json\/wp\/v2\/media?parent=766255"}],"wp:term":[{"taxonomy":"product_brand","embeddable":true,"href":"https:\/\/roveyayinevi.com.tr\/index.php\/wp-json\/wp\/v2\/product_brand?post=766255"},{"taxonomy":"product_cat","embeddable":true,"href":"https:\/\/roveyayinevi.com.tr\/index.php\/wp-json\/wp\/v2\/product_cat?post=766255"},{"taxonomy":"product_tag","embeddable":true,"href":"https:\/\/roveyayinevi.com.tr\/index.php\/wp-json\/wp\/v2\/product_tag?post=766255"}],"curies":[{"name":"wp","href":"https:\/\/api.w.org\/{rel}","templated":true}]}}