{"id":766254,"date":"2025-08-28T12:07:39","date_gmt":"2025-08-28T09:07:39","guid":{"rendered":"https:\/\/roveyayinevi.com.tr\/index.php\/urun\/metal-firtina-5\/"},"modified":"2026-04-15T03:32:08","modified_gmt":"2026-04-15T00:32:08","slug":"metal-firtina-5","status":"publish","type":"product","link":"https:\/\/roveyayinevi.com.tr\/index.php\/urun\/metal-firtina-5\/","title":{"rendered":"Metal F\u0131rt\u0131na 5"},"content":{"rendered":"<p>Gri Tak\u0131m, d\u00fcnyan\u0131n \u00e7e\u015fitli yerlerinden ajanlar\u0131n\u0131 bir araya getiriyor ve k\u00f6t\u00fcl\u00fc\u011f\u00fcn kalesine do\u011fru yola \u00e7\u0131k\u0131yor\u2026 D\u0131\u015f\u0131 cennet, i\u00e7i cehennem kuyusu bu adadan \u00e7\u0131k\u0131\u015f yok! \u015eimdi ya da hi\u00e7bir zaman\u2026 B\u00fcy\u00fck m\u00fccadelede y\u00fcz y\u00fcze gelme zaman\u0131! Bu kitaptan sonra, hi\u00e7bir \u015fey eskisi gibi olmayacak\u2026 K\u00f6t\u00fcl\u00fc\u011f\u00fcn kalesine yol alan Gri Tak\u0131m, amac\u0131na ula\u015fabilecek mi? Adaya y\u00f6nelen di\u011fer gemi ve denizalt\u0131larda kimler var?D\u00fcnyay\u0131 y\u00f6netmeyi hakk\u0131 g\u00f6ren yap\u0131lar, Gri Tak\u0131m i\u00e7in hangi \u00f6nlemleri ald\u0131?Tarih, bildi\u011fimiz tarih mi yoksa s\u0131radan insanlar i\u00e7in ayr\u0131, gizli elitler i\u00e7in ayr\u0131 bir tarih mi var?So\u011fuk denizin karanl\u0131k sular\u0131, yolun sonu mu? <\/p>\n","protected":false},"excerpt":{"rendered":"<p>Gri Tak\u0131m, d\u00fcnyan\u0131n \u00e7e\u015fitli yerlerinden ajanlar\u0131n\u0131 bir araya getiriyor ve k\u00f6t\u00fcl\u00fc\u011f\u00fcn kalesine do\u011fru yola \u00e7\u0131k\u0131yor\u2026 D\u0131\u015f\u0131 cennet, i\u00e7i cehennem kuyusu bu adadan \u00e7\u0131k\u0131\u015f yok! \u015eimdi ya<span class=\"excerpt-hellip\"> [\u2026]<\/span><\/p>\n","protected":false},"featured_media":0,"template":"","meta":{"_monsterinsights_skip_tracking":false,"_monsterinsights_sitenote_active":false,"_monsterinsights_sitenote_note":"","_monsterinsights_sitenote_category":0},"product_brand":[],"product_cat":[12291,12711],"product_tag":[],"class_list":{"0":"post-766254","1":"product","2":"type-product","3":"status-publish","5":"product_cat-edebiyat","6":"product_cat-roman-oyku","7":"pa_cilt-ciltsiz","8":"pa_tur-kitap","9":"pa_yayinevi-destek-yayinlari","10":"pa_yazar-burak-turna","12":"first","13":"instock","14":"sale","15":"shipping-taxable","16":"purchasable","17":"product-type-simple"},"_links":{"self":[{"href":"https:\/\/roveyayinevi.com.tr\/index.php\/wp-json\/wp\/v2\/product\/766254","targetHints":{"allow":["GET"]}}],"collection":[{"href":"https:\/\/roveyayinevi.com.tr\/index.php\/wp-json\/wp\/v2\/product"}],"about":[{"href":"https:\/\/roveyayinevi.com.tr\/index.php\/wp-json\/wp\/v2\/types\/product"}],"wp:attachment":[{"href":"https:\/\/roveyayinevi.com.tr\/index.php\/wp-json\/wp\/v2\/media?parent=766254"}],"wp:term":[{"taxonomy":"product_brand","embeddable":true,"href":"https:\/\/roveyayinevi.com.tr\/index.php\/wp-json\/wp\/v2\/product_brand?post=766254"},{"taxonomy":"product_cat","embeddable":true,"href":"https:\/\/roveyayinevi.com.tr\/index.php\/wp-json\/wp\/v2\/product_cat?post=766254"},{"taxonomy":"product_tag","embeddable":true,"href":"https:\/\/roveyayinevi.com.tr\/index.php\/wp-json\/wp\/v2\/product_tag?post=766254"}],"curies":[{"name":"wp","href":"https:\/\/api.w.org\/{rel}","templated":true}]}}