{"id":766253,"date":"2025-08-28T12:07:37","date_gmt":"2025-08-28T09:07:37","guid":{"rendered":"https:\/\/roveyayinevi.com.tr\/index.php\/urun\/buyucunun-geri-donusu-3\/"},"modified":"2026-04-15T03:32:08","modified_gmt":"2026-04-15T00:32:08","slug":"buyucunun-geri-donusu-3","status":"publish","type":"product","link":"https:\/\/roveyayinevi.com.tr\/index.php\/urun\/buyucunun-geri-donusu-3\/","title":{"rendered":"B\u00fcy\u00fcc\u00fcn\u00fcn Geri D\u00f6n\u00fc\u015f\u00fc 3"},"content":{"rendered":"<p>DES\u0130R\u2019\u0130N KUL\u00dcB\u00dc VE MAV\u0130 AY KUL\u00dcB\u00dc TEK R\u00dcTBEL\u0130 UNVANINI ALMAK \u0130\u00c7\u0130N YAPILAN B\u00dcY\u00dcK \u00c7ATI\u015eMA!   SON G\u00d6REV\u0130N B\u0130T\u0130M\u0130NDEN HEMEN \u00d6NCE MAV\u0130 AY KUL\u00dcB\u00dc, DES\u0130R\u2019\u0130N KUL\u00dcB\u00dcN\u00dc TAMAMEN DURDURMAK \u0130\u00c7\u0130N B\u00dcY\u00dcK B\u0130R M\u00dcCADELE BA\u015eLATIR.   DONETTA, B\u00dcY\u00dcDEN ETK\u0130LENMEYEN E\u015eYALARLA DONANMI\u015e B\u0130R \u015eEK\u0130LDE ROMANT\u0130CA\u2019YA SALDIRIRKEN PERC\u0130VAL VE PRAM KAR\u015eI KAR\u015eIYA GEL\u0130R.   BU SIRADA AJEST, B\u00dcY\u00dcY\u00dc ENGELLEMEYE \u00c7ALI\u015eIR AMA DES\u0130R T\u00dcM BU SALDIRILARI GER\u0130 P\u00dcSK\u00dcRT\u00dcR.   BU NEFES KES\u0130C\u0130 SEV\u0130YE ATLAMA SINAVINDAN GAL\u0130P \u00c7IKAN K\u0130M OLACAK? <\/p>\n","protected":false},"excerpt":{"rendered":"<p>DES\u0130R\u2019\u0130N KUL\u00dcB\u00dc VE MAV\u0130 AY KUL\u00dcB\u00dc TEK R\u00dcTBEL\u0130 UNVANINI ALMAK \u0130\u00c7\u0130N YAPILAN B\u00dcY\u00dcK \u00c7ATI\u015eMA! SON G\u00d6REV\u0130N B\u0130T\u0130M\u0130NDEN HEMEN \u00d6NCE MAV\u0130 AY KUL\u00dcB\u00dc, DES\u0130R\u2019\u0130N KUL\u00dcB\u00dcN\u00dc TAMAMEN DURDURMAK<span class=\"excerpt-hellip\"> [\u2026]<\/span><\/p>\n","protected":false},"featured_media":0,"template":"","meta":{"_monsterinsights_skip_tracking":false,"_monsterinsights_sitenote_active":false,"_monsterinsights_sitenote_note":"","_monsterinsights_sitenote_category":0},"product_brand":[],"product_cat":[12416,12291],"product_tag":[],"class_list":{"0":"post-766253","1":"product","2":"type-product","3":"status-publish","5":"product_cat-cizgi-roman","6":"product_cat-edebiyat","7":"pa_cilt-ciltsiz","8":"pa_tur-kitap","9":"pa_yayinevi-athica-yayinlari","10":"pa_yazar-wook-jak-ga","12":"first","13":"instock","14":"sale","15":"shipping-taxable","16":"purchasable","17":"product-type-simple"},"_links":{"self":[{"href":"https:\/\/roveyayinevi.com.tr\/index.php\/wp-json\/wp\/v2\/product\/766253","targetHints":{"allow":["GET"]}}],"collection":[{"href":"https:\/\/roveyayinevi.com.tr\/index.php\/wp-json\/wp\/v2\/product"}],"about":[{"href":"https:\/\/roveyayinevi.com.tr\/index.php\/wp-json\/wp\/v2\/types\/product"}],"wp:attachment":[{"href":"https:\/\/roveyayinevi.com.tr\/index.php\/wp-json\/wp\/v2\/media?parent=766253"}],"wp:term":[{"taxonomy":"product_brand","embeddable":true,"href":"https:\/\/roveyayinevi.com.tr\/index.php\/wp-json\/wp\/v2\/product_brand?post=766253"},{"taxonomy":"product_cat","embeddable":true,"href":"https:\/\/roveyayinevi.com.tr\/index.php\/wp-json\/wp\/v2\/product_cat?post=766253"},{"taxonomy":"product_tag","embeddable":true,"href":"https:\/\/roveyayinevi.com.tr\/index.php\/wp-json\/wp\/v2\/product_tag?post=766253"}],"curies":[{"name":"wp","href":"https:\/\/api.w.org\/{rel}","templated":true}]}}