{"id":766252,"date":"2025-08-28T12:07:35","date_gmt":"2025-08-28T09:07:35","guid":{"rendered":"https:\/\/roveyayinevi.com.tr\/index.php\/urun\/metal-firtina-8\/"},"modified":"2026-04-15T03:32:08","modified_gmt":"2026-04-15T00:32:08","slug":"metal-firtina-8","status":"publish","type":"product","link":"https:\/\/roveyayinevi.com.tr\/index.php\/urun\/metal-firtina-8\/","title":{"rendered":"Metal F\u0131rt\u0131na 8"},"content":{"rendered":"<p>Kimsenin tahmin etmedi\u011fi o fakt\u00f6r, kendini belli etmek \u00fczere. Bir yanda ak\u0131llara zarar teknoloji bir yanda \u201cuyan\u0131\u015f\u0131 ya\u015fayan\u201d \u00e7\u0131r\u0131l\u00e7\u0131plak insan\u2026. Teknoloji insana, insan k\u00fcresel yap\u0131lara kar\u015f\u0131. Profesyonel ordularla sokaktaki adam kar\u015f\u0131 kar\u015f\u0131ya\u2026 Sava\u015flar\u0131n talihini de\u011fi\u015ftiren fakt\u00f6r nedir?En ileri silah teknolojisine sahip olmak, sava\u015f\u0131 kazanmaya yeter mi?T\u00fcrkler nas\u0131l oluyor da direnebiliyor?Nihai darbe bu kez indirilebilecek mi?Kim, kime so\u011fuk terler d\u00f6kt\u00fcr\u00fcyor?\u0130stanbul\u2019u yak\u0131p y\u0131kan, Bozcaada\u2019ya \u00e7\u0131karma yapanlar kimler?En \u00f6nemli soru: Uyan\u0131\u015fa ge\u00e7enler kimler? <\/p>\n","protected":false},"excerpt":{"rendered":"<p>Kimsenin tahmin etmedi\u011fi o fakt\u00f6r, kendini belli etmek \u00fczere. Bir yanda ak\u0131llara zarar teknoloji bir yanda \u201cuyan\u0131\u015f\u0131 ya\u015fayan\u201d \u00e7\u0131r\u0131l\u00e7\u0131plak insan\u2026. Teknoloji insana, insan k\u00fcresel yap\u0131lara kar\u015f\u0131.<span class=\"excerpt-hellip\"> [\u2026]<\/span><\/p>\n","protected":false},"featured_media":0,"template":"","meta":{"_monsterinsights_skip_tracking":false,"_monsterinsights_sitenote_active":false,"_monsterinsights_sitenote_note":"","_monsterinsights_sitenote_category":0},"product_brand":[],"product_cat":[12291,12711],"product_tag":[],"class_list":{"0":"post-766252","1":"product","2":"type-product","3":"status-publish","5":"product_cat-edebiyat","6":"product_cat-roman-oyku","7":"pa_cilt-ciltsiz","8":"pa_tur-kitap","9":"pa_yayinevi-destek-yayinlari","10":"pa_yazar-burak-turna","12":"first","13":"instock","14":"sale","15":"shipping-taxable","16":"purchasable","17":"product-type-simple"},"_links":{"self":[{"href":"https:\/\/roveyayinevi.com.tr\/index.php\/wp-json\/wp\/v2\/product\/766252","targetHints":{"allow":["GET"]}}],"collection":[{"href":"https:\/\/roveyayinevi.com.tr\/index.php\/wp-json\/wp\/v2\/product"}],"about":[{"href":"https:\/\/roveyayinevi.com.tr\/index.php\/wp-json\/wp\/v2\/types\/product"}],"wp:attachment":[{"href":"https:\/\/roveyayinevi.com.tr\/index.php\/wp-json\/wp\/v2\/media?parent=766252"}],"wp:term":[{"taxonomy":"product_brand","embeddable":true,"href":"https:\/\/roveyayinevi.com.tr\/index.php\/wp-json\/wp\/v2\/product_brand?post=766252"},{"taxonomy":"product_cat","embeddable":true,"href":"https:\/\/roveyayinevi.com.tr\/index.php\/wp-json\/wp\/v2\/product_cat?post=766252"},{"taxonomy":"product_tag","embeddable":true,"href":"https:\/\/roveyayinevi.com.tr\/index.php\/wp-json\/wp\/v2\/product_tag?post=766252"}],"curies":[{"name":"wp","href":"https:\/\/api.w.org\/{rel}","templated":true}]}}