{"id":766249,"date":"2025-08-28T12:07:28","date_gmt":"2025-08-28T09:07:28","guid":{"rendered":"https:\/\/roveyayinevi.com.tr\/index.php\/urun\/metal-firtina-7\/"},"modified":"2026-04-15T03:32:08","modified_gmt":"2026-04-15T00:32:08","slug":"metal-firtina-7","status":"publish","type":"product","link":"https:\/\/roveyayinevi.com.tr\/index.php\/urun\/metal-firtina-7\/","title":{"rendered":"Metal F\u0131rt\u0131na 7"},"content":{"rendered":"<p>\u0130simsiz kahraman olmay\u0131 tercih edenlerin isimleri bilinmez\u2026 Onlar\u0131n m\u00fccadelesi \u015f\u00f6hret i\u00e7in de\u011fil, devlet ve millet i\u00e7indir. Nihayet, d\u00f6n\u00fcm noktas\u0131na gelindi. K\u00fcresel g\u00fc\u00e7ler \u015fah \u00e7ekiyor ve biri mat olacak. Kahramanlar, ger\u00e7ekten var m\u0131?\u0130simsiz kahramanlar neden isimsiz?Uyan\u0131\u015f nas\u0131l ger\u00e7ekle\u015fir?Kapana k\u0131s\u0131lmadan uyanmak m\u00fcmk\u00fcn m\u00fc?Vatan haini kahraman, kahraman vatan haini san\u0131labilir mi?Kaos, s\u0131radan bir insan\u0131 neye d\u00f6n\u00fc\u015ft\u00fcr\u00fcr? <\/p>\n","protected":false},"excerpt":{"rendered":"<p>\u0130simsiz kahraman olmay\u0131 tercih edenlerin isimleri bilinmez\u2026 Onlar\u0131n m\u00fccadelesi \u015f\u00f6hret i\u00e7in de\u011fil, devlet ve millet i\u00e7indir. Nihayet, d\u00f6n\u00fcm noktas\u0131na gelindi. K\u00fcresel g\u00fc\u00e7ler \u015fah \u00e7ekiyor ve biri<span class=\"excerpt-hellip\"> [\u2026]<\/span><\/p>\n","protected":false},"featured_media":0,"template":"","meta":{"_monsterinsights_skip_tracking":false,"_monsterinsights_sitenote_active":false,"_monsterinsights_sitenote_note":"","_monsterinsights_sitenote_category":0},"product_brand":[],"product_cat":[12291,12711],"product_tag":[],"class_list":{"0":"post-766249","1":"product","2":"type-product","3":"status-publish","5":"product_cat-edebiyat","6":"product_cat-roman-oyku","7":"pa_cilt-ciltsiz","8":"pa_tur-kitap","9":"pa_yayinevi-destek-yayinlari","10":"pa_yazar-burak-turna","12":"first","13":"instock","14":"sale","15":"shipping-taxable","16":"purchasable","17":"product-type-simple"},"_links":{"self":[{"href":"https:\/\/roveyayinevi.com.tr\/index.php\/wp-json\/wp\/v2\/product\/766249","targetHints":{"allow":["GET"]}}],"collection":[{"href":"https:\/\/roveyayinevi.com.tr\/index.php\/wp-json\/wp\/v2\/product"}],"about":[{"href":"https:\/\/roveyayinevi.com.tr\/index.php\/wp-json\/wp\/v2\/types\/product"}],"wp:attachment":[{"href":"https:\/\/roveyayinevi.com.tr\/index.php\/wp-json\/wp\/v2\/media?parent=766249"}],"wp:term":[{"taxonomy":"product_brand","embeddable":true,"href":"https:\/\/roveyayinevi.com.tr\/index.php\/wp-json\/wp\/v2\/product_brand?post=766249"},{"taxonomy":"product_cat","embeddable":true,"href":"https:\/\/roveyayinevi.com.tr\/index.php\/wp-json\/wp\/v2\/product_cat?post=766249"},{"taxonomy":"product_tag","embeddable":true,"href":"https:\/\/roveyayinevi.com.tr\/index.php\/wp-json\/wp\/v2\/product_tag?post=766249"}],"curies":[{"name":"wp","href":"https:\/\/api.w.org\/{rel}","templated":true}]}}