{"id":766248,"date":"2025-08-28T12:07:25","date_gmt":"2025-08-28T09:07:25","guid":{"rendered":"https:\/\/roveyayinevi.com.tr\/index.php\/urun\/eyvah-fikrim-kayboldu\/"},"modified":"2026-04-15T03:32:08","modified_gmt":"2026-04-15T00:32:08","slug":"eyvah-fikrim-kayboldu","status":"publish","type":"product","link":"https:\/\/roveyayinevi.com.tr\/index.php\/urun\/eyvah-fikrim-kayboldu\/","title":{"rendered":"Eyvah Fikrim Kayboldu!"},"content":{"rendered":"<p>Uzay, kaybetti\u011fi parlak fikrini bulmak i\u00e7in s\u0131ra d\u0131\u015f\u0131 bir maceraya at\u0131l\u0131yor. Evin salonunda ba\u015flayan bu aray\u0131\u015f uzay\u0131n derinliklerine ve bir safari yolculu\u011funa kadar uzan\u0131yor. Bezelye ordular\u0131, horlayan aslan ve hatta bir T-Rex bile bu maceran\u0131n bir par\u00e7as\u0131!Ancak Uzay&#8217;\u0131n en b\u00fcy\u00fck hedefi, bu kay\u0131p fikri yeniden hat\u0131rlamak.Sen de bu maceraya ortak olup Uzay\u2019\u0131n kaybolan fikrini aramaya var m\u0131s\u0131n?<\/p>\n","protected":false},"excerpt":{"rendered":"<p>Uzay, kaybetti\u011fi parlak fikrini bulmak i\u00e7in s\u0131ra d\u0131\u015f\u0131 bir maceraya at\u0131l\u0131yor. Evin salonunda ba\u015flayan bu aray\u0131\u015f uzay\u0131n derinliklerine ve bir safari yolculu\u011funa kadar uzan\u0131yor. Bezelye ordular\u0131,<span class=\"excerpt-hellip\"> [\u2026]<\/span><\/p>\n","protected":false},"featured_media":0,"template":"","meta":{"_monsterinsights_skip_tracking":false,"_monsterinsights_sitenote_active":false,"_monsterinsights_sitenote_note":"","_monsterinsights_sitenote_category":0},"product_brand":[],"product_cat":[12274,12284],"product_tag":[],"class_list":{"0":"post-766248","1":"product","2":"type-product","3":"status-publish","5":"product_cat-cocuk-ve-genclik-kitaplari","6":"product_cat-hikayeler","7":"pa_cilt-ciltsiz","8":"pa_tur-kitap","9":"pa_yayinevi-timas-cocuk","10":"pa_yazar-deniz-sevdi","12":"first","13":"instock","14":"sale","15":"shipping-taxable","16":"purchasable","17":"product-type-simple"},"_links":{"self":[{"href":"https:\/\/roveyayinevi.com.tr\/index.php\/wp-json\/wp\/v2\/product\/766248","targetHints":{"allow":["GET"]}}],"collection":[{"href":"https:\/\/roveyayinevi.com.tr\/index.php\/wp-json\/wp\/v2\/product"}],"about":[{"href":"https:\/\/roveyayinevi.com.tr\/index.php\/wp-json\/wp\/v2\/types\/product"}],"wp:attachment":[{"href":"https:\/\/roveyayinevi.com.tr\/index.php\/wp-json\/wp\/v2\/media?parent=766248"}],"wp:term":[{"taxonomy":"product_brand","embeddable":true,"href":"https:\/\/roveyayinevi.com.tr\/index.php\/wp-json\/wp\/v2\/product_brand?post=766248"},{"taxonomy":"product_cat","embeddable":true,"href":"https:\/\/roveyayinevi.com.tr\/index.php\/wp-json\/wp\/v2\/product_cat?post=766248"},{"taxonomy":"product_tag","embeddable":true,"href":"https:\/\/roveyayinevi.com.tr\/index.php\/wp-json\/wp\/v2\/product_tag?post=766248"}],"curies":[{"name":"wp","href":"https:\/\/api.w.org\/{rel}","templated":true}]}}