{"id":766247,"date":"2025-08-28T12:07:24","date_gmt":"2025-08-28T09:07:24","guid":{"rendered":"https:\/\/roveyayinevi.com.tr\/index.php\/urun\/japonlarin-zorluklarin-ustesinden-gelme-sanati-ganbatte\/"},"modified":"2026-04-11T03:29:53","modified_gmt":"2026-04-11T00:29:53","slug":"japonlarin-zorluklarin-ustesinden-gelme-sanati-ganbatte","status":"publish","type":"product","link":"https:\/\/roveyayinevi.com.tr\/index.php\/urun\/japonlarin-zorluklarin-ustesinden-gelme-sanati-ganbatte\/","title":{"rendered":"Japonlar\u0131n Zorluklar\u0131n \u00dcstesinden Gelme Sanat\u0131-Ganbatte"},"content":{"rendered":"<p>Ikigai\u2019nin Yazar\u0131ndan ASLA PES ETME, \u0130LERLEMEYE DEVAM ET Japonlar onca sava\u015ftan ve do\u011fal afetten sonra sizce hayatlar\u0131n\u0131 nas\u0131l yeniden in\u015fa ettiler ve etmeye devam ediyorlar? Bu halk\u0131n, t\u0131pk\u0131 Z\u00fcmr\u00fcd\u00fcanka gibi k\u00fcllerinden yeniden do\u011fmas\u0131n\u0131n s\u0131rr\u0131, Japonca bir terim olan ve \u201cElinden gelenin en iyisini yap, asla pes etme, devam et!\u201d \u015feklinde ifade edilebilecek \u201cganbatte\u201d felsefesinde yatmaktad\u0131r. D\u00fcnyadaki pek \u00e7ok \u00fclkede bir s\u0131nava, i\u015f g\u00f6r\u00fc\u015fmesine girmeden ya da bir yar\u0131\u015fmaya ba\u015flamadan \u00f6nce \u201ciyi \u015fanslar\u201d dilenirken Japonlar birini \u00e7aba g\u00f6stermeye te\u015fvik etmek i\u00e7in \u201cganbatte\u201d ifadesini kullan\u0131r. Bu, g\u00f6sterilen tutum bak\u0131m\u0131ndan b\u00fcy\u00fck bir fark yarat\u0131r, \u00e7\u00fcnk\u00fc iyi \u015fans d\u0131\u015f unsurlara ba\u011fl\u0131d\u0131r, yani kaderi ki\u015finin d\u0131\u015f\u0131nda konumland\u0131r\u0131r. Ganbatte ise ki\u015finin i\u00e7indeki g\u00fcce ve olanaklara y\u00f6neliktir, yani olacak olan bireysel \u00e7abaya ba\u011fl\u0131d\u0131r. Ganbatte felsefesini anlatan bu ilham verici kitap, bize t\u00fcm engelleri nas\u0131l a\u015faca\u011f\u0131m\u0131z\u0131 ve her ne yapmak i\u00e7in yola \u00e7\u0131karsak \u00e7\u0131kal\u0131m cesaret ve motivasyonla nas\u0131l ilerleyece\u011fimizi \u00f6\u011fretiyor. GANBATTE, Japonlar\u0131n dayan\u0131kl\u0131l\u0131k ve ki\u015fisel geli\u015fim s\u0131rr\u0131 \u00fczerine yay\u0131mlanm\u0131\u015f  d\u00fcnyaca \u00fcnl\u00fc bir ilk kitapt\u0131r. <\/p>\n","protected":false},"excerpt":{"rendered":"<p>Ikigai\u2019nin Yazar\u0131ndan ASLA PES ETME, \u0130LERLEMEYE DEVAM ET Japonlar onca sava\u015ftan ve do\u011fal afetten sonra sizce hayatlar\u0131n\u0131 nas\u0131l yeniden in\u015fa ettiler ve etmeye devam ediyorlar? Bu<span class=\"excerpt-hellip\"> [\u2026]<\/span><\/p>\n","protected":false},"featured_media":0,"template":"","meta":{"_monsterinsights_skip_tracking":false,"_monsterinsights_sitenote_active":false,"_monsterinsights_sitenote_note":"","_monsterinsights_sitenote_category":0},"product_brand":[],"product_cat":[12364,12376],"product_tag":[],"class_list":{"0":"post-766247","1":"product","2":"type-product","3":"status-publish","5":"product_cat-genel-konular","6":"product_cat-kisisel-gelisim","7":"pa_cilt-ciltsiz","8":"pa_tur-kitap","9":"pa_yayinevi-destek-yayinlari","10":"pa_yazar-nobou-suzuki","12":"first","13":"instock","14":"sale","15":"shipping-taxable","16":"purchasable","17":"product-type-simple"},"_links":{"self":[{"href":"https:\/\/roveyayinevi.com.tr\/index.php\/wp-json\/wp\/v2\/product\/766247","targetHints":{"allow":["GET"]}}],"collection":[{"href":"https:\/\/roveyayinevi.com.tr\/index.php\/wp-json\/wp\/v2\/product"}],"about":[{"href":"https:\/\/roveyayinevi.com.tr\/index.php\/wp-json\/wp\/v2\/types\/product"}],"wp:attachment":[{"href":"https:\/\/roveyayinevi.com.tr\/index.php\/wp-json\/wp\/v2\/media?parent=766247"}],"wp:term":[{"taxonomy":"product_brand","embeddable":true,"href":"https:\/\/roveyayinevi.com.tr\/index.php\/wp-json\/wp\/v2\/product_brand?post=766247"},{"taxonomy":"product_cat","embeddable":true,"href":"https:\/\/roveyayinevi.com.tr\/index.php\/wp-json\/wp\/v2\/product_cat?post=766247"},{"taxonomy":"product_tag","embeddable":true,"href":"https:\/\/roveyayinevi.com.tr\/index.php\/wp-json\/wp\/v2\/product_tag?post=766247"}],"curies":[{"name":"wp","href":"https:\/\/api.w.org\/{rel}","templated":true}]}}