{"id":766246,"date":"2025-08-28T12:07:22","date_gmt":"2025-08-28T09:07:22","guid":{"rendered":"https:\/\/roveyayinevi.com.tr\/index.php\/urun\/evdeki-kocaman-kaplan\/"},"modified":"2026-04-15T03:32:08","modified_gmt":"2026-04-15T00:32:08","slug":"evdeki-kocaman-kaplan","status":"publish","type":"product","link":"https:\/\/roveyayinevi.com.tr\/index.php\/urun\/evdeki-kocaman-kaplan\/","title":{"rendered":"Evdeki Kocaman Kaplan"},"content":{"rendered":"<p>Evinizde bir kaplan s\u00fcrekli sizi takip etse ne yapard\u0131n\u0131z? Defne, evdeki kocaman Kaplan&#8217;la ne yapaca\u011f\u0131n\u0131 bilmiyordu. Kaplan bir t\u00fcrl\u00fc ait oldu\u011fu ormana gitmiyor, Defne&#8217;nin can\u0131n\u0131 s\u0131kacak bir olay oldu\u011funda hemen bir yerlerden \u00e7\u0131k\u0131veriyordu. \u00dcstelik her yerdeydi: dolab\u0131nda, odas\u0131nda, mutfakta&#8230;Ya\u011fmurlu bir g\u00fcnde Defne, g\u00f6rd\u00fc\u011f\u00fc muhte\u015fem g\u00f6kku\u015fa\u011f\u0131n\u0131 \u00e7izmek i\u00e7in d\u0131\u015far\u0131 \u00e7\u0131kt\u0131. Ama bir aksilik vard\u0131! Sar\u0131 boyas\u0131 eksikti. Sar\u0131 boyas\u0131 olmadan resmini nas\u0131l tamamlayabilirdi ki?Defne&#8217;nin yine can\u0131 s\u0131k\u0131ld\u0131. Can s\u0131k\u0131nt\u0131s\u0131 artt\u0131k\u00e7a pe\u015fini b\u0131rakmayan Kaplan da b\u00fcy\u00fcyordu.Peki Defne, Kaplan\u2019\u0131 ait oldu\u011fu ormana g\u00f6nderebilecek miydi?<\/p>\n","protected":false},"excerpt":{"rendered":"<p>Evinizde bir kaplan s\u00fcrekli sizi takip etse ne yapard\u0131n\u0131z? Defne, evdeki kocaman Kaplan&#8217;la ne yapaca\u011f\u0131n\u0131 bilmiyordu. Kaplan bir t\u00fcrl\u00fc ait oldu\u011fu ormana gitmiyor, Defne&#8217;nin can\u0131n\u0131 s\u0131kacak<span class=\"excerpt-hellip\"> [\u2026]<\/span><\/p>\n","protected":false},"featured_media":0,"template":"","meta":{"_monsterinsights_skip_tracking":false,"_monsterinsights_sitenote_active":false,"_monsterinsights_sitenote_note":"","_monsterinsights_sitenote_category":0},"product_brand":[],"product_cat":[12274,12284],"product_tag":[],"class_list":{"0":"post-766246","1":"product","2":"type-product","3":"status-publish","5":"product_cat-cocuk-ve-genclik-kitaplari","6":"product_cat-hikayeler","7":"pa_cilt-ciltsiz","8":"pa_tur-kitap","9":"pa_yayinevi-timas-cocuk","10":"pa_yazar-sevde-tuba-okcu","12":"first","13":"instock","14":"sale","15":"shipping-taxable","16":"purchasable","17":"product-type-simple"},"_links":{"self":[{"href":"https:\/\/roveyayinevi.com.tr\/index.php\/wp-json\/wp\/v2\/product\/766246","targetHints":{"allow":["GET"]}}],"collection":[{"href":"https:\/\/roveyayinevi.com.tr\/index.php\/wp-json\/wp\/v2\/product"}],"about":[{"href":"https:\/\/roveyayinevi.com.tr\/index.php\/wp-json\/wp\/v2\/types\/product"}],"wp:attachment":[{"href":"https:\/\/roveyayinevi.com.tr\/index.php\/wp-json\/wp\/v2\/media?parent=766246"}],"wp:term":[{"taxonomy":"product_brand","embeddable":true,"href":"https:\/\/roveyayinevi.com.tr\/index.php\/wp-json\/wp\/v2\/product_brand?post=766246"},{"taxonomy":"product_cat","embeddable":true,"href":"https:\/\/roveyayinevi.com.tr\/index.php\/wp-json\/wp\/v2\/product_cat?post=766246"},{"taxonomy":"product_tag","embeddable":true,"href":"https:\/\/roveyayinevi.com.tr\/index.php\/wp-json\/wp\/v2\/product_tag?post=766246"}],"curies":[{"name":"wp","href":"https:\/\/api.w.org\/{rel}","templated":true}]}}