{"id":766245,"date":"2025-08-28T12:07:19","date_gmt":"2025-08-28T09:07:19","guid":{"rendered":"https:\/\/roveyayinevi.com.tr\/index.php\/urun\/metal-firtina-6\/"},"modified":"2026-04-15T03:32:08","modified_gmt":"2026-04-15T00:32:08","slug":"metal-firtina-6","status":"publish","type":"product","link":"https:\/\/roveyayinevi.com.tr\/index.php\/urun\/metal-firtina-6\/","title":{"rendered":"Metal F\u0131rt\u0131na 6"},"content":{"rendered":"<p>Ger\u00e7eklik parampar\u00e7a oluyor! Do\u011fru bilinen yanl\u0131\u015f, yanl\u0131\u015f bilinen do\u011fru\u2026 Kahraman san\u0131lan casuslar, casus san\u0131lan isimsiz kahramanlar\u2026 Art\u0131k sadece cephede silahlar de\u011fil, k\u00fcresel d\u00fczeyde stratejiler \u00e7arp\u0131\u015f\u0131yor. T\u00fcrklerin Anadolu\u2019daki varl\u0131\u011f\u0131na kastedenlerin yok edilme zaman\u0131 geldi mi?\u00d6l\u00fcmc\u00fcl s\u0131rra ula\u015fmas\u0131 gereken sadece G\u00f6khan ve Mert mi?Bu s\u0131rr\u0131 kim, neden gizledi?Zihnin kal\u0131plar\u0131n\u0131 par\u00e7alamadan o s\u0131rra ula\u015fabilmek m\u00fcmk\u00fcn m\u00fc?T\u00fcrkler bu kez tamamen yenilecek ve yok edilecek mi? En \u00f6nemli soru: D\u00fcnyay\u0131 ger\u00e7ekte kim y\u00f6netiyor? <\/p>\n","protected":false},"excerpt":{"rendered":"<p>Ger\u00e7eklik parampar\u00e7a oluyor! Do\u011fru bilinen yanl\u0131\u015f, yanl\u0131\u015f bilinen do\u011fru\u2026 Kahraman san\u0131lan casuslar, casus san\u0131lan isimsiz kahramanlar\u2026 Art\u0131k sadece cephede silahlar de\u011fil, k\u00fcresel d\u00fczeyde stratejiler \u00e7arp\u0131\u015f\u0131yor. T\u00fcrklerin<span class=\"excerpt-hellip\"> [\u2026]<\/span><\/p>\n","protected":false},"featured_media":0,"template":"","meta":{"_monsterinsights_skip_tracking":false,"_monsterinsights_sitenote_active":false,"_monsterinsights_sitenote_note":"","_monsterinsights_sitenote_category":0},"product_brand":[],"product_cat":[12291,12711],"product_tag":[],"class_list":{"0":"post-766245","1":"product","2":"type-product","3":"status-publish","5":"product_cat-edebiyat","6":"product_cat-roman-oyku","7":"pa_cilt-ciltsiz","8":"pa_tur-kitap","9":"pa_yayinevi-destek-yayinlari","10":"pa_yazar-burak-turna","12":"first","13":"instock","14":"sale","15":"shipping-taxable","16":"purchasable","17":"product-type-simple"},"_links":{"self":[{"href":"https:\/\/roveyayinevi.com.tr\/index.php\/wp-json\/wp\/v2\/product\/766245","targetHints":{"allow":["GET"]}}],"collection":[{"href":"https:\/\/roveyayinevi.com.tr\/index.php\/wp-json\/wp\/v2\/product"}],"about":[{"href":"https:\/\/roveyayinevi.com.tr\/index.php\/wp-json\/wp\/v2\/types\/product"}],"wp:attachment":[{"href":"https:\/\/roveyayinevi.com.tr\/index.php\/wp-json\/wp\/v2\/media?parent=766245"}],"wp:term":[{"taxonomy":"product_brand","embeddable":true,"href":"https:\/\/roveyayinevi.com.tr\/index.php\/wp-json\/wp\/v2\/product_brand?post=766245"},{"taxonomy":"product_cat","embeddable":true,"href":"https:\/\/roveyayinevi.com.tr\/index.php\/wp-json\/wp\/v2\/product_cat?post=766245"},{"taxonomy":"product_tag","embeddable":true,"href":"https:\/\/roveyayinevi.com.tr\/index.php\/wp-json\/wp\/v2\/product_tag?post=766245"}],"curies":[{"name":"wp","href":"https:\/\/api.w.org\/{rel}","templated":true}]}}