{"id":766244,"date":"2025-08-28T12:07:17","date_gmt":"2025-08-28T09:07:17","guid":{"rendered":"https:\/\/roveyayinevi.com.tr\/index.php\/urun\/metal-firtina-2\/"},"modified":"2026-04-15T03:32:08","modified_gmt":"2026-04-15T00:32:08","slug":"metal-firtina-2","status":"publish","type":"product","link":"https:\/\/roveyayinevi.com.tr\/index.php\/urun\/metal-firtina-2\/","title":{"rendered":"Metal F\u0131rt\u0131na 2"},"content":{"rendered":"<p>Metal F\u0131rt\u0131na 2 Kurtulu\u015f, ilk kitap Metal F\u0131rt\u0131na\u2019dan bu yana merak edilen sorular\u0131n cevaplar\u0131n\u0131 heyecanl\u0131 ve s\u00fcr\u00fckleyici yepyeni bir olay \u00f6rg\u00fcs\u00fcyle sunuyor. ABD\u2019nin T\u00fcrkiye\u2019yi i\u015fgal giri\u015fimi \u00fczerine diplomatik m\u00fczakerelerde bulunmak amac\u0131yla Washington\u2019a hareket eden ve esir al\u0131nan T\u00fcrk d\u0131\u015fi\u015fleri bakan\u0131 ile ekibinin ba\u015f\u0131na neler geldi?D\u0131\u015fi\u015fleri heyeti ile ilgili planlar neydi? Planlar\u0131n arkas\u0131nda kim vard\u0131 ve ba\u011flant\u0131lar\u0131 nerelere kadar uzan\u0131yordu?Washington\u2019da patlayan bomba, neleri de\u011fi\u015ftirdi? Amerikan y\u00f6netimine el koyan gizli bir grup, kimsenin beklemedi\u011fi bir anda tekrar harekete ge\u00e7erken, yeni hedef neresi? T\u00fcrk, Amerikal\u0131 ve Rus politikac\u0131lar neden zamana kar\u015f\u0131 yar\u0131\u015f\u0131yor?Gri Tak\u0131m i\u00e7inde k\u00f6stebek var m\u0131? Ve en \u00f6nemli soru: Ortado\u011fu\u2019ya nihai bar\u0131\u015f gelecek mi? <\/p>\n","protected":false},"excerpt":{"rendered":"<p>Metal F\u0131rt\u0131na 2 Kurtulu\u015f, ilk kitap Metal F\u0131rt\u0131na\u2019dan bu yana merak edilen sorular\u0131n cevaplar\u0131n\u0131 heyecanl\u0131 ve s\u00fcr\u00fckleyici yepyeni bir olay \u00f6rg\u00fcs\u00fcyle sunuyor. ABD\u2019nin T\u00fcrkiye\u2019yi i\u015fgal giri\u015fimi<span class=\"excerpt-hellip\"> [\u2026]<\/span><\/p>\n","protected":false},"featured_media":0,"template":"","meta":{"_monsterinsights_skip_tracking":false,"_monsterinsights_sitenote_active":false,"_monsterinsights_sitenote_note":"","_monsterinsights_sitenote_category":0},"product_brand":[],"product_cat":[12291,12711],"product_tag":[],"class_list":{"0":"post-766244","1":"product","2":"type-product","3":"status-publish","5":"product_cat-edebiyat","6":"product_cat-roman-oyku","7":"pa_cilt-ciltsiz","8":"pa_tur-kitap","9":"pa_yayinevi-destek-yayinlari","10":"pa_yazar-burak-turna","12":"first","13":"instock","14":"sale","15":"shipping-taxable","16":"purchasable","17":"product-type-simple"},"_links":{"self":[{"href":"https:\/\/roveyayinevi.com.tr\/index.php\/wp-json\/wp\/v2\/product\/766244","targetHints":{"allow":["GET"]}}],"collection":[{"href":"https:\/\/roveyayinevi.com.tr\/index.php\/wp-json\/wp\/v2\/product"}],"about":[{"href":"https:\/\/roveyayinevi.com.tr\/index.php\/wp-json\/wp\/v2\/types\/product"}],"wp:attachment":[{"href":"https:\/\/roveyayinevi.com.tr\/index.php\/wp-json\/wp\/v2\/media?parent=766244"}],"wp:term":[{"taxonomy":"product_brand","embeddable":true,"href":"https:\/\/roveyayinevi.com.tr\/index.php\/wp-json\/wp\/v2\/product_brand?post=766244"},{"taxonomy":"product_cat","embeddable":true,"href":"https:\/\/roveyayinevi.com.tr\/index.php\/wp-json\/wp\/v2\/product_cat?post=766244"},{"taxonomy":"product_tag","embeddable":true,"href":"https:\/\/roveyayinevi.com.tr\/index.php\/wp-json\/wp\/v2\/product_tag?post=766244"}],"curies":[{"name":"wp","href":"https:\/\/api.w.org\/{rel}","templated":true}]}}