{"id":766243,"date":"2025-08-28T12:07:15","date_gmt":"2025-08-28T09:07:15","guid":{"rendered":"https:\/\/roveyayinevi.com.tr\/index.php\/urun\/cevrim-disi-tatil-gunu\/"},"modified":"2026-04-15T03:32:08","modified_gmt":"2026-04-15T00:32:08","slug":"cevrim-disi-tatil-gunu","status":"publish","type":"product","link":"https:\/\/roveyayinevi.com.tr\/index.php\/urun\/cevrim-disi-tatil-gunu\/","title":{"rendered":"\u00c7evrim D\u0131\u015f\u0131 Tatil G\u00fcn\u00fc"},"content":{"rendered":"<p>Bu kitab\u0131 okuduktan sonra internetsiz bir d\u00fcnyan\u0131n hayalini kuracak, aileyle birlikte zaman ge\u00e7irmenin \u00f6nemini fark edecek, parlak y\u0131ld\u0131zlar\u0131, yemye\u015fil do\u011fay\u0131, mis gibi kokan \u00e7i\u00e7ekleri, d\u0131\u015far\u0131da oyun oynamay\u0131, do\u011fa ile ba\u015f ba\u015fa zaman ge\u00e7irmeyi isteyeceksiniz. Hatta bunun i\u00e7in plan yapacaks\u0131n\u0131z. Teknoloji kullan\u0131rken hangi g\u00fczellikleri ka\u00e7\u0131rd\u0131\u011f\u0131m\u0131z\u0131 anlatan; bitirmesi k\u0131sa, etkisi uzun s\u00fcrecek harika bir eser.Metin \u00d6ZDAMARLARE\u011fitimci &#8211;  YazarM\u00fcsl\u00fcm Tekin, teknoloji ba\u011f\u0131ml\u0131l\u0131\u011f\u0131n\u0131n aileler \u00fczerindeki etkisini i\u00e7ten ve samimi bir hik\u00e2yeyle i\u015fliyor. Bu kitap, her ya\u015ftan okura unuttuklar\u0131 aile s\u0131cakl\u0131\u011f\u0131n\u0131 hat\u0131rlatacak ve bir\u00e7ok kalbe dokunacak. S\u00f6ylemeden edemeyece\u011fim, babaanneye bay\u0131ld\u0131m.Ya\u015far BAYRAKTARE\u011fitimci &#8211; Yazar<\/p>\n","protected":false},"excerpt":{"rendered":"<p>Bu kitab\u0131 okuduktan sonra internetsiz bir d\u00fcnyan\u0131n hayalini kuracak, aileyle birlikte zaman ge\u00e7irmenin \u00f6nemini fark edecek, parlak y\u0131ld\u0131zlar\u0131, yemye\u015fil do\u011fay\u0131, mis gibi kokan \u00e7i\u00e7ekleri, d\u0131\u015far\u0131da oyun<span class=\"excerpt-hellip\"> [\u2026]<\/span><\/p>\n","protected":false},"featured_media":0,"template":"","meta":{"_monsterinsights_skip_tracking":false,"_monsterinsights_sitenote_active":false,"_monsterinsights_sitenote_note":"","_monsterinsights_sitenote_category":0},"product_brand":[],"product_cat":[12274,12284],"product_tag":[],"class_list":{"0":"post-766243","1":"product","2":"type-product","3":"status-publish","5":"product_cat-cocuk-ve-genclik-kitaplari","6":"product_cat-hikayeler","7":"pa_cilt-ciltsiz","8":"pa_tur-kitap","9":"pa_yayinevi-timas-cocuk","10":"pa_yazar-muslum-tekin","12":"first","13":"instock","14":"sale","15":"shipping-taxable","16":"purchasable","17":"product-type-simple"},"_links":{"self":[{"href":"https:\/\/roveyayinevi.com.tr\/index.php\/wp-json\/wp\/v2\/product\/766243","targetHints":{"allow":["GET"]}}],"collection":[{"href":"https:\/\/roveyayinevi.com.tr\/index.php\/wp-json\/wp\/v2\/product"}],"about":[{"href":"https:\/\/roveyayinevi.com.tr\/index.php\/wp-json\/wp\/v2\/types\/product"}],"wp:attachment":[{"href":"https:\/\/roveyayinevi.com.tr\/index.php\/wp-json\/wp\/v2\/media?parent=766243"}],"wp:term":[{"taxonomy":"product_brand","embeddable":true,"href":"https:\/\/roveyayinevi.com.tr\/index.php\/wp-json\/wp\/v2\/product_brand?post=766243"},{"taxonomy":"product_cat","embeddable":true,"href":"https:\/\/roveyayinevi.com.tr\/index.php\/wp-json\/wp\/v2\/product_cat?post=766243"},{"taxonomy":"product_tag","embeddable":true,"href":"https:\/\/roveyayinevi.com.tr\/index.php\/wp-json\/wp\/v2\/product_tag?post=766243"}],"curies":[{"name":"wp","href":"https:\/\/api.w.org\/{rel}","templated":true}]}}