{"id":766241,"date":"2025-08-28T12:07:10","date_gmt":"2025-08-28T09:07:10","guid":{"rendered":"https:\/\/roveyayinevi.com.tr\/index.php\/urun\/gulnar-gulistan-gulnar\/"},"modified":"2026-04-15T03:32:08","modified_gmt":"2026-04-15T00:32:08","slug":"gulnar-gulistan-gulnar","status":"publish","type":"product","link":"https:\/\/roveyayinevi.com.tr\/index.php\/urun\/gulnar-gulistan-gulnar\/","title":{"rendered":"G\u00fclnar G\u00fclistan G\u00fclnar"},"content":{"rendered":"<p>&#8230;Yanl\u0131\u015f\u0131 d\u00fczeltme imk\u00e2n\u0131m yoktu. \u00d6yleyse, do\u011frunun ortaya konmas\u0131 laz\u0131md\u0131. Bunu kim yapacakt\u0131? \u201cMadem G\u00fclnar\u2019\u0131n \u00e7ocu\u011fusun, \u00fcstelik Tarih \u00d6\u011fretmenisin, sen niye yapm\u0131yorsun?\u201d dedim kendi kendime. Yeniden, daha derin bir ara\u015ft\u0131rma yaparak yazmaya karar verdi\u011fimde, bir yay\u0131nc\u0131 arkada\u015f\u0131m\u0131n, \u201cRoman \u015feklinde yazarsan, okuyucuyu s\u0131kmaz. Bir roman okurken, tarihini de \u00f6\u011frenmi\u015f olur.\u201d demesi \u00fczerine, \u015fu anda elinizde tuttu\u011funuz bu roman ortaya \u00e7\u0131kt\u0131. Romanda ge\u00e7en olaylar\u0131n tamam\u0131, tarihi ger\u00e7eklerdir. Olaylar\u0131n meydana geldi\u011fi zaman, yer, olu\u015f bi\u00e7imleri ve kahramanlar\u0131, ger\u00e7ekte nas\u0131l olmu\u015fsa \u00f6yle aktar\u0131lm\u0131\u015ft\u0131r. Gayret bizden, Tevfik Y\u00fcce Allah\u2019tand\u0131r.  &#8211; &#8211; &#8211; Ahmet SARI Mersin-G\u00fclnar\u2019\u0131n Beydili K\u00f6y\u00fcnde do\u011fdu. Beydili K\u00f6y\u00fc \u0130lkokulu, Antalya Aksu \u00d6\u011fretmen Lisesi ve Konya Sel\u00e7uk E\u011fitim Enstit\u00fcs\u00fc Sosyal Bilgiler b\u00f6l\u00fcm\u00fcnden mezun oldu. Anadolu \u00dcniversitesi Tarih B\u00f6l\u00fcm\u00fc\u2019nde lisans e\u011fitimini tamamlad\u0131. Artvin-Bor\u00e7ka-Damar Ortaokulunda \u00f6\u011fretmenlik ve m\u00fcd\u00fcrl\u00fck, Osmaniye-D\u00fczi\u00e7i-Ellek Ortaokulunda, Mersin-Erdemli-T\u00f6m\u00fck Hac\u0131 Recep Ya\u015fa Ortaokulu\u2019nda, G\u00fclnar Lisesi\u2019nde, G\u00fclnar \u00c7ok Programl\u0131 Lisesi\u2019nde m\u00fcd\u00fcrl\u00fck ve G\u00fclnar \u0130mam-Hatip Lisesi\u2019nde \u00f6\u011fretmenlik ve m\u00fcd\u00fcrl\u00fck yapt\u0131. Osmaniye- D\u00fczi\u00e7i, Mersin Yeni\u015fehir ve G\u00fclnar \u0130l\u00e7elerinde \u0130l\u00e7e Milli E\u011fitim M\u00fcd\u00fcrl\u00fc\u011f\u00fc g\u00f6revlerinde bulundu. Mersin Milli E\u011fitim M\u00fcd\u00fcrl\u00fc\u011f\u00fc\u2019nde E\u011fitim Uzmanl\u0131\u011f\u0131 g\u00f6revinden 2017 y\u0131l\u0131nda emekliye ayr\u0131ld\u0131. Evli ve be\u015f \u00e7ocuk babas\u0131d\u0131r. \u201cAnadolu\u2019nun Unutulmaz Sokak Oyunlar\u0131\u201d ve \u201cYa \u0130stanbul Ya Cennet \u2013 D\u00fc\u011f\u00fcn \u015eimdi Ba\u015flad\u0131\u201d isimli Piyes kitaplar\u0131 yay\u0131nland\u0131. <\/p>\n","protected":false},"excerpt":{"rendered":"<p>&#8230;Yanl\u0131\u015f\u0131 d\u00fczeltme imk\u00e2n\u0131m yoktu. \u00d6yleyse, do\u011frunun ortaya konmas\u0131 laz\u0131md\u0131. Bunu kim yapacakt\u0131? \u201cMadem G\u00fclnar\u2019\u0131n \u00e7ocu\u011fusun, \u00fcstelik Tarih \u00d6\u011fretmenisin, sen niye yapm\u0131yorsun?\u201d dedim kendi kendime. Yeniden, daha<span class=\"excerpt-hellip\"> [\u2026]<\/span><\/p>\n","protected":false},"featured_media":0,"template":"","meta":{"_monsterinsights_skip_tracking":false,"_monsterinsights_sitenote_active":false,"_monsterinsights_sitenote_note":"","_monsterinsights_sitenote_category":0},"product_brand":[],"product_cat":[12291,12745],"product_tag":[],"class_list":{"0":"post-766241","1":"product","2":"type-product","3":"status-publish","5":"product_cat-edebiyat","6":"product_cat-tarihi-roman","7":"pa_cilt-ciltsiz","8":"pa_tur-kitap","9":"pa_yayinevi-gulnar-yayinlari","10":"pa_yazar-ahmet-sari","12":"first","13":"instock","14":"sale","15":"shipping-taxable","16":"purchasable","17":"product-type-simple"},"_links":{"self":[{"href":"https:\/\/roveyayinevi.com.tr\/index.php\/wp-json\/wp\/v2\/product\/766241","targetHints":{"allow":["GET"]}}],"collection":[{"href":"https:\/\/roveyayinevi.com.tr\/index.php\/wp-json\/wp\/v2\/product"}],"about":[{"href":"https:\/\/roveyayinevi.com.tr\/index.php\/wp-json\/wp\/v2\/types\/product"}],"wp:attachment":[{"href":"https:\/\/roveyayinevi.com.tr\/index.php\/wp-json\/wp\/v2\/media?parent=766241"}],"wp:term":[{"taxonomy":"product_brand","embeddable":true,"href":"https:\/\/roveyayinevi.com.tr\/index.php\/wp-json\/wp\/v2\/product_brand?post=766241"},{"taxonomy":"product_cat","embeddable":true,"href":"https:\/\/roveyayinevi.com.tr\/index.php\/wp-json\/wp\/v2\/product_cat?post=766241"},{"taxonomy":"product_tag","embeddable":true,"href":"https:\/\/roveyayinevi.com.tr\/index.php\/wp-json\/wp\/v2\/product_tag?post=766241"}],"curies":[{"name":"wp","href":"https:\/\/api.w.org\/{rel}","templated":true}]}}