{"id":766239,"date":"2025-08-28T12:07:06","date_gmt":"2025-08-28T09:07:06","guid":{"rendered":"https:\/\/roveyayinevi.com.tr\/index.php\/urun\/karsta-ask-soguktur\/"},"modified":"2026-04-15T03:32:08","modified_gmt":"2026-04-15T00:32:08","slug":"karsta-ask-soguktur","status":"publish","type":"product","link":"https:\/\/roveyayinevi.com.tr\/index.php\/urun\/karsta-ask-soguktur\/","title":{"rendered":"Kars&#8217;ta A\u015fk So\u011fuktur"},"content":{"rendered":"<p>&#8220;Umut Manay\u2019\u0131n&#8221; &#8220;Kars\u2019ta A\u015fk So\u011fuktur&#8221; roman\u0131, so\u011fuk iklimin, k\u00fclt\u00fcrel dokular\u0131n ve zengin duygusal katmanlar\u0131n i\u00e7 i\u00e7e ge\u00e7ti\u011fi bir hik\u00e2ye sunar. Kars\u2019\u0131n sert havas\u0131n\u0131, karla kapl\u0131 sokaklar\u0131n\u0131 ve izole ya\u015fam\u0131n\u0131 fon alan roman, insan\u0131n i\u00e7 d\u00fcnyas\u0131ndaki s\u0131cakl\u0131k ile d\u0131\u015f d\u00fcnyan\u0131n so\u011fuklu\u011fu aras\u0131ndaki z\u0131tl\u0131\u011f\u0131 ustal\u0131kla i\u015fler. Roman, Kars\u2019\u0131n tarihi ve mistik atmosferinde, bir a\u015fk\u0131n hem b\u00fcy\u00fcl\u00fc hem de k\u0131r\u0131lgan do\u011fas\u0131n\u0131 sorgular. Karakterler, a\u015fk\u0131n her haliyle y\u00fczle\u015fir: arzu, kaybetme korkusu, fedak\u00e2rl\u0131k ve hayal k\u0131r\u0131kl\u0131\u011f\u0131. Yazar, Kars\u2019\u0131n yaln\u0131zl\u0131\u011f\u0131 ve h\u00fczn\u00fcn\u00fc, a\u015fkla harmanlayarak okuyucuyu derin bir duygu yolculu\u011funa \u00e7\u0131kar\u0131r. Umut Manay, her bir karakteri derinlemesine i\u015flerken, a\u015fk\u0131n so\u011fuk iklimlerde bile nas\u0131l filizlendi\u011fini, bazen de buz kesti\u011fini g\u00f6sterir.<\/p>\n","protected":false},"excerpt":{"rendered":"<p>&#8220;Umut Manay\u2019\u0131n&#8221; &#8220;Kars\u2019ta A\u015fk So\u011fuktur&#8221; roman\u0131, so\u011fuk iklimin, k\u00fclt\u00fcrel dokular\u0131n ve zengin duygusal katmanlar\u0131n i\u00e7 i\u00e7e ge\u00e7ti\u011fi bir hik\u00e2ye sunar. Kars\u2019\u0131n sert havas\u0131n\u0131, karla kapl\u0131 sokaklar\u0131n\u0131<span class=\"excerpt-hellip\"> [\u2026]<\/span><\/p>\n","protected":false},"featured_media":0,"template":"","meta":{"_monsterinsights_skip_tracking":false,"_monsterinsights_sitenote_active":false,"_monsterinsights_sitenote_note":"","_monsterinsights_sitenote_category":0},"product_brand":[],"product_cat":[12291,12711],"product_tag":[],"class_list":{"0":"post-766239","1":"product","2":"type-product","3":"status-publish","5":"product_cat-edebiyat","6":"product_cat-roman-oyku","7":"pa_cilt-ciltsiz","8":"pa_tur-kitap","9":"pa_yayinevi-kuytu-yayinlari","10":"pa_yazar-umut-manay","12":"first","13":"instock","14":"sale","15":"shipping-taxable","16":"purchasable","17":"product-type-simple"},"_links":{"self":[{"href":"https:\/\/roveyayinevi.com.tr\/index.php\/wp-json\/wp\/v2\/product\/766239","targetHints":{"allow":["GET"]}}],"collection":[{"href":"https:\/\/roveyayinevi.com.tr\/index.php\/wp-json\/wp\/v2\/product"}],"about":[{"href":"https:\/\/roveyayinevi.com.tr\/index.php\/wp-json\/wp\/v2\/types\/product"}],"wp:attachment":[{"href":"https:\/\/roveyayinevi.com.tr\/index.php\/wp-json\/wp\/v2\/media?parent=766239"}],"wp:term":[{"taxonomy":"product_brand","embeddable":true,"href":"https:\/\/roveyayinevi.com.tr\/index.php\/wp-json\/wp\/v2\/product_brand?post=766239"},{"taxonomy":"product_cat","embeddable":true,"href":"https:\/\/roveyayinevi.com.tr\/index.php\/wp-json\/wp\/v2\/product_cat?post=766239"},{"taxonomy":"product_tag","embeddable":true,"href":"https:\/\/roveyayinevi.com.tr\/index.php\/wp-json\/wp\/v2\/product_tag?post=766239"}],"curies":[{"name":"wp","href":"https:\/\/api.w.org\/{rel}","templated":true}]}}